{"id":63,"date":"2017-11-25T23:27:50","date_gmt":"2017-11-25T23:27:50","guid":{"rendered":"http:\/\/web.feuerwehr-heubach.de\/?page_id=63"},"modified":"2020-12-15T18:16:13","modified_gmt":"2020-12-15T17:16:13","slug":"freundeskreis","status":"publish","type":"page","link":"https:\/\/www.ffw-heubach.de\/?page_id=63","title":{"rendered":"Freundeskreis"},"content":{"rendered":"<p>Der Freundeskreis k\u00fcmmert sich um den Erhalt und die Pflege der Drehleiter vom Typ:<\/p>\n<p><strong>DL 18 Baujahr 1962<br \/>\nFahrgestell: Opel Blitz<br \/>\nAufbau: Magirus.<\/strong><\/p>\n<p>Es werden mit diesem Fahrzeug Oldtimertreffen besucht und an Ausfahrten teilgenommen.<br \/>\nDes weiteren richtet der Freundeskreis allj\u00e4hrlich mit den Kameraden der Feuerwehr den Maibaum und veranstaltet das Maibaumfest auf dem Schlossplatz.<\/p>\n<p>Der Freundeskreis unterst\u00fctzt finanziell und ideell die Kameradschaft und Ausr\u00fcstung der Freiwilligen Feuerwehr Heubach. So wurden z.B. schon einige Ger\u00e4te wie Technische Hilfeleistungssatz und zus\u00e4tzliche Notstromversorgung \u00fcber diesen Verein finanziert. Auch gibt es eine zus\u00e4tzliche Spende f\u00fcr die Kameradschaftspflege. Der Verein besteht aus einem Querschnitt durch die Bev\u00f6lkerung der Stadt Heubach und freut sich \u00fcber jedes neue Mitglied. Hierdurch kann man die aktive Feuerwehr unterst\u00fctzen ohne selbst aktiven Dienst zu leisten.<\/p>\n<p><strong>Der Mitgliedsbeitrag betr\u00e4gt 10 EUR pro Jahr<\/strong><\/p>\n<p><strong>Zu weiteren Fragen oder Informationen \u00fcber den Freundeskreis:<\/strong><\/p>\n<p>1. Vorsitzender<br \/>\nR\u00fcdiger M\u00e4ding, B\u00f6binger Str. 17 , 73540 Heubach<br \/>\nE-Mail:\u00a0\u00a0<a class=\"cm_anchor\" href=\"https:\/\/www.ffw-heubach.de\/cgi-bin\/formmanager.php.cgi?action=ext_preview&amp;fid=3\" target=\"_blank\" rel=\"noopener noreferrer\">Freundeskreis@Feuerwehr-Heubach.de<\/a><\/p>\n<p><img loading=\"lazy\" decoding=\"async\" class=\"alignnone size-medium wp-image-1306\" src=\"http:\/\/web.feuerwehr-heubach.de\/wp-content\/uploads\/2017\/12\/opel-blitz-300x198.jpg\" alt=\"\" width=\"300\" height=\"198\" srcset=\"https:\/\/www.ffw-heubach.de\/wp-content\/uploads\/2017\/12\/opel-blitz-300x198.jpg 300w, https:\/\/www.ffw-heubach.de\/wp-content\/uploads\/2017\/12\/opel-blitz.jpg 400w\" sizes=\"auto, (max-width: 300px) 100vw, 300px\" \/> <img loading=\"lazy\" decoding=\"async\" class=\"alignnone size-medium wp-image-1307\" src=\"http:\/\/web.feuerwehr-heubach.de\/wp-content\/uploads\/2017\/12\/Opel-Blitz2-300x207.jpg\" alt=\"\" width=\"300\" height=\"207\" srcset=\"https:\/\/www.ffw-heubach.de\/wp-content\/uploads\/2017\/12\/Opel-Blitz2-300x207.jpg 300w, https:\/\/www.ffw-heubach.de\/wp-content\/uploads\/2017\/12\/Opel-Blitz2-130x90.jpg 130w, https:\/\/www.ffw-heubach.de\/wp-content\/uploads\/2017\/12\/Opel-Blitz2.jpg 350w\" sizes=\"auto, (max-width: 300px) 100vw, 300px\" \/><\/p>\n","protected":false},"excerpt":{"rendered":"<p>Der Freundeskreis k\u00fcmmert sich um den Erhalt und die Pflege der Drehleiter vom Typ: DL 18 Baujahr 1962 Fahrgestell: Opel Blitz Aufbau: Magirus. Es werden mit diesem Fahrzeug Oldtimertreffen besucht und an Ausfahrten teilgenommen. Des weiteren richtet der Freundeskreis allj\u00e4hrlich mit den Kameraden der Feuerwehr den Maibaum und veranstaltet das Maibaumfest auf dem Schlossplatz. Der [&hellip;]<\/p>\n","protected":false},"author":1,"featured_media":0,"parent":0,"menu_order":0,"comment_status":"closed","ping_status":"closed","template":"","meta":{"jetpack_post_was_ever_published":false,"footnotes":""},"class_list":["post-63","page","type-page","status-publish","hentry"],"jetpack_sharing_enabled":true,"jetpack_shortlink":"https:\/\/wp.me\/P9MGZH-11","_links":{"self":[{"href":"https:\/\/www.ffw-heubach.de\/index.php?rest_route=\/wp\/v2\/pages\/63","targetHints":{"allow":["GET"]}}],"collection":[{"href":"https:\/\/www.ffw-heubach.de\/index.php?rest_route=\/wp\/v2\/pages"}],"about":[{"href":"https:\/\/www.ffw-heubach.de\/index.php?rest_route=\/wp\/v2\/types\/page"}],"author":[{"embeddable":true,"href":"https:\/\/www.ffw-heubach.de\/index.php?rest_route=\/wp\/v2\/users\/1"}],"replies":[{"embeddable":true,"href":"https:\/\/www.ffw-heubach.de\/index.php?rest_route=%2Fwp%2Fv2%2Fcomments&post=63"}],"version-history":[{"count":5,"href":"https:\/\/www.ffw-heubach.de\/index.php?rest_route=\/wp\/v2\/pages\/63\/revisions"}],"predecessor-version":[{"id":4246,"href":"https:\/\/www.ffw-heubach.de\/index.php?rest_route=\/wp\/v2\/pages\/63\/revisions\/4246"}],"wp:attachment":[{"href":"https:\/\/www.ffw-heubach.de\/index.php?rest_route=%2Fwp%2Fv2%2Fmedia&parent=63"}],"curies":[{"name":"wp","href":"https:\/\/api.w.org\/{rel}","templated":true}]}}