{"id":61,"date":"2017-11-25T23:27:12","date_gmt":"2017-11-25T23:27:12","guid":{"rendered":"http:\/\/web.feuerwehr-heubach.de\/?page_id=61"},"modified":"2017-12-08T19:34:37","modified_gmt":"2017-12-08T19:34:37","slug":"altersabteilung","status":"publish","type":"page","link":"https:\/\/www.ffw-heubach.de\/?page_id=61","title":{"rendered":"Altersabteilung"},"content":{"rendered":"<h5>Die Altersabteilung ist eine vollwertige Abteilung der Feuerwehr.<\/h5>\n<p>Sie bietet den \u00e4lteren Feuerwehrkameraden, die das Dienstende ihrer aktiven Zeit mit 65 Jahren erreicht haben, die M\u00f6glichkeit, weiterhin mit Feuerwehr und Stadt verbunden zu sein.<br \/>\nIhr\u00a0 &#8222;Dienstplan&#8220; umfasst: Ausfl\u00fcge, Wanderungen, geselliges Beisammensein,\u00a0<em>&#8222;Gl\u00e4ser- und Leerfahrten \ud83d\ude42 &#8222;<\/em>\u00a0(z.B. in Weinberggegenden.)<\/p>\n<p>Bei gr\u00f6\u00dferen Schadenslagen \/ Katastrophen kann die aktive Wehr auf die Erfahrung und Personalst\u00e4rke zur\u00fcckgreifen. Ebenso zeigen die \u00e4lteren Mitglieder ihre Mithilfe beim Tag der offenen T\u00fcr.<\/p>\n<p><img loading=\"lazy\" decoding=\"async\" class=\"alignnone wp-image-1222\" src=\"http:\/\/web.feuerwehr-heubach.de\/wp-content\/uploads\/2017\/11\/DSC_0047-300x200.jpg\" alt=\"\" width=\"1061\" height=\"707\" srcset=\"https:\/\/www.ffw-heubach.de\/wp-content\/uploads\/2017\/11\/DSC_0047-300x200.jpg 300w, https:\/\/www.ffw-heubach.de\/wp-content\/uploads\/2017\/11\/DSC_0047-768x512.jpg 768w, https:\/\/www.ffw-heubach.de\/wp-content\/uploads\/2017\/11\/DSC_0047-1024x683.jpg 1024w\" sizes=\"auto, (max-width: 1061px) 100vw, 1061px\" \/><\/p>\n<p>&nbsp;<\/p>\n","protected":false},"excerpt":{"rendered":"<p>Die Altersabteilung ist eine vollwertige Abteilung der Feuerwehr. Sie bietet den \u00e4lteren Feuerwehrkameraden, die das Dienstende ihrer aktiven Zeit mit 65 Jahren erreicht haben, die M\u00f6glichkeit, weiterhin mit Feuerwehr und Stadt verbunden zu sein. Ihr\u00a0 &#8222;Dienstplan&#8220; umfasst: Ausfl\u00fcge, Wanderungen, geselliges Beisammensein,\u00a0&#8222;Gl\u00e4ser- und Leerfahrten \ud83d\ude42 &#8222;\u00a0(z.B. in Weinberggegenden.) Bei gr\u00f6\u00dferen Schadenslagen \/ Katastrophen kann die aktive [&hellip;]<\/p>\n","protected":false},"author":1,"featured_media":0,"parent":0,"menu_order":0,"comment_status":"closed","ping_status":"closed","template":"","meta":{"jetpack_post_was_ever_published":false,"footnotes":""},"class_list":["post-61","page","type-page","status-publish","hentry"],"jetpack_sharing_enabled":true,"jetpack_shortlink":"https:\/\/wp.me\/P9MGZH-Z","_links":{"self":[{"href":"https:\/\/www.ffw-heubach.de\/index.php?rest_route=\/wp\/v2\/pages\/61","targetHints":{"allow":["GET"]}}],"collection":[{"href":"https:\/\/www.ffw-heubach.de\/index.php?rest_route=\/wp\/v2\/pages"}],"about":[{"href":"https:\/\/www.ffw-heubach.de\/index.php?rest_route=\/wp\/v2\/types\/page"}],"author":[{"embeddable":true,"href":"https:\/\/www.ffw-heubach.de\/index.php?rest_route=\/wp\/v2\/users\/1"}],"replies":[{"embeddable":true,"href":"https:\/\/www.ffw-heubach.de\/index.php?rest_route=%2Fwp%2Fv2%2Fcomments&post=61"}],"version-history":[{"count":5,"href":"https:\/\/www.ffw-heubach.de\/index.php?rest_route=\/wp\/v2\/pages\/61\/revisions"}],"predecessor-version":[{"id":1310,"href":"https:\/\/www.ffw-heubach.de\/index.php?rest_route=\/wp\/v2\/pages\/61\/revisions\/1310"}],"wp:attachment":[{"href":"https:\/\/www.ffw-heubach.de\/index.php?rest_route=%2Fwp%2Fv2%2Fmedia&parent=61"}],"curies":[{"name":"wp","href":"https:\/\/api.w.org\/{rel}","templated":true}]}}