{"id":5874,"date":"2022-05-23T23:12:08","date_gmt":"2022-05-23T21:12:08","guid":{"rendered":"https:\/\/www.ffw-heubach.de\/?page_id=5874"},"modified":"2022-05-23T23:12:09","modified_gmt":"2022-05-23T21:12:09","slug":"warnapp-nina","status":"publish","type":"page","link":"https:\/\/www.ffw-heubach.de\/?page_id=5874","title":{"rendered":"WarnApp NINA"},"content":{"rendered":"\n<p>Mit der&nbsp;<strong>N<\/strong>otfall-<strong>I<\/strong>nformations- und&nbsp;<strong>N<\/strong>achrichten-<strong>A<\/strong>pp des Bundes, kurz&nbsp;<em>Warn-App NINA<\/em>, k\u00f6nnen Sie wichtige Warnmeldungen des Bev\u00f6lkerungsschutzes f\u00fcr unterschiedliche Gefahrenlagen wie z. B. Gefahrstoffausbreitung oder einem Gro\u00dfbrand erhalten. Wetterwarnungen des Deutschen Wetterdienstes und Hochwasserinformationen der zust\u00e4ndigen Stellen der Bundesl\u00e4nder sind ebenfalls in die Warn-App integriert.<\/p>\n\n\n\n<p>Neben der Warnfunktion bietet die Warn-App NINA auch grundlegende Informationen und Notfalltipps zu Themen des Bev\u00f6lkerungsschutzes an.<\/p>\n\n\n\n<figure class=\"wp-block-image size-full is-resized\"><img loading=\"lazy\" decoding=\"async\" src=\"https:\/\/www.ffw-heubach.de\/wp-content\/uploads\/2022\/05\/nina-logo-500px.jpeg\" alt=\"\" class=\"wp-image-5876\" width=\"250\" height=\"168\"\/><\/figure>\n\n\n\n<p><strong>NINA warnt:<\/strong><\/p>\n\n\n\n<ul class=\"wp-block-list\"><li>f\u00fcr Orte die Sie interessieren<\/li><li>f\u00fcr Ihren aktuellen Standort<\/li><li>rund-um-die-Uhr<\/li><li>mit einem Warnton, den Sie einstellen<\/li><li>vor Gefahren wie Gro\u00dfbr\u00e4nden, Unwettern und Hochwasser und<\/li><li>gibt Ihnen wichtige Hinweise zum richtigen Verhalten in Gefahrensituationen<\/li><\/ul>\n\n\n\n<p>Damit die Warn-App NINA Sie warnt und richtig funktioniert, m\u00fcssen Sie die App nach der Installation einmal starten und nach Ihren W\u00fcnschen einstellen.<\/p>\n\n\n\n<figure class=\"wp-block-image size-full\"><img loading=\"lazy\" decoding=\"async\" width=\"489\" height=\"414\" src=\"https:\/\/www.ffw-heubach.de\/wp-content\/uploads\/2022\/05\/c_erklrung-1-489x414-1.jpeg\" alt=\"\" class=\"wp-image-5875\"\/><\/figure>\n\n\n\n<p><strong>Was bietet NINA?<\/strong><br>Die Ansicht \u201eMeine Orte\u201c ist die Startseite von NINA. Dort werden die Warnungen des Bev\u00f6lkerungsschutzes, Wetterwarnungen und Hochwasserinformationen f\u00fcr die von Ihnen favorisierten Orte sowie auf Wunsch auch Ihren aktuellen Standort angezeigt. \u00dcber das Teilen-Symbol in der Titelleiste einer Warnmeldung haben Sie zudem die M\u00f6glichkeit, eine Warnung \u00fcber die auf Ihrem Ger\u00e4t installierten Apps zu teilen (z. B. per E-Mail oder \u00fcber Social Media wie Facebook und Twitter).<\/p>\n\n\n\n<p><strong>Push-Funktion f\u00fcr Warnungen<\/strong><br>Alle Warnungen k\u00f6nnen Sie auf Wunsch als Push-Benachrichtigung erhalten. Nach Bekanntgabe der Warnmeldungen werden Sie dann mit einer Benachrichtigung und dem von Ihnen gew\u00e4hlten Warnton auf Ihrem Smartphone informiert.<\/p>\n\n\n\n<p><strong>Standort-Funktion von NINA<\/strong><br>Push-Benachrichtigungen k\u00f6nnen Sie auch f\u00fcr Ihren aktuellen Standort einstellen. Die App pr\u00fcft dann bei jeder neuen Warnung auf Ihrem Ger\u00e4t, ob Sie sich in dem Landkreis oder der Stadt aufhalten, f\u00fcr die die Warnung gilt. Nur wenn dies der Fall ist, wird die Push-Benachrichtigung auch angezeigt. Ganz wichtig f\u00fcr Sie: Ihre Standortdaten werden dabei zu keinem Zeitpunkt an das BBK oder seine Partner \u00fcbermittelt. Die Standort\u00fcberpr\u00fcfung erfolgt nur auf Ihrem Ger\u00e4t.<\/p>\n\n\n\n<p><strong>Kartenansicht<\/strong><br>Das gemeldete Warngebiet wird in der Kartenansicht dargestellt. In jeder Warnmeldung kann \u00fcber das Kartensymbol auf die Kartenansicht gesprungen werden. Wenn die Kartenansicht \u00fcber das Hauptmen\u00fc angew\u00e4hlt wird, ist standardm\u00e4\u00dfig ganz Deutschland zu sehen. In der Karte kann \u00fcber das Symbol unten rechts die anzuzeigende Warnkategorie (Bev\u00f6lkerungsschutz, Wetter, Hochwasser) ausgew\u00e4hlt werden.<\/p>\n\n\n\n<p><strong>Notfalltipps<\/strong><br>Hier finden Sie Verhaltenshinweise und Empfehlungen wie Sie sich auf bestimmte Gefahren oder Ereignisse (z. B. Brand, Unwetter oder Hochwasser) vorbereiten und sich und andere in einer Gefahrensituation sch\u00fctzen k\u00f6nnen.<\/p>\n","protected":false},"excerpt":{"rendered":"<p>Mit der&nbsp;Notfall-Informations- und&nbsp;Nachrichten-App des Bundes, kurz&nbsp;Warn-App NINA, k\u00f6nnen Sie wichtige Warnmeldungen des Bev\u00f6lkerungsschutzes f\u00fcr unterschiedliche Gefahrenlagen wie z. B. Gefahrstoffausbreitung oder einem Gro\u00dfbrand erhalten. Wetterwarnungen des Deutschen Wetterdienstes und Hochwasserinformationen der zust\u00e4ndigen Stellen der Bundesl\u00e4nder sind ebenfalls in die Warn-App integriert. Neben der Warnfunktion bietet die Warn-App NINA auch grundlegende Informationen und Notfalltipps zu Themen [&hellip;]<\/p>\n","protected":false},"author":3,"featured_media":0,"parent":0,"menu_order":0,"comment_status":"closed","ping_status":"closed","template":"","meta":{"jetpack_post_was_ever_published":false,"footnotes":""},"class_list":["post-5874","page","type-page","status-publish","hentry"],"jetpack_sharing_enabled":true,"jetpack_shortlink":"https:\/\/wp.me\/P9MGZH-1wK","_links":{"self":[{"href":"https:\/\/www.ffw-heubach.de\/index.php?rest_route=\/wp\/v2\/pages\/5874","targetHints":{"allow":["GET"]}}],"collection":[{"href":"https:\/\/www.ffw-heubach.de\/index.php?rest_route=\/wp\/v2\/pages"}],"about":[{"href":"https:\/\/www.ffw-heubach.de\/index.php?rest_route=\/wp\/v2\/types\/page"}],"author":[{"embeddable":true,"href":"https:\/\/www.ffw-heubach.de\/index.php?rest_route=\/wp\/v2\/users\/3"}],"replies":[{"embeddable":true,"href":"https:\/\/www.ffw-heubach.de\/index.php?rest_route=%2Fwp%2Fv2%2Fcomments&post=5874"}],"version-history":[{"count":1,"href":"https:\/\/www.ffw-heubach.de\/index.php?rest_route=\/wp\/v2\/pages\/5874\/revisions"}],"predecessor-version":[{"id":5877,"href":"https:\/\/www.ffw-heubach.de\/index.php?rest_route=\/wp\/v2\/pages\/5874\/revisions\/5877"}],"wp:attachment":[{"href":"https:\/\/www.ffw-heubach.de\/index.php?rest_route=%2Fwp%2Fv2%2Fmedia&parent=5874"}],"curies":[{"name":"wp","href":"https:\/\/api.w.org\/{rel}","templated":true}]}}