{"id":5646,"date":"2022-03-29T10:35:18","date_gmt":"2022-03-29T08:35:18","guid":{"rendered":"https:\/\/www.ffw-heubach.de\/?page_id=5646"},"modified":"2022-04-11T18:33:55","modified_gmt":"2022-04-11T16:33:55","slug":"5646-2","status":"publish","type":"page","link":"https:\/\/www.ffw-heubach.de\/?page_id=5646","title":{"rendered":"Fuhrpark"},"content":{"rendered":"\n<div class=\"wp-block-columns is-layout-flex wp-container-core-columns-is-layout-9d6595d7 wp-block-columns-is-layout-flex\">\n<div class=\"wp-block-column is-layout-flow wp-block-column-is-layout-flow\">\n<div class=\"wp-block-cover is-light\"><span aria-hidden=\"true\" class=\"wp-block-cover__gradient-background has-background-dim\"><\/span><img loading=\"lazy\" decoding=\"async\" width=\"2724\" height=\"1816\" class=\"wp-block-cover__image-background wp-image-1946\" alt=\"\" src=\"https:\/\/www.ffw-heubach.de\/wp-content\/uploads\/2017\/11\/KDOW_feuerwehrheubach.jpg\" data-object-fit=\"cover\" srcset=\"https:\/\/www.ffw-heubach.de\/wp-content\/uploads\/2017\/11\/KDOW_feuerwehrheubach.jpg 2724w, https:\/\/www.ffw-heubach.de\/wp-content\/uploads\/2017\/11\/KDOW_feuerwehrheubach-300x200.jpg 300w, https:\/\/www.ffw-heubach.de\/wp-content\/uploads\/2017\/11\/KDOW_feuerwehrheubach-768x512.jpg 768w, https:\/\/www.ffw-heubach.de\/wp-content\/uploads\/2017\/11\/KDOW_feuerwehrheubach-1024x683.jpg 1024w\" sizes=\"auto, (max-width: 2724px) 100vw, 2724px\" \/><div class=\"wp-block-cover__inner-container is-layout-flow wp-block-cover-is-layout-flow\">\n<h2 class=\"alignwide has-white-color has-text-color wp-block-heading\" style=\"font-size:64px\">KDOW<\/h2>\n\n\n\n<p class=\"has-white-color has-text-color\" style=\"font-size:12px;line-height:1.3\"><em>Der Kommandowagen dient als F\u00fchrungsfahrzeug f\u00fcr kleinere Eins\u00e4tze, als Transportfahrzeug f\u00fcr F\u00fchrungskr\u00e4fte und als Dienstfahrzeug f\u00fcr den Gesamtkommandanten und die Abteilungskommandanten.<\/em><\/p>\n\n\n\n<div class=\"wp-block-buttons is-layout-flex wp-block-buttons-is-layout-flex\">\n<div class=\"wp-block-button has-custom-width wp-block-button__width-50 has-custom-font-size is-style-fill has-small-font-size\"><a class=\"wp-block-button__link has-vivid-red-background-color has-background\" href=\"https:\/\/www.ffw-heubach.de\/?p=1195\">mehr erfahren<\/a><\/div>\n<\/div>\n<\/div><\/div>\n<\/div>\n\n\n\n<div class=\"wp-block-column is-layout-flow wp-block-column-is-layout-flow\">\n<div class=\"wp-block-cover\"><span aria-hidden=\"true\" class=\"wp-block-cover__gradient-background has-background-dim\"><\/span><img loading=\"lazy\" decoding=\"async\" width=\"2000\" height=\"1333\" class=\"wp-block-cover__image-background wp-image-5762\" alt=\"\" src=\"https:\/\/www.ffw-heubach.de\/wp-content\/uploads\/2017\/11\/ELW1.jpg\" data-object-fit=\"cover\" srcset=\"https:\/\/www.ffw-heubach.de\/wp-content\/uploads\/2017\/11\/ELW1.jpg 2000w, https:\/\/www.ffw-heubach.de\/wp-content\/uploads\/2017\/11\/ELW1-1620x1080.jpg 1620w, https:\/\/www.ffw-heubach.de\/wp-content\/uploads\/2017\/11\/ELW1-768x512.jpg 768w, https:\/\/www.ffw-heubach.de\/wp-content\/uploads\/2017\/11\/ELW1-1536x1024.jpg 1536w\" sizes=\"auto, (max-width: 2000px) 100vw, 2000px\" \/><div class=\"wp-block-cover__inner-container is-layout-flow wp-block-cover-is-layout-flow\">\n<h2 class=\"alignwide has-white-color has-text-color wp-block-heading\" style=\"font-size:64px\">ELW<\/h2>\n\n\n\n<p class=\"has-white-color has-text-color\" style=\"font-size:12px;line-height:1.3\"><em>Der Einsatzleitwagen 1 dient der Feuerwehr als F\u00fchrungsfahrzeug. Das Fahrzeug r\u00fcckt in der Regel als erstes aus und ist immer mit einem Zugf\u00fchrer besetzt.<\/em>.<\/p>\n\n\n\n<div class=\"wp-block-buttons is-layout-flex wp-block-buttons-is-layout-flex\">\n<div class=\"wp-block-button has-custom-width wp-block-button__width-50 has-custom-font-size is-style-fill has-small-font-size\"><a class=\"wp-block-button__link has-vivid-red-background-color has-background\" href=\"https:\/\/www.ffw-heubach.de\/?p=1200\">mehr erfahren<\/a><\/div>\n<\/div>\n<\/div><\/div>\n<\/div>\n<\/div>\n\n\n\n<div class=\"wp-block-columns is-layout-flex wp-container-core-columns-is-layout-9d6595d7 wp-block-columns-is-layout-flex\">\n<div class=\"wp-block-column is-layout-flow wp-block-column-is-layout-flow\">\n<div class=\"wp-block-cover\"><span aria-hidden=\"true\" class=\"wp-block-cover__gradient-background has-background-dim\"><\/span><img loading=\"lazy\" decoding=\"async\" width=\"2000\" height=\"1333\" class=\"wp-block-cover__image-background wp-image-5760\" alt=\"\" src=\"https:\/\/www.ffw-heubach.de\/wp-content\/uploads\/2019\/10\/HLF10-5.jpg\" data-object-fit=\"cover\" srcset=\"https:\/\/www.ffw-heubach.de\/wp-content\/uploads\/2019\/10\/HLF10-5.jpg 2000w, https:\/\/www.ffw-heubach.de\/wp-content\/uploads\/2019\/10\/HLF10-5-1620x1080.jpg 1620w, https:\/\/www.ffw-heubach.de\/wp-content\/uploads\/2019\/10\/HLF10-5-768x512.jpg 768w, https:\/\/www.ffw-heubach.de\/wp-content\/uploads\/2019\/10\/HLF10-5-1536x1024.jpg 1536w\" sizes=\"auto, (max-width: 2000px) 100vw, 2000px\" \/><div class=\"wp-block-cover__inner-container is-layout-flow wp-block-cover-is-layout-flow\">\n<h2 class=\"alignwide has-white-color has-text-color wp-block-heading\" style=\"font-size:64px\">HLF 10<\/h2>\n\n\n\n<p class=\"has-white-color has-text-color\" style=\"font-size:12px;line-height:1.3\"><em>Das Fahrzeug ist mit umfangreichen Material zur Brandbek\u00e4mpfung und mit Material zur erweiterten technischen Hilfeleistung ausgestattet. Es ist das Erstabmarschfahrzeug bei Eins\u00e4tzen rund um die Brandbek\u00e4mpfung<\/em>. <\/p>\n\n\n\n<div class=\"wp-block-buttons is-layout-flex wp-block-buttons-is-layout-flex\">\n<div class=\"wp-block-button has-custom-width wp-block-button__width-50 has-custom-font-size is-style-fill has-small-font-size\"><a class=\"wp-block-button__link has-vivid-red-background-color has-background\" href=\"https:\/\/www.ffw-heubach.de\/?p=3164\">mehr erfahren<\/a><\/div>\n<\/div>\n<\/div><\/div>\n<\/div>\n\n\n\n<div class=\"wp-block-column is-layout-flow wp-block-column-is-layout-flow\">\n<div class=\"wp-block-cover\"><span aria-hidden=\"true\" class=\"wp-block-cover__gradient-background has-background-dim\"><\/span><img loading=\"lazy\" decoding=\"async\" width=\"2000\" height=\"1333\" class=\"wp-block-cover__image-background wp-image-5770\" alt=\"\" src=\"https:\/\/www.ffw-heubach.de\/wp-content\/uploads\/2017\/11\/HLF20-5.jpg\" data-object-fit=\"cover\" srcset=\"https:\/\/www.ffw-heubach.de\/wp-content\/uploads\/2017\/11\/HLF20-5.jpg 2000w, https:\/\/www.ffw-heubach.de\/wp-content\/uploads\/2017\/11\/HLF20-5-1620x1080.jpg 1620w, https:\/\/www.ffw-heubach.de\/wp-content\/uploads\/2017\/11\/HLF20-5-768x512.jpg 768w, https:\/\/www.ffw-heubach.de\/wp-content\/uploads\/2017\/11\/HLF20-5-1536x1024.jpg 1536w\" sizes=\"auto, (max-width: 2000px) 100vw, 2000px\" \/><div class=\"wp-block-cover__inner-container is-layout-flow wp-block-cover-is-layout-flow\">\n<h2 class=\"alignwide has-white-color has-text-color wp-block-heading\" style=\"font-size:64px\">HLF 20<\/h2>\n\n\n\n<p class=\"has-white-color has-text-color\" style=\"font-size:12px;line-height:1.3\"><em>Das Fahrzeug ist mit Material zur Brandbek\u00e4mpfung und mit umfangreichen Material zur erweiterten technischen Hilfeleistung ausgestattet. Es ist das Erstabmarschfahrzeug bei Eins\u00e4tzen rund um die Technische Hilfeleistung<\/em>. <\/p>\n\n\n\n<div class=\"wp-block-buttons is-layout-flex wp-block-buttons-is-layout-flex\">\n<div class=\"wp-block-button has-custom-width wp-block-button__width-50 has-custom-font-size is-style-fill has-small-font-size\"><a class=\"wp-block-button__link has-vivid-red-background-color has-background\" href=\"https:\/\/www.ffw-heubach.de\/?p=1209\">mehr erfahren<\/a><\/div>\n<\/div>\n<\/div><\/div>\n<\/div>\n<\/div>\n\n\n\n<div class=\"wp-block-columns is-layout-flex wp-container-core-columns-is-layout-9d6595d7 wp-block-columns-is-layout-flex\">\n<div class=\"wp-block-column is-layout-flow wp-block-column-is-layout-flow\">\n<div class=\"wp-block-cover\"><span aria-hidden=\"true\" class=\"wp-block-cover__gradient-background has-background-dim\"><\/span><img loading=\"lazy\" decoding=\"async\" width=\"2000\" height=\"1333\" class=\"wp-block-cover__image-background wp-image-5783\" alt=\"\" src=\"https:\/\/www.ffw-heubach.de\/wp-content\/uploads\/2017\/11\/DLK-3.jpg\" data-object-fit=\"cover\" srcset=\"https:\/\/www.ffw-heubach.de\/wp-content\/uploads\/2017\/11\/DLK-3.jpg 2000w, https:\/\/www.ffw-heubach.de\/wp-content\/uploads\/2017\/11\/DLK-3-1620x1080.jpg 1620w, https:\/\/www.ffw-heubach.de\/wp-content\/uploads\/2017\/11\/DLK-3-768x512.jpg 768w, https:\/\/www.ffw-heubach.de\/wp-content\/uploads\/2017\/11\/DLK-3-1536x1024.jpg 1536w\" sizes=\"auto, (max-width: 2000px) 100vw, 2000px\" \/><div class=\"wp-block-cover__inner-container is-layout-flow wp-block-cover-is-layout-flow\">\n<h2 class=\"alignwide has-white-color has-text-color wp-block-heading\" style=\"font-size:64px\">DLK 23\/12<\/h2>\n\n\n\n<p class=\"has-white-color has-text-color\" style=\"font-size:12px;line-height:1.3\"><em>Drehleiterkorb mit einer genormten Rettungsh\u00f6he von 23 Metern bei 12 Meter Ausladung vom Fahrzeugmittelpunkt. Das Fahrzeug dient vorrangig zur Menschenrettung und Brandbek\u00e4mpfung<\/em>.<\/p>\n\n\n\n<div class=\"wp-block-buttons is-layout-flex wp-block-buttons-is-layout-flex\">\n<div class=\"wp-block-button has-custom-width wp-block-button__width-50 has-custom-font-size is-style-fill has-small-font-size\"><a class=\"wp-block-button__link has-vivid-red-background-color has-background\" href=\"https:\/\/www.ffw-heubach.de\/?p=1207\">mehr erfahren<\/a><\/div>\n<\/div>\n<\/div><\/div>\n<\/div>\n\n\n\n<div class=\"wp-block-column is-layout-flow wp-block-column-is-layout-flow\">\n<div class=\"wp-block-cover\"><span aria-hidden=\"true\" class=\"wp-block-cover__gradient-background has-background-dim\"><\/span><img loading=\"lazy\" decoding=\"async\" width=\"2000\" height=\"1333\" class=\"wp-block-cover__image-background wp-image-5777\" alt=\"\" src=\"https:\/\/www.ffw-heubach.de\/wp-content\/uploads\/2021\/11\/TLF-4000-4.jpg\" data-object-fit=\"cover\" srcset=\"https:\/\/www.ffw-heubach.de\/wp-content\/uploads\/2021\/11\/TLF-4000-4.jpg 2000w, https:\/\/www.ffw-heubach.de\/wp-content\/uploads\/2021\/11\/TLF-4000-4-1620x1080.jpg 1620w, https:\/\/www.ffw-heubach.de\/wp-content\/uploads\/2021\/11\/TLF-4000-4-768x512.jpg 768w, https:\/\/www.ffw-heubach.de\/wp-content\/uploads\/2021\/11\/TLF-4000-4-1536x1024.jpg 1536w\" sizes=\"auto, (max-width: 2000px) 100vw, 2000px\" \/><div class=\"wp-block-cover__inner-container is-layout-flow wp-block-cover-is-layout-flow\">\n<h2 class=\"alignwide has-white-color has-text-color wp-block-heading\" style=\"font-size:64px\">TLF 4000<\/h2>\n\n\n\n<p class=\"has-white-color has-text-color\" style=\"font-size:12px;line-height:1.3\"><em>Das Fahrzeug dient zur Brandbek\u00e4mpfung und r\u00fcckt nach dem HLF 10 und der DLK 23\/12 als drittes Fahrzeug im L\u00f6schzug mit aus. Im Verbund mit der Drehleiter wird das Fahrzeug auch zur \u00dcberlandhilfe eingesetzt<\/em>. Au\u00dferdem ist nur dieses Fahrzeug in der Lage, den Wasserwerfer am Korb der Drehleiter vollst\u00e4ndig mit Wasser zu versorgen.<\/p>\n\n\n\n<div class=\"wp-block-buttons is-layout-flex wp-block-buttons-is-layout-flex\">\n<div class=\"wp-block-button has-custom-width wp-block-button__width-50 has-custom-font-size is-style-fill has-small-font-size\"><a class=\"wp-block-button__link has-vivid-red-background-color has-background\" href=\"https:\/\/www.ffw-heubach.de\/?p=4995\">mehr erfahren<\/a><\/div>\n<\/div>\n<\/div><\/div>\n<\/div>\n<\/div>\n\n\n\n<div class=\"wp-block-columns is-layout-flex wp-container-core-columns-is-layout-9d6595d7 wp-block-columns-is-layout-flex\">\n<div class=\"wp-block-column is-layout-flow wp-block-column-is-layout-flow\">\n<div class=\"wp-block-cover is-light\"><span aria-hidden=\"true\" class=\"wp-block-cover__gradient-background has-background-dim\"><\/span><img loading=\"lazy\" decoding=\"async\" width=\"6162\" height=\"4108\" class=\"wp-block-cover__image-background wp-image-1368\" alt=\"\" src=\"https:\/\/www.ffw-heubach.de\/wp-content\/uploads\/2017\/11\/mtw.jpg\" data-object-fit=\"cover\" srcset=\"https:\/\/www.ffw-heubach.de\/wp-content\/uploads\/2017\/11\/mtw.jpg 6162w, https:\/\/www.ffw-heubach.de\/wp-content\/uploads\/2017\/11\/mtw-300x200.jpg 300w, https:\/\/www.ffw-heubach.de\/wp-content\/uploads\/2017\/11\/mtw-768x512.jpg 768w, https:\/\/www.ffw-heubach.de\/wp-content\/uploads\/2017\/11\/mtw-1024x683.jpg 1024w\" sizes=\"auto, (max-width: 6162px) 100vw, 6162px\" \/><div class=\"wp-block-cover__inner-container is-layout-flow wp-block-cover-is-layout-flow\">\n<h2 class=\"alignwide has-white-color has-text-color wp-block-heading\" style=\"font-size:64px\">MTW<\/h2>\n\n\n\n<p class=\"has-white-color has-text-color\" style=\"font-size:12px;line-height:1.3\"><em><em>Das Fahrzeug dient zu Ausbildungs-, Lager- und anderen Fahrten und wird von der Altersabteilung und Jugendfeuerwehr bei Ausfl\u00fcgen genutzt<\/em><\/em>. <\/p>\n\n\n\n<div class=\"wp-block-buttons is-layout-flex wp-block-buttons-is-layout-flex\">\n<div class=\"wp-block-button has-custom-width wp-block-button__width-50 has-custom-font-size is-style-fill has-small-font-size\"><a class=\"wp-block-button__link has-vivid-red-background-color has-background\" href=\"https:\/\/www.ffw-heubach.de\/?p=1198\">mehr erfahren<\/a><\/div>\n<\/div>\n<\/div><\/div>\n<\/div>\n\n\n\n<div class=\"wp-block-column is-layout-flow wp-block-column-is-layout-flow\">\n<div class=\"wp-block-cover is-light\"><span aria-hidden=\"true\" class=\"wp-block-cover__gradient-background has-background-dim\"><\/span><img loading=\"lazy\" decoding=\"async\" width=\"2000\" height=\"1333\" class=\"wp-block-cover__image-background wp-image-5297\" alt=\"\" src=\"https:\/\/www.ffw-heubach.de\/wp-content\/uploads\/2022\/02\/IMG_1748.jpg\" data-object-fit=\"cover\" srcset=\"https:\/\/www.ffw-heubach.de\/wp-content\/uploads\/2022\/02\/IMG_1748.jpg 2000w, https:\/\/www.ffw-heubach.de\/wp-content\/uploads\/2022\/02\/IMG_1748-1620x1080.jpg 1620w, https:\/\/www.ffw-heubach.de\/wp-content\/uploads\/2022\/02\/IMG_1748-768x512.jpg 768w, https:\/\/www.ffw-heubach.de\/wp-content\/uploads\/2022\/02\/IMG_1748-1536x1024.jpg 1536w\" sizes=\"auto, (max-width: 2000px) 100vw, 2000px\" \/><div class=\"wp-block-cover__inner-container is-layout-flow wp-block-cover-is-layout-flow\">\n<h2 class=\"alignwide has-white-color has-text-color wp-block-heading\" style=\"font-size:64px\">LF 8<\/h2>\n\n\n\n<p class=\"has-white-color has-text-color\" style=\"font-size:12px;line-height:1.3\"><em>Das Fahrzeug ist ausgelegt f\u00fcr L\u00f6schangriffe in Au\u00dfengeh\u00f6ften und schlechten Zufahrtswegen. Neben der Normbeladung f\u00fcr einen LF 8 k\u00f6nnen auch 1200m B-Schlauch w\u00e4hren des Fahrens ausgelegt werden.<\/em><\/p>\n\n\n\n<div class=\"wp-block-buttons is-layout-flex wp-block-buttons-is-layout-flex\">\n<div class=\"wp-block-button has-custom-width wp-block-button__width-50 has-custom-font-size is-style-fill has-small-font-size\"><a class=\"wp-block-button__link has-vivid-red-background-color has-background\" href=\"https:\/\/www.ffw-heubach.de\/?p=1211\">mehr erfahren<\/a><\/div>\n<\/div>\n<\/div><\/div>\n<\/div>\n<\/div>\n\n\n\n<div class=\"wp-block-columns is-layout-flex wp-container-core-columns-is-layout-9d6595d7 wp-block-columns-is-layout-flex\">\n<div class=\"wp-block-column is-layout-flow wp-block-column-is-layout-flow\">\n<div class=\"wp-block-cover is-light\"><span aria-hidden=\"true\" class=\"wp-block-cover__gradient-background has-background-dim\"><\/span><img loading=\"lazy\" decoding=\"async\" width=\"6000\" height=\"4000\" class=\"wp-block-cover__image-background wp-image-1370\" alt=\"\" src=\"https:\/\/www.ffw-heubach.de\/wp-content\/uploads\/2017\/11\/lf86.jpg\" data-object-fit=\"cover\" srcset=\"https:\/\/www.ffw-heubach.de\/wp-content\/uploads\/2017\/11\/lf86.jpg 6000w, https:\/\/www.ffw-heubach.de\/wp-content\/uploads\/2017\/11\/lf86-300x200.jpg 300w, https:\/\/www.ffw-heubach.de\/wp-content\/uploads\/2017\/11\/lf86-768x512.jpg 768w, https:\/\/www.ffw-heubach.de\/wp-content\/uploads\/2017\/11\/lf86-1024x683.jpg 1024w\" sizes=\"auto, (max-width: 6000px) 100vw, 6000px\" \/><div class=\"wp-block-cover__inner-container is-layout-flow wp-block-cover-is-layout-flow\">\n<h2 class=\"alignwide has-white-color has-text-color wp-block-heading\" style=\"font-size:64px\">LF 8\/6<\/h2>\n\n\n\n<p class=\"has-white-color has-text-color\" style=\"font-size:12px;line-height:1.3\">Das <em><em>Fahrzeug dient vorrangig zur Brandbek\u00e4mpfung und leichten technischen Hilfeleistungseins\u00e4tzen. Das LF 8\/6 dient Dank seines Wassertanks innerorts zur schnellen Brandbek\u00e4mpfung<\/em><\/em> sowie als Unterst\u00fctzungsfahrzeug im L\u00f6schzug der Stadtabteilung. <\/p>\n\n\n\n<div class=\"wp-block-buttons is-layout-flex wp-block-buttons-is-layout-flex\">\n<div class=\"wp-block-button has-custom-width wp-block-button__width-50 has-custom-font-size is-style-fill has-small-font-size\"><a class=\"wp-block-button__link has-vivid-red-background-color has-background\" href=\"https:\/\/www.ffw-heubach.de\/?p=1213\">mehr erfahren<\/a><\/div>\n<\/div>\n<\/div><\/div>\n<\/div>\n\n\n\n<div class=\"wp-block-column is-layout-flow wp-block-column-is-layout-flow\">\n<div class=\"wp-block-cover is-light\"><span aria-hidden=\"true\" class=\"wp-block-cover__gradient-background has-background-dim\"><\/span><img loading=\"lazy\" decoding=\"async\" width=\"5034\" height=\"3356\" class=\"wp-block-cover__image-background wp-image-1380\" alt=\"\" src=\"https:\/\/www.ffw-heubach.de\/wp-content\/uploads\/2017\/11\/sw.jpg\" data-object-fit=\"cover\" srcset=\"https:\/\/www.ffw-heubach.de\/wp-content\/uploads\/2017\/11\/sw.jpg 5034w, https:\/\/www.ffw-heubach.de\/wp-content\/uploads\/2017\/11\/sw-300x200.jpg 300w, https:\/\/www.ffw-heubach.de\/wp-content\/uploads\/2017\/11\/sw-768x512.jpg 768w, https:\/\/www.ffw-heubach.de\/wp-content\/uploads\/2017\/11\/sw-1024x683.jpg 1024w\" sizes=\"auto, (max-width: 5034px) 100vw, 5034px\" \/><div class=\"wp-block-cover__inner-container is-layout-flow wp-block-cover-is-layout-flow\">\n<h2 class=\"alignwide has-white-color has-text-color wp-block-heading\" style=\"font-size:64px\">SW 1000<\/h2>\n\n\n\n<p class=\"has-white-color has-text-color\" style=\"font-size:12px;line-height:1.3\">Bei diesem Schlauchwagen handelt es sich um einen ehemaligen R\u00fcstwagen des Bundes. Das Fahrzeug war vor der Umr\u00fcstung bei der Innenstadtabteilung im Einsatz. Es r\u00fcckt zu allen gr\u00f6\u00dferen Eins\u00e4tzen in der VG Rosenstein aus, bei denen lange Schlauchleitungen gelegt werden m\u00fcssen.<\/p>\n\n\n\n<div class=\"wp-block-buttons is-layout-flex wp-block-buttons-is-layout-flex\">\n<div class=\"wp-block-button has-custom-width wp-block-button__width-50 has-custom-font-size is-style-fill has-small-font-size\"><a class=\"wp-block-button__link has-vivid-red-background-color has-background\" href=\"https:\/\/www.ffw-heubach.de\/?p=1216\">mehr erfahren<\/a><\/div>\n<\/div>\n<\/div><\/div>\n<\/div>\n<\/div>\n\n\n\n<h2 class=\"wp-block-heading\">Fahrzeuge au\u00dfer Dienst<\/h2>\n\n\n\n<div class=\"wp-block-columns is-layout-flex wp-container-core-columns-is-layout-9d6595d7 wp-block-columns-is-layout-flex\">\n<div class=\"wp-block-column is-layout-flow wp-block-column-is-layout-flow\">\n<div class=\"wp-block-cover is-light\"><span aria-hidden=\"true\" class=\"wp-block-cover__gradient-background has-background-dim\"><\/span><img loading=\"lazy\" decoding=\"async\" width=\"2000\" height=\"1333\" class=\"wp-block-cover__image-background wp-image-5297\" alt=\"\" src=\"https:\/\/www.ffw-heubach.de\/wp-content\/uploads\/2022\/02\/IMG_1748.jpg\" data-object-fit=\"cover\" srcset=\"https:\/\/www.ffw-heubach.de\/wp-content\/uploads\/2022\/02\/IMG_1748.jpg 2000w, https:\/\/www.ffw-heubach.de\/wp-content\/uploads\/2022\/02\/IMG_1748-1620x1080.jpg 1620w, https:\/\/www.ffw-heubach.de\/wp-content\/uploads\/2022\/02\/IMG_1748-768x512.jpg 768w, https:\/\/www.ffw-heubach.de\/wp-content\/uploads\/2022\/02\/IMG_1748-1536x1024.jpg 1536w\" sizes=\"auto, (max-width: 2000px) 100vw, 2000px\" \/><div class=\"wp-block-cover__inner-container is-layout-flow wp-block-cover-is-layout-flow\">\n<h2 class=\"alignwide has-white-color has-text-color wp-block-heading\" style=\"font-size:64px\">LF 24<\/h2>\n\n\n\n<p class=\"has-white-color has-text-color\" style=\"font-size:12px;line-height:1.3\">Ein LF 24 ist ein L\u00f6schfahrzeug mit einer Mindestpumpenleistung von 2400 Liter Wasser in der Minute und einem Wassertank mit 2400 Liter Inhalt. Das Fahrzeug diente vorrangig zur Brandbek\u00e4mpfung und schwerer technischen Hilfeleistungseins\u00e4tzen.<\/p>\n\n\n\n<div class=\"wp-block-buttons is-layout-flex wp-block-buttons-is-layout-flex\">\n<div class=\"wp-block-button has-custom-width wp-block-button__width-50 has-custom-font-size is-style-fill has-small-font-size\"><a class=\"wp-block-button__link has-vivid-red-background-color has-background\" href=\"https:\/\/www.ffw-heubach.de\/?p=1205\">mehr erfahren<\/a><\/div>\n<\/div>\n<\/div><\/div>\n<\/div>\n\n\n\n<div class=\"wp-block-column is-layout-flow wp-block-column-is-layout-flow\">\n<div class=\"wp-block-cover is-light\"><span aria-hidden=\"true\" class=\"wp-block-cover__gradient-background has-background-dim\"><\/span><img loading=\"lazy\" decoding=\"async\" width=\"265\" height=\"193\" class=\"wp-block-cover__image-background wp-image-5671\" alt=\"\" src=\"https:\/\/www.ffw-heubach.de\/wp-content\/uploads\/2022\/03\/b1-r_p_190200_8_tlf16251.jpg\" data-object-fit=\"cover\"\/><div class=\"wp-block-cover__inner-container is-layout-flow wp-block-cover-is-layout-flow\">\n<h2 class=\"alignwide has-white-color has-text-color wp-block-heading\" style=\"font-size:64px\">TLF 16\/25<\/h2>\n\n\n\n<p class=\"has-white-color has-text-color\" style=\"font-size:12px;line-height:1.3\">Ein TLF 16\/25 ist ein Tankl\u00f6schfahrzeug mit einer Mindestpumpenleistung von 1600 Liter Wasser in der Minute und einem Wassertank mit 2500 Liter Inhalt. Das Fahrzeug diente vorrangig zur Brandbek\u00e4mpfung und leichten technischen Hilfeleistungseins\u00e4tzen.<\/p>\n\n\n\n<div class=\"wp-block-buttons is-layout-flex wp-block-buttons-is-layout-flex\">\n<div class=\"wp-block-button has-custom-width wp-block-button__width-50 has-custom-font-size is-style-fill has-small-font-size\"><a class=\"wp-block-button__link has-vivid-red-background-color has-background\" href=\"https:\/\/www.ffw-heubach.de\/?p=1202\">mehr erfahren<\/a><\/div>\n<\/div>\n<\/div><\/div>\n<\/div>\n<\/div>\n","protected":false},"excerpt":{"rendered":"<p>Fahrzeuge au\u00dfer Dienst<\/p>\n","protected":false},"author":1,"featured_media":0,"parent":0,"menu_order":0,"comment_status":"closed","ping_status":"closed","template":"","meta":{"jetpack_post_was_ever_published":false,"footnotes":""},"class_list":["post-5646","page","type-page","status-publish","hentry"],"jetpack_sharing_enabled":true,"jetpack_shortlink":"https:\/\/wp.me\/P9MGZH-1t4","_links":{"self":[{"href":"https:\/\/www.ffw-heubach.de\/index.php?rest_route=\/wp\/v2\/pages\/5646","targetHints":{"allow":["GET"]}}],"collection":[{"href":"https:\/\/www.ffw-heubach.de\/index.php?rest_route=\/wp\/v2\/pages"}],"about":[{"href":"https:\/\/www.ffw-heubach.de\/index.php?rest_route=\/wp\/v2\/types\/page"}],"author":[{"embeddable":true,"href":"https:\/\/www.ffw-heubach.de\/index.php?rest_route=\/wp\/v2\/users\/1"}],"replies":[{"embeddable":true,"href":"https:\/\/www.ffw-heubach.de\/index.php?rest_route=%2Fwp%2Fv2%2Fcomments&post=5646"}],"version-history":[{"count":18,"href":"https:\/\/www.ffw-heubach.de\/index.php?rest_route=\/wp\/v2\/pages\/5646\/revisions"}],"predecessor-version":[{"id":5789,"href":"https:\/\/www.ffw-heubach.de\/index.php?rest_route=\/wp\/v2\/pages\/5646\/revisions\/5789"}],"wp:attachment":[{"href":"https:\/\/www.ffw-heubach.de\/index.php?rest_route=%2Fwp%2Fv2%2Fmedia&parent=5646"}],"curies":[{"name":"wp","href":"https:\/\/api.w.org\/{rel}","templated":true}]}}