{"id":5410,"date":"2022-03-18T14:06:13","date_gmt":"2022-03-18T13:06:13","guid":{"rendered":"https:\/\/www.ffw-heubach.de\/?page_id=5410"},"modified":"2022-03-18T14:45:03","modified_gmt":"2022-03-18T13:45:03","slug":"notruftafel","status":"publish","type":"page","link":"https:\/\/www.ffw-heubach.de\/?page_id=5410","title":{"rendered":"Notruftafel"},"content":{"rendered":"\n<p><\/p>\n\n\n\n<figure class=\"wp-block-table is-style-stripes\"><table><tbody><tr><td><strong>Einrichtungen<\/strong><\/td><td><strong>Rufnummer<\/strong><\/td><\/tr><tr><td>Feuerwehrnotruf \/ Rettungsleitstelle&nbsp;(Notarzt) Notruf<\/td><td>112<\/td><\/tr><tr><td>Polizei Notruf<\/td><td>110<\/td><\/tr><tr><td>Feuerwehrger\u00e4tehaus Heubach <br>ACHTUNG: Bitte beachten Sie, dass das Feuerwehrger\u00e4tehaus nicht rund um die Uhr besetzt ist. <strong>Im Notfall k\u00f6nnen Sie \u00fcber die Nummer 112 rund um die Uhr Hilfe anfordern.<\/strong><\/td><td>(0&nbsp;71&nbsp;73) 44&nbsp;77<\/td><\/tr><tr><td>Feuerwehrger\u00e4tehaus Lautern <br>ACHTUNG: Bitte beachten Sie, dass das Feuerwehrger\u00e4tehaus nicht rund um die Uhr besetzt ist. <strong>Im Notfall k\u00f6nnen Sie \u00fcber die Nummer 112 rund um die Uhr Hilfe anfordern.<\/strong><\/td><td>&nbsp;(0&nbsp;71&nbsp;73) 83&nbsp;52<\/td><\/tr><tr><td>Polizeiposten Heubach<\/td><td>(0&nbsp;71&nbsp;73) 87&nbsp;76<\/td><\/tr><tr><td>Rettungsdienst Krankentransport<\/td><td>(0&nbsp;71&nbsp;71) 1&nbsp;92&nbsp;22<\/td><\/tr><tr><td>Polizeirevier Schw\u00e4bisch Gm\u00fcnd<\/td><td>(0&nbsp;71&nbsp;71) 358-0<\/td><\/tr><tr><td>Schutzpolizeidirektion Aalen<\/td><td>(0&nbsp;73&nbsp;61) 580-0<\/td><\/tr><\/tbody><\/table><\/figure>\n\n\n\n<hr class=\"wp-block-separator\"\/>\n\n\n\n<h3 class=\"wp-block-heading\">\u00c4rztlicher Notdienst in der VG Rosenstein<\/h3>\n\n\n\n<p>Um Informationen zu den \u00c4rztenotdiensten zu erhalten, gilt&nbsp;<strong>bundesweit&nbsp;die Notrufnummer 116 117&nbsp;&nbsp;&nbsp;&nbsp;&nbsp;&nbsp;&nbsp;&nbsp;&nbsp;&nbsp;&nbsp;&nbsp;&nbsp;&nbsp;&nbsp;&nbsp;<\/strong><\/p>\n\n\n\n<p><br>Die Notfallzeit beginnt unter der Woche um 18.00 Uhr und endet am Folgetag um 8.00 Uhr. Mittwochnachmittags beginnt die Notfallzeit um 13.00 Uhr und endet am Folgetag um 8.00 Uhr. An Samstagen sowie an Sonn- und Feiertagen beginnt die Notfallzeit um 8.00 Uhr und endet am Folgetag um 8.00 Uhr.<\/p>\n\n\n\n<hr class=\"wp-block-separator\"\/>\n\n\n\n<figure class=\"wp-block-image\"><img decoding=\"async\" src=\"https:\/\/www.heubach.de\/site\/Heubach\/get\/params_E-1147528709\/13448554\/defibrillatoren.png\" alt=\"\"\/><\/figure>\n\n\n\n<h3 class=\"wp-block-heading\">Standorte der Defibrillatoren in Heubach und Lautern<\/h3>\n\n\n\n<figure id=\"grid_13448548\" class=\"wp-block-table is-style-stripes\"><table><thead><tr><th class=\"has-text-align-left\" data-align=\"left\">Heubach<\/th><th>&nbsp;<\/th><\/tr><\/thead><tbody><tr><td class=\"has-text-align-left\" data-align=\"left\">Rathaus<\/td><td>Hauptstra\u00dfe 53<\/td><\/tr><tr><td class=\"has-text-align-left\" data-align=\"left\">Musikschule Rosenstein<\/td><td>Hauptstra\u00dfe 63<\/td><\/tr><tr><td class=\"has-text-align-left\" data-align=\"left\">Feuerwehrhaus<\/td><td>B\u00f6binger Stra\u00dfe 17<\/td><\/tr><tr><td class=\"has-text-align-left\" data-align=\"left\">Hallenbad\/Freibad<\/td><td>Hauptstra\u00dfe 5<br>M\u00f6gglinger Stra\u00dfe 41<br>&#8211; je nach Saison &#8211; das Ger\u00e4t ist nur w\u00e4hrend der \u00d6ffnungszeiten zug\u00e4nglich<\/td><\/tr><tr><td class=\"has-text-align-left\" data-align=\"left\">Rosensteinhalle<\/td><td>Helmut-H\u00f6rmann-Stra\u00dfe 12<\/td><\/tr><tr><td class=\"has-text-align-left\" data-align=\"left\">Schillerschulturnhalle<\/td><td>Adlerstra\u00dfe 51<\/td><\/tr><tr><td class=\"has-text-align-left\" data-align=\"left\">Sporthalle Adlerstra\u00dfe<\/td><td>Adlerstra\u00dfe 80<\/td><\/tr><tr><td class=\"has-text-align-left\" data-align=\"left\">Stadthalle<\/td><td>Hauptstra\u00dfe 5<\/td><\/tr><tr><td class=\"has-text-align-left\" data-align=\"left\">Triumph International<\/td><td>Hauptstra\u00dfe 80<br><br>Mo-Fr 5.30 \u2013 23.00 Uhr<br>Sa 6.00 \u2013 18.00 Uhr<br>So + Feiertags ist die Pforte nicht besetzt<\/td><\/tr><tr><td class=\"has-text-align-left\" data-align=\"left\">Sportplatz des TSV Heubach<\/td><td>M\u00f6gglinger Stra\u00dfe 73 &#8211; das Ger\u00e4t ist nur w\u00e4hrend der Trainings- und Spielzeiten zug\u00e4nglich<\/td><\/tr><\/tbody><\/table><\/figure>\n\n\n\n<figure id=\"grid_13448552\" class=\"wp-block-table is-style-stripes\"><table><thead><tr><th class=\"has-text-align-left\" data-align=\"left\">Lautern<\/th><th>&nbsp;<\/th><\/tr><\/thead><tbody><tr><td class=\"has-text-align-left\" data-align=\"left\">Bezirksamt Lautern<\/td><td>Rosensteinstra\u00dfe 46<\/td><\/tr><tr><td class=\"has-text-align-left\" data-align=\"left\">Mehrzweckhalle<\/td><td>Schulstra\u00dfe 35 a (nur w\u00e4hrend der \u00fcblichen Betriebs- und Trainingszeiten zug\u00e4nglich)<\/td><\/tr><tr><td class=\"has-text-align-left\" data-align=\"left\">Friedhof in Heubach-Lautern<\/td><td>Obere M\u00fchlgasse<\/td><\/tr><\/tbody><\/table><\/figure>\n\n\n\n<p>&nbsp;S\u00e4mtliche Ger\u00e4te sind selbsterkl\u00e4rend und k\u00f6nnen intuitiv bedient werden!<\/p>\n\n\n\n<h3 class=\"wp-block-heading\" id=\"ui-id-2\">St\u00f6rungsdienste<\/h3>\n\n\n\n<figure class=\"wp-block-table is-style-stripes\"><table><tbody><tr><td><strong>Einrichtungen<\/strong><\/td><td><strong>Rufnummer<\/strong><\/td><\/tr><tr><td>Strom (EnBW)<\/td><td>(08&nbsp;00) 36&nbsp;29-477<\/td><\/tr><tr><td>Gas (EnBW)<\/td><td>(08&nbsp;00) 36&nbsp;29-447<\/td><\/tr><tr><td>Stra\u00dfenmeisterei Schw\u00e4bisch Gm\u00fcnd<\/td><td>(0&nbsp;71&nbsp;71) 32&nbsp;48&nbsp;11<\/td><\/tr><tr><td>Wasser und Rohbruch<\/td><td>(01&nbsp;72) 6&nbsp;55&nbsp;02&nbsp;74<\/td><\/tr><\/tbody><\/table><\/figure>\n\n\n\n<h3 class=\"wp-block-heading\" id=\"ui-id-3\">Helfer und Hilfe<\/h3>\n\n\n\n<figure class=\"wp-block-table is-style-stripes\"><table><tbody><tr><td><strong>Einrichtungen und Organisationen<\/strong><\/td><td><strong>Rufnummer<\/strong><\/td><\/tr><tr><td>DRK \u2013 Leitstelle Ostalbkreis<\/td><td>(0&nbsp;73&nbsp;61) 6&nbsp;97&nbsp;00<\/td><\/tr><tr><td>Malteser Hilfsdienst<\/td><td>(0&nbsp;71&nbsp;71) 9&nbsp;26&nbsp;55&nbsp;14<\/td><\/tr><tr><td>AWO Kreisverband Ostalb e.V.<\/td><td>(0&nbsp;73&nbsp;61) 55&nbsp;99&nbsp;34<\/td><\/tr><tr><td>Frauen- und Kinderschutzeinrichtung<\/td><td>(0&nbsp;71&nbsp;71) 24&nbsp;26<\/td><\/tr><tr><td>Hilfetelefon &#8222;Gewalt gegen Frauen&#8220; vertraulich, kostenfrei und rund um die Uhr<\/td><td>(08&nbsp;00) 0&nbsp;11&nbsp;60&nbsp;16<\/td><\/tr><tr><td>Zahn\u00e4rztlicher Bereitschaftsdienst<\/td><td>(07&nbsp;11) 7&nbsp;87&nbsp;77&nbsp;88<\/td><\/tr><tr><td>Johanniter-Unfall-Hilfe e.V.<\/td><td>(0&nbsp;73&nbsp;61) 96&nbsp;30-0<\/td><\/tr><tr><td>Sozialstation Rosenstein<\/td><td>&nbsp;(0&nbsp;71&nbsp;73) 9&nbsp;10&nbsp;00<\/td><\/tr><tr><td>\u00d6kumenische Hospiz- und Sitzwachengruppe Heubach und Umgebung<\/td><td>(0&nbsp;71&nbsp;73) 46&nbsp;78<\/td><\/tr><tr><td>Tier\u00e4rztlicher Bereitschaftsdienst<\/td><td><\/td><\/tr><tr><td>Giftnotruf<\/td><td>(07&nbsp;61) 1&nbsp;92&nbsp;40<\/td><\/tr><tr><td>Kinder- und Jugendtelefon<\/td><td>&nbsp;(08&nbsp;00) 1&nbsp;11&nbsp;03&nbsp;33<\/td><\/tr><tr><td>Elterntelefon<\/td><td>(08&nbsp;00) 1&nbsp;11&nbsp;05&nbsp;50<\/td><\/tr><tr><td>Telefonseelsorge evangelisch<\/td><td>(08&nbsp;00) 1&nbsp;11&nbsp;01&nbsp;11<\/td><\/tr><tr><td>Telefonseelsorge katholisch<\/td><td>08&nbsp;00) 11&nbsp;10&nbsp;22<\/td><\/tr><\/tbody><\/table><\/figure>\n","protected":false},"excerpt":{"rendered":"<p>Einrichtungen Rufnummer Feuerwehrnotruf \/ Rettungsleitstelle&nbsp;(Notarzt) Notruf 112 Polizei Notruf 110 Feuerwehrger\u00e4tehaus Heubach ACHTUNG: Bitte beachten Sie, dass das Feuerwehrger\u00e4tehaus nicht rund um die Uhr besetzt ist. Im Notfall k\u00f6nnen Sie \u00fcber die Nummer 112 rund um die Uhr Hilfe anfordern. (0&nbsp;71&nbsp;73) 44&nbsp;77 Feuerwehrger\u00e4tehaus Lautern ACHTUNG: Bitte beachten Sie, dass das Feuerwehrger\u00e4tehaus nicht rund um die [&hellip;]<\/p>\n","protected":false},"author":1,"featured_media":0,"parent":0,"menu_order":0,"comment_status":"closed","ping_status":"closed","template":"","meta":{"jetpack_post_was_ever_published":false,"footnotes":""},"class_list":["post-5410","page","type-page","status-publish","hentry"],"jetpack_sharing_enabled":true,"jetpack_shortlink":"https:\/\/wp.me\/P9MGZH-1pg","_links":{"self":[{"href":"https:\/\/www.ffw-heubach.de\/index.php?rest_route=\/wp\/v2\/pages\/5410","targetHints":{"allow":["GET"]}}],"collection":[{"href":"https:\/\/www.ffw-heubach.de\/index.php?rest_route=\/wp\/v2\/pages"}],"about":[{"href":"https:\/\/www.ffw-heubach.de\/index.php?rest_route=\/wp\/v2\/types\/page"}],"author":[{"embeddable":true,"href":"https:\/\/www.ffw-heubach.de\/index.php?rest_route=\/wp\/v2\/users\/1"}],"replies":[{"embeddable":true,"href":"https:\/\/www.ffw-heubach.de\/index.php?rest_route=%2Fwp%2Fv2%2Fcomments&post=5410"}],"version-history":[{"count":2,"href":"https:\/\/www.ffw-heubach.de\/index.php?rest_route=\/wp\/v2\/pages\/5410\/revisions"}],"predecessor-version":[{"id":5615,"href":"https:\/\/www.ffw-heubach.de\/index.php?rest_route=\/wp\/v2\/pages\/5410\/revisions\/5615"}],"wp:attachment":[{"href":"https:\/\/www.ffw-heubach.de\/index.php?rest_route=%2Fwp%2Fv2%2Fmedia&parent=5410"}],"curies":[{"name":"wp","href":"https:\/\/api.w.org\/{rel}","templated":true}]}}