{"id":36,"date":"2017-11-25T22:36:08","date_gmt":"2017-11-25T22:36:08","guid":{"rendered":"http:\/\/web.feuerwehr-heubach.de\/?page_id=36"},"modified":"2017-11-25T22:36:08","modified_gmt":"2017-11-25T22:36:08","slug":"einsaetze-2016","status":"publish","type":"page","link":"https:\/\/www.ffw-heubach.de\/?page_id=36","title":{"rendered":"Eins\u00e4tze 2016"},"content":{"rendered":"<h5>Hier finden Sie ein \u00dcberblick \u00fcber die Eins\u00e4tze des vergangenen Jahres.<\/h5>\n<p>&nbsp;<\/p>\n<div id=\"CM15c88e32b2d1a9ce1e0562f7_div\">\n<table id=\"CM15c88e32b2d1a9ce1e0562f7\" class=\"cm_table\">\n<tbody class=\"cm_table\">\n<tr class=\"cm_table cm_firstrow\">\n<td class=\"cm_table cm_firstcol\">101<\/td>\n<td class=\"cm_table\">31. Dezember<\/td>\n<td class=\"cm_table\"><\/td>\n<td class=\"cm_table cm_lastcol\">Hausnotruf Lautern<\/td>\n<\/tr>\n<tr class=\"cm_table\">\n<td class=\"cm_table cm_firstcol\">100<\/td>\n<td class=\"cm_table\">24. Dezember<\/td>\n<td class=\"cm_table\"><\/td>\n<td class=\"cm_table cm_lastcol\">Brand M\u00f6gglingen<\/td>\n<\/tr>\n<tr class=\"cm_table\">\n<td class=\"cm_table cm_firstcol\">99<\/td>\n<td class=\"cm_table\">30. November<\/td>\n<td class=\"cm_table\"><\/td>\n<td class=\"cm_table cm_lastcol\">Brand M\u00f6gglingen<\/td>\n<\/tr>\n<tr class=\"cm_table\">\n<td class=\"cm_table cm_firstcol\">98<\/td>\n<td class=\"cm_table\">28. November<\/td>\n<td class=\"cm_table\"><\/td>\n<td class=\"cm_table cm_lastcol\">Drehleiter zur Unterst\u00fctzung Stadt Heubach<\/td>\n<\/tr>\n<tr class=\"cm_table\">\n<td class=\"cm_table cm_firstcol\">97<\/td>\n<td class=\"cm_table\">27. November<\/td>\n<td class=\"cm_table\"><\/td>\n<td class=\"cm_table cm_lastcol\">Drehleiter zur Unterst\u00fctzung Stadt Heubach<\/td>\n<\/tr>\n<tr class=\"cm_table\">\n<td class=\"cm_table cm_firstcol\">96<\/td>\n<td class=\"cm_table\">26.November<\/td>\n<td class=\"cm_table\"><\/td>\n<td class=\"cm_table cm_lastcol\">Drehleiter zur Unterst\u00fctzung Stadt Heubach<\/td>\n<\/tr>\n<tr class=\"cm_table\">\n<td class=\"cm_table cm_firstcol\">95<\/td>\n<td class=\"cm_table\">25. November<\/td>\n<td class=\"cm_table\"><\/td>\n<td class=\"cm_table cm_lastcol\">Drehleiter zur Unterst\u00fctzung Stadt Heubach<\/td>\n<\/tr>\n<tr class=\"cm_table\">\n<td class=\"cm_table cm_firstcol\">94<\/td>\n<td class=\"cm_table\">24. November<\/td>\n<td class=\"cm_table\"><\/td>\n<td class=\"cm_table cm_lastcol\">Drehleiter zur Unterst\u00fctzung Stadt Heubach<\/td>\n<\/tr>\n<tr class=\"cm_table\">\n<td class=\"cm_table cm_firstcol\">93<\/td>\n<td class=\"cm_table\">23. November<\/td>\n<td class=\"cm_table\"><\/td>\n<td class=\"cm_table cm_lastcol\">Drehleiter zur Unterst\u00fctzung Stadt Heubach<\/td>\n<\/tr>\n<tr class=\"cm_table\">\n<td class=\"cm_table cm_firstcol\">92<\/td>\n<td class=\"cm_table\">22. November<\/td>\n<td class=\"cm_table\"><\/td>\n<td class=\"cm_table cm_lastcol\">Anforderung der WBK nach B\u00f6bingen<\/td>\n<\/tr>\n<tr class=\"cm_table\">\n<td class=\"cm_table cm_firstcol\">91<\/td>\n<td class=\"cm_table\">15. November<\/td>\n<td class=\"cm_table\"><\/td>\n<td class=\"cm_table cm_lastcol\">Brand Glascontainer<\/td>\n<\/tr>\n<tr class=\"cm_table\">\n<td class=\"cm_table cm_firstcol\">90<\/td>\n<td class=\"cm_table\">14. November<\/td>\n<td class=\"cm_table\"><\/td>\n<td class=\"cm_table cm_lastcol\">Ausgel\u00f6ster Handmelder Schillerschule<\/td>\n<\/tr>\n<tr class=\"cm_table\">\n<td class=\"cm_table cm_firstcol\">89<\/td>\n<td class=\"cm_table\">9. November<\/td>\n<td class=\"cm_table\"><\/td>\n<td class=\"cm_table cm_lastcol\">ELW, Kdow, MTW zur Unterst\u00fctzung Stadt Heubach<\/td>\n<\/tr>\n<tr class=\"cm_table\">\n<td class=\"cm_table cm_firstcol\">88<\/td>\n<td class=\"cm_table\">9. November<\/td>\n<td class=\"cm_table\"><\/td>\n<td class=\"cm_table cm_lastcol\">TLF zur Unterst\u00fctzung Stadt Heubach<\/td>\n<\/tr>\n<tr class=\"cm_table\">\n<td class=\"cm_table cm_firstcol\">87<\/td>\n<td class=\"cm_table\">8. November<\/td>\n<td class=\"cm_table\"><\/td>\n<td class=\"cm_table cm_lastcol\">Drehleiter zur Unterst\u00fctzung Stadt Heubach<\/td>\n<\/tr>\n<tr class=\"cm_table\">\n<td class=\"cm_table cm_firstcol\">86<\/td>\n<td class=\"cm_table\">2. November<\/td>\n<td class=\"cm_table\"><\/td>\n<td class=\"cm_table cm_lastcol\">Drehleiter zur Unterst\u00fctzung Stadt Heubach<\/td>\n<\/tr>\n<tr class=\"cm_table\">\n<td class=\"cm_table cm_firstcol\">85<\/td>\n<td class=\"cm_table\">26. Oktober<\/td>\n<td class=\"cm_table\"><\/td>\n<td class=\"cm_table cm_lastcol\">Drehleiter zur Unterst\u00fctzung Stadt Heubach<\/td>\n<\/tr>\n<tr class=\"cm_table\">\n<td class=\"cm_table cm_firstcol\">84<\/td>\n<td class=\"cm_table\">24. Oktober<\/td>\n<td class=\"cm_table\"><\/td>\n<td class=\"cm_table cm_lastcol\">Drehleiter zur Unterst\u00fctzung Stadt Heubach<\/td>\n<\/tr>\n<tr class=\"cm_table\">\n<td class=\"cm_table cm_firstcol\">83<\/td>\n<td class=\"cm_table\">16. Oktober<\/td>\n<td class=\"cm_table\"><\/td>\n<td class=\"cm_table cm_lastcol\">Drehleiter zur Unterst\u00fctzung Stadt Heubach<\/td>\n<\/tr>\n<tr class=\"cm_table\">\n<td class=\"cm_table cm_firstcol\">82<\/td>\n<td class=\"cm_table\">14. Oktober<\/td>\n<td class=\"cm_table\"><\/td>\n<td class=\"cm_table cm_lastcol\">BMA Fa. Scholz M\u00f6gglingen, Papierkorbbrand<\/td>\n<\/tr>\n<tr class=\"cm_table\">\n<td class=\"cm_table cm_firstcol\">81<\/td>\n<td class=\"cm_table\">12. Oktober<\/td>\n<td class=\"cm_table\"><\/td>\n<td class=\"cm_table cm_lastcol\">Brand Schreinerei Heuchlingen<\/td>\n<\/tr>\n<tr class=\"cm_table\">\n<td class=\"cm_table cm_firstcol\">80<\/td>\n<td class=\"cm_table\">10. Oktober<\/td>\n<td class=\"cm_table\"><\/td>\n<td class=\"cm_table cm_lastcol\">BMA Triumph<\/td>\n<\/tr>\n<tr class=\"cm_table\">\n<td class=\"cm_table cm_firstcol\">79<\/td>\n<td class=\"cm_table\">7. Oktober<\/td>\n<td class=\"cm_table\"><\/td>\n<td class=\"cm_table cm_lastcol\">Gefahrguteinsatz auslaufendes \u00d6l Lautern<\/td>\n<\/tr>\n<tr class=\"cm_table\">\n<td class=\"cm_table cm_firstcol\">78<\/td>\n<td class=\"cm_table\">6. Oktober<\/td>\n<td class=\"cm_table\"><\/td>\n<td class=\"cm_table cm_lastcol\">Ausleuchten nach Verkehrsunfall<\/td>\n<\/tr>\n<tr class=\"cm_table\">\n<td class=\"cm_table cm_firstcol\">77<\/td>\n<td class=\"cm_table\">29. September<\/td>\n<td class=\"cm_table\"><\/td>\n<td class=\"cm_table cm_lastcol\">BMA Fa. Scholz M\u00f6gglingen<\/td>\n<\/tr>\n<tr class=\"cm_table\">\n<td class=\"cm_table cm_firstcol\">76<\/td>\n<td class=\"cm_table\">27. September<\/td>\n<td class=\"cm_table\"><\/td>\n<td class=\"cm_table cm_lastcol\">T\u00fcr\u00f6ffnung Haus Hohgarten<\/td>\n<\/tr>\n<tr class=\"cm_table\">\n<td class=\"cm_table cm_firstcol\">75<\/td>\n<td class=\"cm_table\">22. September<\/td>\n<td class=\"cm_table\"><\/td>\n<td class=\"cm_table cm_lastcol\">BMA Pflegeheim M\u00f6gglingen<\/td>\n<\/tr>\n<tr class=\"cm_table\">\n<td class=\"cm_table cm_firstcol\">74<\/td>\n<td class=\"cm_table\">14. September<\/td>\n<td class=\"cm_table\"><\/td>\n<td class=\"cm_table cm_lastcol\">Drehleiter zur Unterst\u00fctzung Stadt Heubach<\/td>\n<\/tr>\n<tr class=\"cm_table\">\n<td class=\"cm_table cm_firstcol\">73<\/td>\n<td class=\"cm_table\">3. September<\/td>\n<td class=\"cm_table\"><\/td>\n<td class=\"cm_table cm_lastcol\">Flugzeugsuche<\/td>\n<\/tr>\n<tr class=\"cm_table\">\n<td class=\"cm_table cm_firstcol\">72<\/td>\n<td class=\"cm_table\">27. August<\/td>\n<td class=\"cm_table\"><\/td>\n<td class=\"cm_table cm_lastcol\">Unklare Rauchentwicklung<\/td>\n<\/tr>\n<tr class=\"cm_table\">\n<td class=\"cm_table cm_firstcol\">71<\/td>\n<td class=\"cm_table\">27. August<\/td>\n<td class=\"cm_table\"><\/td>\n<td class=\"cm_table cm_lastcol\">DLK nach Schechingen<\/td>\n<\/tr>\n<tr class=\"cm_table\">\n<td class=\"cm_table cm_firstcol\">70<\/td>\n<td class=\"cm_table\">26. August<\/td>\n<td class=\"cm_table\"><\/td>\n<td class=\"cm_table cm_lastcol\">TLF zur Unterst\u00fctzung Stadt Heubach<\/td>\n<\/tr>\n<tr class=\"cm_table\">\n<td class=\"cm_table cm_firstcol\">69<\/td>\n<td class=\"cm_table\">24. August<\/td>\n<td class=\"cm_table\"><\/td>\n<td class=\"cm_table cm_lastcol\">Person auf Dach<\/td>\n<\/tr>\n<tr class=\"cm_table\">\n<td class=\"cm_table cm_firstcol\">68<\/td>\n<td class=\"cm_table\">8. August<\/td>\n<td class=\"cm_table\"><\/td>\n<td class=\"cm_table cm_lastcol\">T\u00fcr\u00f6ffnung<\/td>\n<\/tr>\n<tr class=\"cm_table\">\n<td class=\"cm_table cm_firstcol\">67<\/td>\n<td class=\"cm_table\">30. Juli<\/td>\n<td class=\"cm_table\"><\/td>\n<td class=\"cm_table cm_lastcol\">T\u00fcr\u00f6ffnung<\/td>\n<\/tr>\n<tr class=\"cm_table\">\n<td class=\"cm_table cm_firstcol\">66<\/td>\n<td class=\"cm_table\">18. Juli<\/td>\n<td class=\"cm_table\"><\/td>\n<td class=\"cm_table cm_lastcol\">T\u00fcr\u00f6ffnung<\/td>\n<\/tr>\n<tr class=\"cm_table\">\n<td class=\"cm_table cm_firstcol\">65<\/td>\n<td class=\"cm_table\">17. Juli<\/td>\n<td class=\"cm_table\"><\/td>\n<td class=\"cm_table cm_lastcol\">Brand M\u00f6gglingen<\/td>\n<\/tr>\n<tr class=\"cm_table\">\n<td class=\"cm_table cm_firstcol\">64<\/td>\n<td class=\"cm_table\">16. Juli<\/td>\n<td class=\"cm_table\"><\/td>\n<td class=\"cm_table cm_lastcol\">Brand Beisswangerstr.<\/td>\n<\/tr>\n<tr class=\"cm_table\">\n<td class=\"cm_table cm_firstcol\">63<\/td>\n<td class=\"cm_table\">15. Juli<\/td>\n<td class=\"cm_table\"><\/td>\n<td class=\"cm_table cm_lastcol\">TLF zur Unterst\u00fctzung Stadt Heubach<\/td>\n<\/tr>\n<tr class=\"cm_table\">\n<td class=\"cm_table cm_firstcol\">62<\/td>\n<td class=\"cm_table\">13. Juli<\/td>\n<td class=\"cm_table\"><\/td>\n<td class=\"cm_table cm_lastcol\">PKW Brand<\/td>\n<\/tr>\n<tr class=\"cm_table\">\n<td class=\"cm_table cm_firstcol\">61<\/td>\n<td class=\"cm_table\">13. Juli<\/td>\n<td class=\"cm_table\"><\/td>\n<td class=\"cm_table cm_lastcol\">TLF zur Unterst\u00fctzung Stadt Heubach<\/td>\n<\/tr>\n<tr class=\"cm_table\">\n<td class=\"cm_table cm_firstcol\">60<\/td>\n<td class=\"cm_table\">12. Juli<\/td>\n<td class=\"cm_table\"><\/td>\n<td class=\"cm_table cm_lastcol\">TLF zur Unterst\u00fctzung Stadt Heubach<\/td>\n<\/tr>\n<tr class=\"cm_table\">\n<td class=\"cm_table cm_firstcol\">59<\/td>\n<td class=\"cm_table\">11. Juli<\/td>\n<td class=\"cm_table\"><\/td>\n<td class=\"cm_table cm_lastcol\">TLF zur Unterst\u00fctzung Stadt Heubach<\/td>\n<\/tr>\n<tr class=\"cm_table\">\n<td class=\"cm_table cm_firstcol\">58<\/td>\n<td class=\"cm_table\">10. Juli<\/td>\n<td class=\"cm_table\"><\/td>\n<td class=\"cm_table cm_lastcol\">T\u00fcr\u00f6ffnung<\/td>\n<\/tr>\n<tr class=\"cm_table\">\n<td class=\"cm_table cm_firstcol\">57<\/td>\n<td class=\"cm_table\">9. Juli<\/td>\n<td class=\"cm_table\"><\/td>\n<td class=\"cm_table cm_lastcol\">T\u00fcr\u00f6ffnung<\/td>\n<\/tr>\n<tr class=\"cm_table\">\n<td class=\"cm_table cm_firstcol\">56<\/td>\n<td class=\"cm_table\">8. Juli<\/td>\n<td class=\"cm_table\"><\/td>\n<td class=\"cm_table cm_lastcol\">BMA<\/td>\n<\/tr>\n<tr class=\"cm_table\">\n<td class=\"cm_table cm_firstcol\">55<\/td>\n<td class=\"cm_table\">23. Juni<\/td>\n<td class=\"cm_table\"><\/td>\n<td class=\"cm_table cm_lastcol\">TLF zur Unterst\u00fctzung Stadt Heubach<\/td>\n<\/tr>\n<tr class=\"cm_table\">\n<td class=\"cm_table cm_firstcol\">54<\/td>\n<td class=\"cm_table\">21. Juni<\/td>\n<td class=\"cm_table\"><\/td>\n<td class=\"cm_table cm_lastcol\">Drehleiter zur Unterst\u00fctzung Stadt Heubach<\/td>\n<\/tr>\n<tr class=\"cm_table\">\n<td class=\"cm_table cm_firstcol\">53<\/td>\n<td class=\"cm_table\">20. Juni<\/td>\n<td class=\"cm_table\"><\/td>\n<td class=\"cm_table cm_lastcol\">Drehleiter zur Unterst\u00fctzung Stadt Heubach<\/td>\n<\/tr>\n<tr class=\"cm_table\">\n<td class=\"cm_table cm_firstcol\">52<\/td>\n<td class=\"cm_table\">14. Juni<\/td>\n<td class=\"cm_table\"><\/td>\n<td class=\"cm_table cm_lastcol\">Drehleiter zur Unterst\u00fctzung Stadt Heubach<\/td>\n<\/tr>\n<tr class=\"cm_table\">\n<td class=\"cm_table cm_firstcol\">51<\/td>\n<td class=\"cm_table\">14. Juni<\/td>\n<td class=\"cm_table\"><\/td>\n<td class=\"cm_table cm_lastcol\">TLF zur Unterst\u00fctzung Stadt Heubach<\/td>\n<\/tr>\n<tr class=\"cm_table\">\n<td class=\"cm_table cm_firstcol\">50<\/td>\n<td class=\"cm_table\">13. Juni<\/td>\n<td class=\"cm_table\"><\/td>\n<td class=\"cm_table cm_lastcol\">Drehleiter zur Unterst\u00fctzung Stadt Heubach<\/td>\n<\/tr>\n<tr class=\"cm_table\">\n<td class=\"cm_table cm_firstcol\">49<\/td>\n<td class=\"cm_table\">10. Juni<\/td>\n<td class=\"cm_table\"><\/td>\n<td class=\"cm_table cm_lastcol\">Drehleiter zur Unterst\u00fctzung Stadt Heubach<\/td>\n<\/tr>\n<tr class=\"cm_table\">\n<td class=\"cm_table cm_firstcol\">48<\/td>\n<td class=\"cm_table\">9. Juni<\/td>\n<td class=\"cm_table\"><\/td>\n<td class=\"cm_table cm_lastcol\">Drehleiter zur Unterst\u00fctzung Stadt Heubach<\/td>\n<\/tr>\n<tr class=\"cm_table\">\n<td class=\"cm_table cm_firstcol\">47<\/td>\n<td class=\"cm_table\">8. Juni<\/td>\n<td class=\"cm_table\"><\/td>\n<td class=\"cm_table cm_lastcol\">Drehleiter zur Unterst\u00fctzung Stadt Heubach<\/td>\n<\/tr>\n<tr class=\"cm_table\">\n<td class=\"cm_table cm_firstcol\">46<\/td>\n<td class=\"cm_table\">6. Juni<\/td>\n<td class=\"cm_table\"><\/td>\n<td class=\"cm_table cm_lastcol\">TLF zur Unterst\u00fctzung Stadt Heubach<\/td>\n<\/tr>\n<tr class=\"cm_table\">\n<td class=\"cm_table cm_firstcol\">45<\/td>\n<td class=\"cm_table\">3. Juni<\/td>\n<td class=\"cm_table\"><\/td>\n<td class=\"cm_table cm_lastcol\">Drehleiter zur Unterst\u00fctzung Stadt Heubach<\/td>\n<\/tr>\n<tr class=\"cm_table\">\n<td class=\"cm_table cm_firstcol\">44<\/td>\n<td class=\"cm_table\">24.Mai<\/td>\n<td class=\"cm_table\"><\/td>\n<td class=\"cm_table cm_lastcol\">Drehleiter zur Unterst\u00fctzung Stadt Heubach<\/td>\n<\/tr>\n<tr class=\"cm_table\">\n<td class=\"cm_table cm_firstcol\">43<\/td>\n<td class=\"cm_table\">19. Mai<\/td>\n<td class=\"cm_table\"><\/td>\n<td class=\"cm_table cm_lastcol\">Drehleiter zur Unterst\u00fctzung Stadt Heubach<\/td>\n<\/tr>\n<tr class=\"cm_table\">\n<td class=\"cm_table cm_firstcol\">42<\/td>\n<td class=\"cm_table\">18. Mai<\/td>\n<td class=\"cm_table\"><\/td>\n<td class=\"cm_table cm_lastcol\">Drehleiter zur Unterst\u00fctzung Stadt Heubach<\/td>\n<\/tr>\n<tr class=\"cm_table\">\n<td class=\"cm_table cm_firstcol\">41<\/td>\n<td class=\"cm_table\">17. Mai<\/td>\n<td class=\"cm_table\"><\/td>\n<td class=\"cm_table cm_lastcol\">Drehleiter zur Unterst\u00fctzung Stadt Heubach<\/td>\n<\/tr>\n<tr class=\"cm_table\">\n<td class=\"cm_table cm_firstcol\">40<\/td>\n<td class=\"cm_table\">11. Mai<\/td>\n<td class=\"cm_table\"><\/td>\n<td class=\"cm_table cm_lastcol\">T\u00fcr\u00f6ffnung<\/td>\n<\/tr>\n<tr class=\"cm_table\">\n<td class=\"cm_table cm_firstcol\">39<\/td>\n<td class=\"cm_table\">10. Mai<\/td>\n<td class=\"cm_table\"><\/td>\n<td class=\"cm_table cm_lastcol\">BMA Bischoff Sproll Haus<\/td>\n<\/tr>\n<tr class=\"cm_table\">\n<td class=\"cm_table cm_firstcol\">38<\/td>\n<td class=\"cm_table\">10. Mai<\/td>\n<td class=\"cm_table\"><\/td>\n<td class=\"cm_table cm_lastcol\">TLF zur Unterst\u00fctzung Stadt Heubach<\/td>\n<\/tr>\n<tr class=\"cm_table\">\n<td class=\"cm_table cm_firstcol\">37<\/td>\n<td class=\"cm_table\">9. Mai<\/td>\n<td class=\"cm_table\"><\/td>\n<td class=\"cm_table cm_lastcol\">TLF zur Unterst\u00fctzung Stadt Heubach<\/td>\n<\/tr>\n<tr class=\"cm_table\">\n<td class=\"cm_table cm_firstcol\">36<\/td>\n<td class=\"cm_table\">7. Mai<\/td>\n<td class=\"cm_table\"><\/td>\n<td class=\"cm_table cm_lastcol\">SE 2 CO Vergiftung<\/td>\n<\/tr>\n<tr class=\"cm_table\">\n<td class=\"cm_table cm_firstcol\">35<\/td>\n<td class=\"cm_table\">6. Mai<\/td>\n<td class=\"cm_table\"><\/td>\n<td class=\"cm_table cm_lastcol\">BMA Fa. Scholz M\u00f6gglingen<\/td>\n<\/tr>\n<tr class=\"cm_table\">\n<td class=\"cm_table cm_firstcol\">34<\/td>\n<td class=\"cm_table\">4. Mai<\/td>\n<td class=\"cm_table\"><\/td>\n<td class=\"cm_table cm_lastcol\">TLF zur Unterst\u00fctzung Stadt Heubach<\/td>\n<\/tr>\n<tr class=\"cm_table\">\n<td class=\"cm_table cm_firstcol\">33<\/td>\n<td class=\"cm_table\">30. April<\/td>\n<td class=\"cm_table\"><\/td>\n<td class=\"cm_table cm_lastcol\">TLF zur Unterst\u00fctzung Stadt Heubach<\/td>\n<\/tr>\n<tr class=\"cm_table\">\n<td class=\"cm_table cm_firstcol\">32<\/td>\n<td class=\"cm_table\">30. April<\/td>\n<td class=\"cm_table\"><\/td>\n<td class=\"cm_table cm_lastcol\">Maibaum Heuchlingen<\/td>\n<\/tr>\n<tr class=\"cm_table\">\n<td class=\"cm_table cm_firstcol\">31<\/td>\n<td class=\"cm_table\">26. April<\/td>\n<td class=\"cm_table\"><\/td>\n<td class=\"cm_table cm_lastcol\">Drehleiter zur Unterst\u00fctzung Stadt Heubach<\/td>\n<\/tr>\n<tr class=\"cm_table\">\n<td class=\"cm_table cm_firstcol\">30<\/td>\n<td class=\"cm_table\">21. April<\/td>\n<td class=\"cm_table\"><\/td>\n<td class=\"cm_table cm_lastcol\">M\u00f6gglingen Kellerbrand<\/td>\n<\/tr>\n<tr class=\"cm_table\">\n<td class=\"cm_table cm_firstcol\">29<\/td>\n<td class=\"cm_table\">20. April<\/td>\n<td class=\"cm_table\"><\/td>\n<td class=\"cm_table cm_lastcol\">DLK nach B\u00f6bingen<\/td>\n<\/tr>\n<tr class=\"cm_table\">\n<td class=\"cm_table cm_firstcol\">28<\/td>\n<td class=\"cm_table\">19. April<\/td>\n<td class=\"cm_table\"><\/td>\n<td class=\"cm_table cm_lastcol\">TLF zur Unterst\u00fctzung Stadt Heubach<\/td>\n<\/tr>\n<tr class=\"cm_table\">\n<td class=\"cm_table cm_firstcol\">27<\/td>\n<td class=\"cm_table\">10. April<\/td>\n<td class=\"cm_table\"><\/td>\n<td class=\"cm_table cm_lastcol\">BMA Triumph<\/td>\n<\/tr>\n<tr class=\"cm_table\">\n<td class=\"cm_table cm_firstcol\">26<\/td>\n<td class=\"cm_table\">7. April<\/td>\n<td class=\"cm_table\"><\/td>\n<td class=\"cm_table cm_lastcol\">Drehleiter zur Unterst\u00fctzung Stadt Heubach<\/td>\n<\/tr>\n<tr class=\"cm_table\">\n<td class=\"cm_table cm_firstcol\">25<\/td>\n<td class=\"cm_table\">2. April<\/td>\n<td class=\"cm_table\"><\/td>\n<td class=\"cm_table cm_lastcol\">PKW Brand<\/td>\n<\/tr>\n<tr class=\"cm_table\">\n<td class=\"cm_table cm_firstcol\">24<\/td>\n<td class=\"cm_table\">31. M\u00e4rz<\/td>\n<td class=\"cm_table\"><\/td>\n<td class=\"cm_table cm_lastcol\">\u00d6lspur<\/td>\n<\/tr>\n<tr class=\"cm_table\">\n<td class=\"cm_table cm_firstcol\">23<\/td>\n<td class=\"cm_table\">30. M\u00e4rz<\/td>\n<td class=\"cm_table\"><\/td>\n<td class=\"cm_table cm_lastcol\">\u00d6lspur<\/td>\n<\/tr>\n<tr class=\"cm_table\">\n<td class=\"cm_table cm_firstcol\">22<\/td>\n<td class=\"cm_table\">20. M\u00e4rz<\/td>\n<td class=\"cm_table\"><\/td>\n<td class=\"cm_table cm_lastcol\">Unterst\u00fctzung DRK<\/td>\n<\/tr>\n<tr class=\"cm_table\">\n<td class=\"cm_table cm_firstcol\">21<\/td>\n<td class=\"cm_table\">17. M\u00e4rz<\/td>\n<td class=\"cm_table\"><\/td>\n<td class=\"cm_table cm_lastcol\">TLF zur Unterst\u00fctzung Stadt Heubach<\/td>\n<\/tr>\n<tr class=\"cm_table\">\n<td class=\"cm_table cm_firstcol\">20<\/td>\n<td class=\"cm_table\">10. M\u00e4rz<\/td>\n<td class=\"cm_table\"><\/td>\n<td class=\"cm_table cm_lastcol\">TLF zur Unterst\u00fctzung Stadt Heubach<\/td>\n<\/tr>\n<tr class=\"cm_table\">\n<td class=\"cm_table cm_firstcol\">19<\/td>\n<td class=\"cm_table\">9. M\u00e4rz<\/td>\n<td class=\"cm_table\"><\/td>\n<td class=\"cm_table cm_lastcol\">\u00d6lspur<\/td>\n<\/tr>\n<tr class=\"cm_table\">\n<td class=\"cm_table cm_firstcol\">18<\/td>\n<td class=\"cm_table\">2. M\u00e4rz<\/td>\n<td class=\"cm_table\"><\/td>\n<td class=\"cm_table cm_lastcol\">Drehleiter zur Unterst\u00fctzung Stadt Heubach<\/td>\n<\/tr>\n<tr class=\"cm_table\">\n<td class=\"cm_table cm_firstcol\">17<\/td>\n<td class=\"cm_table\">2. M\u00e4rz<\/td>\n<td class=\"cm_table\"><\/td>\n<td class=\"cm_table cm_lastcol\">Drehleiter zur Unterst\u00fctzung Stadt Heubach<\/td>\n<\/tr>\n<tr class=\"cm_table\">\n<td class=\"cm_table cm_firstcol\">16<\/td>\n<td class=\"cm_table\">26. Februar<\/td>\n<td class=\"cm_table\"><\/td>\n<td class=\"cm_table cm_lastcol\">Drehleiter zur Unterst\u00fctzung Stadt Heubach<\/td>\n<\/tr>\n<tr class=\"cm_table\">\n<td class=\"cm_table cm_firstcol\">15<\/td>\n<td class=\"cm_table\">24. Februar<\/td>\n<td class=\"cm_table\"><\/td>\n<td class=\"cm_table cm_lastcol\">Drehleiter zur Unterst\u00fctzung Stadt Heubach<\/td>\n<\/tr>\n<tr class=\"cm_table\">\n<td class=\"cm_table cm_firstcol\">14<\/td>\n<td class=\"cm_table\">24. Februar<\/td>\n<td class=\"cm_table\"><\/td>\n<td class=\"cm_table cm_lastcol\">TLF zur Unterst\u00fctzung Stadt Heubach<\/td>\n<\/tr>\n<tr class=\"cm_table\">\n<td class=\"cm_table cm_firstcol\">13<\/td>\n<td class=\"cm_table\">21. Februar<\/td>\n<td class=\"cm_table\"><\/td>\n<td class=\"cm_table cm_lastcol\">T\u00fcr\u00f6ffnung<\/td>\n<\/tr>\n<tr class=\"cm_table\">\n<td class=\"cm_table cm_firstcol\">12<\/td>\n<td class=\"cm_table\">2. Februar<\/td>\n<td class=\"cm_table\"><\/td>\n<td class=\"cm_table cm_lastcol\">Drehleiter zur Unterst\u00fctzung Stadt Heubach<\/td>\n<\/tr>\n<tr class=\"cm_table\">\n<td class=\"cm_table cm_firstcol\">11<\/td>\n<td class=\"cm_table\">1. Februar<\/td>\n<td class=\"cm_table\"><\/td>\n<td class=\"cm_table cm_lastcol\">Drehleiter zur Unterst\u00fctzung Stadt Heubach<\/td>\n<\/tr>\n<tr class=\"cm_table\">\n<td class=\"cm_table cm_firstcol\">10<\/td>\n<td class=\"cm_table\">30. Januar<\/td>\n<td class=\"cm_table\"><\/td>\n<td class=\"cm_table cm_lastcol\">Ger\u00fcsteinsturz<\/td>\n<\/tr>\n<tr class=\"cm_table\">\n<td class=\"cm_table cm_firstcol\">9<\/td>\n<td class=\"cm_table\">30. Januar<\/td>\n<td class=\"cm_table\"><\/td>\n<td class=\"cm_table cm_lastcol\">Erkundung<\/td>\n<\/tr>\n<tr class=\"cm_table\">\n<td class=\"cm_table cm_firstcol\">8<\/td>\n<td class=\"cm_table\">30. Januar<\/td>\n<td class=\"cm_table\"><\/td>\n<td class=\"cm_table cm_lastcol\">Waldbrand<\/td>\n<\/tr>\n<tr class=\"cm_table\">\n<td class=\"cm_table cm_firstcol\">7<\/td>\n<td class=\"cm_table\">30. Januar<\/td>\n<td class=\"cm_table\"><\/td>\n<td class=\"cm_table cm_lastcol\">VU<\/td>\n<\/tr>\n<tr class=\"cm_table\">\n<td class=\"cm_table cm_firstcol\">6<\/td>\n<td class=\"cm_table\">28. Januar<\/td>\n<td class=\"cm_table\"><\/td>\n<td class=\"cm_table cm_lastcol\">Erkundung<\/td>\n<\/tr>\n<tr class=\"cm_table\">\n<td class=\"cm_table cm_firstcol\">5<\/td>\n<td class=\"cm_table\">Januar<\/td>\n<td class=\"cm_table\"><\/td>\n<td class=\"cm_table cm_lastcol\">T\u00fcr\u00f6ffnung<\/td>\n<\/tr>\n<tr class=\"cm_table\">\n<td class=\"cm_table cm_firstcol\">4<\/td>\n<td class=\"cm_table\">12. Januar<\/td>\n<td class=\"cm_table\"><\/td>\n<td class=\"cm_table cm_lastcol\">Drehleiter zur Unterst\u00fctzung Stadt Heubach<\/td>\n<\/tr>\n<tr class=\"cm_table\">\n<td class=\"cm_table cm_firstcol\">3<\/td>\n<td class=\"cm_table\">11.Januar<\/td>\n<td class=\"cm_table\"><\/td>\n<td class=\"cm_table cm_lastcol\">Drehleiter zur Unterst\u00fctzung Stadt Heubach<\/td>\n<\/tr>\n<tr class=\"cm_table\">\n<td class=\"cm_table cm_firstcol\">2<\/td>\n<td class=\"cm_table\">3.Januar<\/td>\n<td class=\"cm_table\">21:00<\/td>\n<td class=\"cm_table cm_lastcol\">\u00d6lspur<\/td>\n<\/tr>\n<tr class=\"cm_table cm_lastrow\">\n<td class=\"cm_table cm_firstcol\">1<\/td>\n<td class=\"cm_table\">3.Januar<\/td>\n<td class=\"cm_table\">11:45<\/td>\n<td class=\"cm_table cm_lastcol\">Drehleiter zu Unterst\u00fctzung des DRK nach Heuchlingen<\/td>\n<\/tr>\n<\/tbody>\n<\/table>\n<\/div>\n","protected":false},"excerpt":{"rendered":"<p>Hier finden Sie ein \u00dcberblick \u00fcber die Eins\u00e4tze des vergangenen Jahres. &nbsp; 101 31. Dezember Hausnotruf Lautern 100 24. Dezember Brand M\u00f6gglingen 99 30. November Brand M\u00f6gglingen 98 28. November Drehleiter zur Unterst\u00fctzung Stadt Heubach 97 27. November Drehleiter zur Unterst\u00fctzung Stadt Heubach 96 26.November Drehleiter zur Unterst\u00fctzung Stadt Heubach 95 25. November Drehleiter zur [&hellip;]<\/p>\n","protected":false},"author":1,"featured_media":0,"parent":0,"menu_order":0,"comment_status":"closed","ping_status":"closed","template":"","meta":{"jetpack_post_was_ever_published":false,"footnotes":""},"class_list":["post-36","page","type-page","status-publish","hentry"],"jetpack_sharing_enabled":true,"jetpack_shortlink":"https:\/\/wp.me\/P9MGZH-A","_links":{"self":[{"href":"https:\/\/www.ffw-heubach.de\/index.php?rest_route=\/wp\/v2\/pages\/36","targetHints":{"allow":["GET"]}}],"collection":[{"href":"https:\/\/www.ffw-heubach.de\/index.php?rest_route=\/wp\/v2\/pages"}],"about":[{"href":"https:\/\/www.ffw-heubach.de\/index.php?rest_route=\/wp\/v2\/types\/page"}],"author":[{"embeddable":true,"href":"https:\/\/www.ffw-heubach.de\/index.php?rest_route=\/wp\/v2\/users\/1"}],"replies":[{"embeddable":true,"href":"https:\/\/www.ffw-heubach.de\/index.php?rest_route=%2Fwp%2Fv2%2Fcomments&post=36"}],"version-history":[{"count":1,"href":"https:\/\/www.ffw-heubach.de\/index.php?rest_route=\/wp\/v2\/pages\/36\/revisions"}],"predecessor-version":[{"id":37,"href":"https:\/\/www.ffw-heubach.de\/index.php?rest_route=\/wp\/v2\/pages\/36\/revisions\/37"}],"wp:attachment":[{"href":"https:\/\/www.ffw-heubach.de\/index.php?rest_route=%2Fwp%2Fv2%2Fmedia&parent=36"}],"curies":[{"name":"wp","href":"https:\/\/api.w.org\/{rel}","templated":true}]}}