{"id":1986,"date":"2018-05-02T19:24:01","date_gmt":"2018-05-02T19:24:01","guid":{"rendered":"https:\/\/www.ffw-heubach.de\/?page_id=1986"},"modified":"2021-12-13T12:26:40","modified_gmt":"2021-12-13T11:26:40","slug":"datenschutz","status":"publish","type":"page","link":"https:\/\/www.ffw-heubach.de\/?page_id=1986","title":{"rendered":"Datenschutz"},"content":{"rendered":"<h2><span style=\"color: #ff0000;\">Datenschutzerkl\u00e4rung<\/span><\/h2>\n<p>Wir, die Freiwillige Feuerwehr Heubach (im Folgenden \u201c wir\/unser(e)\u201c), nehmen den Schutz Ihrer pers\u00f6nlichen Daten sehr ernst und halten uns streng an alle geltenden Gesetze und Vorschriften zum Datenschutz, insbesondere an die\u00a0 Datenschutzgrundverordnung, (DSGVO), das Bundesdatenschutzgesetz (BDSG) und das Telemediengesetz (TMG). Die folgenden Erl\u00e4uterungen geben Ihnen einen \u00dcberblick dar\u00fcber, wie wir diesen Schutz sicherstellen und welche Daten wir zu welchem Zweck verarbeiten.<\/p>\n<h2>1. Nutzungsdaten<\/h2>\n<p>Bei jedem Zugriff auf unsere Webseite und bei jedem Abruf einer Datei, werden automatisch \u00fcber diesen Vorgang allgemeine Daten in einer Protokolldatei gespeichert. Die Speicherung dient ausschlie\u00dflich systembezogenen und statistischen Zwecken (auf Grundlage von Art. 6 Abs. 1 Buchst. b) DSGVO), sowie in Ausnahmef\u00e4llen zur Anzeige von Straftaten (auf Grundlage von Art. 6 Abs. 1 Buchst. e) DSGVO). Eine Weitergabe der Daten an Dritte oder eine sonstige Auswertung findet nicht statt, es sei denn, es besteht eine gesetzliche Verpflichtung dazu (Art. 6 Abs. 1 Buchst . e) DSGVO). Im Einzelnen wird \u00fcber jeden Abruf folgender Datensatz gespeichert:<\/p>\n<ul>\n<li>Name der abgerufenen Datei<\/li>\n<li>Datum und Uhrzeit des Abrufs<\/li>\n<li>\u00fcbertragene Datenmenge<\/li>\n<li>Meldung, ob der Abruf erfolgreich war<\/li>\n<li>Beschreibung des Typs des verwendeten Webbrowsers<\/li>\n<li>verwendetes Betriebssystem<\/li>\n<li>die zuvor besuchte Seite<\/li>\n<li>Provider<\/li>\n<li>Ihre IP-Adresse<\/li>\n<\/ul>\n<h2>2. Personenbezogene Daten<\/h2>\n<p>Personenbezogene Daten werden von uns nur dann verarbeitet, wenn uns dies gesetzlich<br \/>\ngestattet ist, oder Sie uns Ihre Einwilligung erteilt haben. Im Einzelnen:<\/p>\n<ul>\n<li style=\"list-style-type: none;\">\n<ul>\n<li><strong>a. Kontakt<\/strong><br \/>\nWenn Sie mit uns in Kontakt treten, speichern wir Ihre Daten auf Grundlage von Art. 6 Abs. 1 Buchst. b) DSGVO zum Zwecke der Bearbeitung Ihrer Anfrage, sowie f\u00fcr den Fall, dass eine weitere Korrespondenz stattfinden sollte.<\/li>\n<li><strong>b. Newsletter<\/strong><br \/>\nGerne informieren wir Sie \u00fcber unseren Newsletter \u00fcber unser Unternehmen und unser Produktangebot. Zum Versand eines Newsletters ben\u00f6tigen wir Ihren Namen und Ihre E-Mail-Adresse. Sie k\u00f6nnen diese Angaben in die daf\u00fcr vorgesehenen Felder auf unserer Webseite eintragen. Nachdem Sie diese Daten abgesendet haben, erhalten Sie von uns eine E-Mail an die von Ihnen angegebene E-Mail-Adresse, in der Sie zur Verifizierung der von Ihnen angegebenen E-Mail-Adresse einen Best\u00e4tigungslink anklicken m\u00fcssen. Ihre Daten werden von uns nur zum Zwecke des Newsletterversands verarbeitet. Rechtsgrundlage der Datenverarbeitung ist Art. 6 Abs. 1 Buchst. b) DSGVO, bzw. mit Anklicken des Best\u00e4tigungslinks Ihre Einwilligung und damit Art. 6 Abs. 1 Buchst. a) DSGVO). Sie k\u00f6nnen sich jederzeit vom Newsletter wieder abmelden und damit der weiteren Verwendung Ihrer Daten widersprechen. Sie k\u00f6nnen sich hierzu am Ende eines jeden Newsletters aus dem Verteiler wieder austragen. Alternativ k\u00f6nnen Sie uns auch eine E-Mail an info@ffw-mutlangen.de zukommen lassen.<\/li>\n<\/ul>\n<\/li>\n<\/ul>\n<h2>3. Cookies<\/h2>\n<p>Wir setzen in einigen Bereichen unserer Webseite sogenannte Cookies ein. Durch solche Dateielemente kann Ihr Computer als technische Einheit w\u00e4hrend Ihres Besuchs auf dieser Webseite identifiziert werden, um Ihnen die Verwendung unseres Angebotes \u2013 auch bei Wiederholungsbesuchen \u2013 zu erleichtern. Sie haben aber in der Regel die M\u00f6glichkeit, Ihren Internetbrowser so einzustellen, dass Sie \u00fcber das Auftreten von Cookies informiert werden, so dass Sie diese zulassen oder ausschlie\u00dfen, beziehungsweise bereits vorhandene Cookies l\u00f6schen k\u00f6nnen. Bitte verwenden Sie die Hilfefunktion Ihres Internetbrowsers, um Informationen zu der \u00c4nderung dieser Einstellungen zu erlangen. Wir weisen darauf hin, dass einzelne Funktionen unserer Webseite m\u00f6glicherweise nicht funktionieren, wenn Sie die Verwendung von Cookies deaktiviert haben. Cookies erlauben nicht, dass ein Server private Daten von Ihrem Computer oder die von einem anderen Server abgelegten Daten lesen kann. Sie richten auf Ihrem Rechner keinen Schaden an und enthalten keine Viren. Wir st\u00fctzen den Einsatz von Cookies auf Art. 6 Abs. 1 Buchst. f) DSGVO: die Verarbeitung erfolgt zur Verbesserung der Funktionsweise unserer Webseite. Sie ist daher zur Wahrung unserer berechtigten Interessen erforderlich.<\/p>\n<button  href=\"#consent-change\" role=\"button\" id=\"rcb-sc-link-change\" data-success-message=\"\" class=\"rcb-sc-link rcb-sc-link-change \">Privatsph\u00e4re-Einstellungen \u00e4ndern<\/button>\n<button  href=\"#consent-history\" role=\"button\" id=\"rcb-sc-link-history\" data-success-message=\"\" class=\"rcb-sc-link rcb-sc-link-history \">Historie der Privatsph\u00e4re-Einstellungen<\/button>\n<button  href=\"#consent-revoke\" role=\"button\" id=\"rcb-sc-link-revoke\" data-success-message=\"Du hast die Einwilligung erfolgreich widerrufen. Die Seite wird nun neu geladen.\" class=\"rcb-sc-link rcb-sc-link-revoke \">Einwilligungen widerrufen<\/button>\n<h2>4. Verwendung\u00a0\u00a0von reCAPTCHA<\/h2>\n<p>Um Eingabeformulare auf unserer Seite zu sch\u00fctzen, setzen wir den Dienst \u201ereCAPTCHA\u201c der Firma Google Inc., 1600 Amphitheatre Parkway, Mountain View, CA 94043 USA, nachfolgend \u201eGoogle\u201c, ein. Durch den Einsatz dieses Dienstes kann unterschieden werden, ob die entsprechende Eingabe menschlicher Herkunft ist oder durch automatisierte maschinelle Verarbeitung missbr\u00e4uchlich erfolgt.<\/p>\n<p>Nach unserer Kenntnis werden die Referrer-URL, die IP-Adresse, das Verhalten der Webseitenbesucher, Informationen \u00fcber Betriebssystem, Browser und Verweildauer, Cookies, Darstellungsanweisungen und Skripte, das Eingabeverhalten des Nutzers sowie Mausbewegungen im Bereich der \u201ereCAPTCHA\u201c-Checkbox an \u201eGoogle\u201c \u00fcbertragen.<\/p>\n<p>Google verwendet die so erlangten Informationen unter anderem dazu, B\u00fccher und andere Druckerzeugnisse zu digitalisieren sowie Dienste wie Google Street View und Google Maps zu optimieren (bspw. Hausnummern- und Stra\u00dfennamenerkennung).<\/p>\n<p>Die im Rahmen von \u201ereCAPTCHA\u201c \u00fcbermittelte IP-Adresse wird nicht mit anderen Daten von Google zusammengef\u00fchrt, au\u00dfer Sie sind zum Zeitpunkt der Nutzung des \u201ereCAPTCHA\u201c-Plug-ins bei Ihrem Google-Account angemeldet. Wenn Sie diese \u00dcbermittlung und Speicherung von Daten \u00fcber Sie und Ihr Verhalten auf unserer Webseite durch \u201eGoogle\u201c unterbinden wollen, m\u00fcssen Sie sich bei \u201eGoogle\u201c ausloggen und zwar bevor Sie unsere Seite besuchen bzw. das reCAPTCHA Plug-in benutzen.<\/p>\n<p>Die Nutzung des Dienstes \u201ereCAPTCHA\u201c erlangten Informationen erfolgt gem\u00e4\u00df den\u00a0Google-Nutzungsbedingungen:<\/p>\n<p><a href=\"https:\/\/www.google.com\/intl\/de\/policies\/privacy\/\" target=\"_blank\" rel=\"nofollow noopener\">https:\/\/www.google.com\/intl\/de\/policies\/privacy\/<\/a>.<\/p>\n<h2>5. Verwendung der Social Plugins von Facebook, Twitter, Google+ und Instagram<\/h2>\n<p>Der Schutz Ihrer personenbezogenen Daten ist uns sehr wichtig. Deshalb verzichten wir auf die direkte Implementierung der verschiedenen Social Plugins. Auf unseren Seiten setzen wir lediglich Links auf diese sozialen Netzwerke. Erst wenn Sie den Links folgen, werden die entsprechenden Social Plugins aktiviert.<\/p>\n<p>Bitte beachten Sie, dass es erst dann zu einer \u00dcbermittlung von Daten kommt, wenn Sie die entsprechenden Social Plugins durch einen Klick auf den korrespondierenden Link aktiviert haben. Allein der Besuch unserer Seiten l\u00f6st keine Daten\u00fcbermittlung aus. Aktivieren Sie die Daten\u00fcbermittlung durch Bet\u00e4tigen des entsprechenden Links kommt es zu folgender Daten\u00fcbertragung:<\/p>\n<ul>\n<li><strong>a. Facebook<\/strong><br \/>\nAuf unserer Seite sind dann Plugins des sozialen Netzwerks Facebook (Facebook Inc., 1601 Willow Road, Menlo Park, CA 94025, USA) integriert. Die Facebook-Plugins erkennen Sie an dem Facebook-Logo oder dem \u201eLike-Button\u201c (\u201eGef\u00e4llt mir\u201c) auf unserer Seite. Eine \u00dcbersicht \u00fcber die Facebook-Plugins finden Sie hier:\u00a0<a href=\"http:\/\/developers.facebook.com\/docs\/plugins\/\" target=\"_blank\" rel=\"noopener\">http:\/\/developers.facebook.com\/docs\/plugins\/<\/a>. Es wird \u00fcber das Plugin eine direkte Verbindung zwischen Ihrem Browser und dem Facebook-Server hergestellt. Facebook erh\u00e4lt dadurch die Information, dass Sie mit Ihrer IP-Adresse unsere Seite besucht haben. Wenn Sie den Facebook \u201eLike-Button\u201c anklicken w\u00e4hrend Sie in Ihrem Facebook-Account eingeloggt sind, k\u00f6nnen Sie die Inhalte unserer Plattform auf Ihren Facebook-Account verlinken. Dadurch kann Facebook den Besuch unserer Seite Ihrem Account zuordnen. Wir weisen darauf hin, dass wir als Seitenbetreiber keine Kenntnis vom Inhalt der \u00fcbermittelten Daten sowie deren Nutzung durch Facebook erhalten. Weitere Informationen hierzu finden Sie in der Datenschutzerkl\u00e4rung von Facebook unter\u00a0<a href=\"http:\/\/de-de.facebook.com\/policy.php\" target=\"_blank\" rel=\"noopener\">http:\/\/de-de.facebook.com\/policy.php<\/a>. Wenn Sie nicht w\u00fcnschen, dass Facebook den Besuch unserer Seite Ihrem Facebook-Account zuordnen kann, loggen Sie sich bitte aus Ihrem Facebook-Account aus, oder aktivieren Sie die Social Plugins nicht.<\/li>\n<li><strong>b. Twitter<\/strong><br \/>\nAuf unserer Webseite sind dann Funktionen des Dienstes Twitter eingebunden. Diese Funktionen werden angeboten durch die Twitter Inc., 1355 Market St, Suite 900, San Francisco, CA 94103, USA. Durch das Benutzen von Twitter und der Funktion \u201eRe-Tweet\u201c werden die von Ihnen besuchten Seiten mit Ihrem Twitter-Account verkn\u00fcpft und anderen Nutzern bekannt gegeben. Dabei werden auch Daten an Twitter \u00fcbertragen. Wir weisen darauf hin, dass wir als Seitenbetreiber keine Kenntnis vom Inhalt der \u00fcbermittelten Daten sowie deren Nutzung durch Twitter erhalten. Weitere Informationen hierzu finden Sie in der Datenschutzerkl\u00e4rung von Twitter unter\u00a0<a href=\"http:\/\/twitter.com\/privacy\" target=\"_blank\" rel=\"noopener\">http:\/\/twitter.com\/privacy<\/a>. Ihre Datenschutzeinstellungen bei Twitter k\u00f6nnen Sie in den Konto-Einstellungen unter\u00a0<a href=\"http:\/\/twitter.com\/account\/settings\" target=\"_blank\" rel=\"noopener\">http:\/\/twitter.com\/account\/settings<\/a>\u00a0\u00e4ndern.<\/li>\n<li><strong>c. Google +1<\/strong><br \/>\nAuf unserer Seite sind dann Funktionen des Dienstes Google+ eingebunden. Diese Funktionen werden angeboten durch die Google Inc., 1600 Amphitheatre Parkway, Mountain View, CA 94043, USA. Durch das Benutzen von Google+ und der \u201e+1\u201c-Schaltfl\u00e4che baut der Browser eine direkte Verbindung mit den Servern von Google auf. Der Inhalt der \u201c+1\u2033-Schaltfl\u00e4che wird von Google direkt an seinen Browser \u00fcbermittelt und von diesem in die Webseite eingebunden. Wir haben keinen Einfluss auf den Umfang der Daten, die Google mit der Schaltfl\u00e4che erhebt.Zweck und Umfang der Datenerhebung und die weitere Verarbeitung und Nutzung der Daten durch Google sowie Ihre diesbez\u00fcglichen Rechte und Einstellungsm\u00f6glichkeiten zum Schutz Ihrer Privatsph\u00e4re k\u00f6nnen Sie Googles Datenschutzhinweisen zu der \u201c+1\u2033-Schaltfl\u00e4che entnehmen:\u00a0<a href=\"http:\/\/www.google.com\/intl\/de\/+\/policy\/+1button.html\" target=\"_blank\" rel=\"noopener\">http:\/\/www.google.com\/intl\/de\/+\/policy\/+1button.html<\/a>\u00a0und den FAQ:\u00a0<a href=\"http:\/\/www.google.com\/intl\/de\/+1\/button\/\">http:\/\/www.google.com\/intl\/de\/+1\/button\/<\/a>.<\/li>\n<li><strong>d. Instagram<\/strong><br \/>\nAuf unserer Seite sind dann Funktionen des Dienstes Instagram eingebunden. Diese Funktionen werden angeboten durch die Instagram LLC, 1601 Willow Road Menlo Park, CA 94025, USA. Seit 2012 geh\u00f6rt die Instagram LLC zum Konzernverbund der Facebook Inc., 1601 Willow Road, Menlo Park, CA 94025, USA. Eine \u00dcbersicht \u00fcber die Instagram-Plugins finden Sie hier:\u00a0<a href=\"http:\/\/blog.instagram.com\/post\/36222022872\/introducing-instagram-badges\" target=\"_blank\" rel=\"noopener\">http:\/\/blog.instagram.com\/post\/36222022872\/introducing-instagram-badges<\/a>. Wenn Sie mit den Plugins interagieren, zum Beispiel den \u201eInstagram\u201c-Button bet\u00e4tigen, wird \u00fcber das Plugin eine direkte Verbindung zwischen Ihrem Browser und dem Instagram-Server hergestellt. Instagram erh\u00e4lt dadurch die Information, dass Ihr Browser die entsprechende Seite unserer Webseite aufgerufen hat, auch wenn Sie keinen Instagram-Account besitzen oder gerade nicht bei Instagram eingeloggt sind. Diese Information (einschlie\u00dflich Ihrer IP-Adresse) wird von Ihrem Browser direkt an den Server von Instagram in die USA \u00fcbermittelt und dort gespeichert. Dadurch kann Instagram den Besuch unserer Seite Ihrem Instagram-Account zuordnen. Wir weisen darauf hin, dass wir als Seitenbetreiber keine Kenntnis vom Inhalt der \u00fcbermittelten Daten sowie deren Nutzung durch Instagram erhalten. Weitere Informationen hierzu finden Sie in der Datenschutzerkl\u00e4rung von Instagram unter\u00a0<a href=\"https:\/\/www.instagram.com\/about\/legal\/privacy\/\" target=\"_blank\" rel=\"noopener\">https:\/\/www.instagram.com\/about\/legal\/privacy\/<\/a>. Wenn Sie nicht w\u00fcnschen, dass Instagram den Besuch unserer Seite Ihrem Instagram-Account zuordnen kann, loggen Sie sich bitte aus Ihrem Instagram-Account aus, oder aktivieren Sie die Social Plugins nicht.<\/li>\n<\/ul>\n<p>Wir st\u00fctzen den Einsatz der vorgenannten Social Plugins auf Art. 6 Abs. 1 Buchst. a) DSGVO. Mit Aktivierung des entsprechenden Links erteilen Sie uns Ihre Einwilligung zur Datenverarbeitung. Jedenfalls ist die Datenverarbeitung nach Art. 6 Abs. 1 Buchst. f) DSGVO zul\u00e4ssig; mit Aktivierung des entsprechenden Links erfolgt die Datenverarbeitung zu Werbezwecken und liegt daher in unserem berechtigten Interesse.<\/p>\n<h2>6. Einsatz von YouTube-Komponenten mit erweitertem Datenschutzmodus<\/h2>\n<p>Auf unserer Webseite setzen wir Komponenten (Videos) des Unternehmens YouTube, LLC 901 Cherry Ave., 94066 San Bruno, CA, USA, einem Unternehmen der Google Inc., Amphitheatre Parkway, Mountain View, CA 94043, USA, ein.<\/p>\n<p>Hierbei nutzen wir die von YouTube zur Verf\u00fcgung gestellte Option &#8220; &#8211; erweiterter Datenschutzmodus &#8211; &#8222;.<\/p>\n<p>Wenn Sie eine Seite aufrufen, die \u00fcber ein eingebettetes Video verf\u00fcgt, wird eine Verbindung zu den YouTube-Servern hergestellt und dabei der Inhalt durch Mitteilung an Ihren Browser auf der Internetseite dargestellt.<\/p>\n<p>Laut den Angaben von YouTube werden im &#8220; &#8211; erweiterten Datenschutzmodus -&#8220; nur Daten an den YouTube-Server \u00fcbermittelt, insbesondere welche unserer Internetseiten Sie besucht haben, wenn Sie das Video anschauen. Sind Sie gleichzeitig bei YouTube eingeloggt, werden diese Informationen Ihrem Mitgliedskonto bei YouTube zugeordnet. Dies k\u00f6nnen Sie verhindern, indem Sie sich vor dem Besuch unserer Website von Ihrem Mitgliedskonto abmelden.<\/p>\n<p>Weitere Informationen zum Datenschutz von YouTube werden von Google unter dem folgenden Link bereitgestellt:<\/p>\n<p><a href=\"https:\/\/www.google.de\/intl\/de\/policies\/privacy\/\" target=\"_blank\" rel=\"nofollow noopener\">https:\/\/www.google.de\/intl\/de\/policies\/privacy\/<\/a><\/p>\n<h2>7. Verwendung\u00a0von Jetpack mit wordpress.com STATS<\/h2>\n<p>Wir setzen auf unserer Seite die Komponente Jetpack der Automattic Inc., 132 Hawthorne Street, San Francisco, CA 94107, United States of America, unter Einsatz der Technologie der Quantcast Corp., 201 Third Street, 2nd Floor, San Francisco, CA 94103, United States of America, ein. Bei jedem einzelnen Aufruf unserer Seite werden durch den Einsatz von Cookies Daten zur Webanalyse gesammelt und in den USA gespeichert. Cookies sind kleine Textdateien, die lokal im Zwischenspeicher des Internet-Browsers des Besuchers gespeichert werden, um so die Wiedererkennung des Internet-Browsers des Besuchers zu erm\u00f6glichen. Die IP-Adresse wird hierbei unverz\u00fcglich nach der Verarbeitung jedoch noch vor deren Speicherung anonymisiert. Sie k\u00f6nnen die Installation der Cookies durch eine entsprechende Einstellung Ihrer Browser-Software verhindern bzw. bereits gespeicherte Cookies l\u00f6schen; wir weisen Sie jedoch darauf hin, dass Sie in diesem Fall gegebenenfalls nicht s\u00e4mtliche Funktionen unserer Website vollumf\u00e4nglich nutzen k\u00f6nnen.<\/p>\n<p>Der Erhebung und Nutzung der Daten durch die Komponente Jetpack kann mit Wirkung f\u00fcr die Zukunft widersprochen werden, wenn Sie ein Opt-Out-Cookie in Ihrem Browser \u00fcber die Seite\u00a0<a href=\"http:\/\/www.quantcast.com\/opt-out\" target=\"_blank\" rel=\"noopener\">http:\/\/www.quantcast.com\/opt-out<\/a>\u00a0setzen. Wenn Sie alle Cookies Ihres Browsers l\u00f6schen sollten, muss der Vorgang wiederholt werden.<\/p>\n<h2>8. Dauer der Speicherung<\/h2>\n<p>Wir speichern Ihre Daten so lange, wie es f\u00fcr eine abschlie\u00dfende Bearbeitung Ihres Anliegens notwendig ist.<\/p>\n<h2>9. Betroffenenrechte<\/h2>\n<ul>\n<li><strong>a. Auskunftsrecht<\/strong><br \/>\nSie haben das Recht, von uns eine Best\u00e4tigung dar\u00fcber zu verlangen, ob Sie betreffende personenbezogene Daten verarbeitet werden. Senden Sie hierf\u00fcr bitte einfach eine E-Mail an\u00a0<a href=\"mailto:webmaster@feuerwehr-heubach.de\">webmaster@feuerwehr-heubach.de<\/a><\/li>\n<li><strong>b. Berichtigung\/L\u00f6schung\/Einschr\u00e4nkung der Verarbeitung<\/strong><br \/>\nDes Weiteren haben Sie das Recht, von uns zu verlangen, dass<\/p>\n<ul>\n<li>Sie betreffende unrichtige personenbezogene Daten unverz\u00fcglich berichtigt werden (Recht auf Berichtigung);<\/li>\n<li>Sie betreffende personenbezogene Daten unverz\u00fcglich gel\u00f6scht werden (Recht auf L\u00f6schung) und<\/li>\n<li>die Verarbeitung eingeschr\u00e4nkt wird (Recht auf Einschr\u00e4nken der Verarbeitung).<\/li>\n<\/ul>\n<\/li>\n<\/ul>\n<p>Senden Sie hierf\u00fcr bitte einfach eine E-Mail an\u00a0<a href=\"mailto:webmaster@feuerwehr-heubach.de\">webmaster@feuerwehr-heubach.de<\/a><\/p>\n<ul>\n<li><strong>c. Recht auf Daten\u00fcbertragbarkeit<\/strong><br \/>\nSie haben das Recht, Sie betreffende personenbezogene Daten, die Sie uns bereitgestellt haben, in einem strukturierten, g\u00e4ngigen und maschinenlesbaren Format zu erhalten und diese Daten einem anderen Verantwortlichen zu \u00fcbermitteln. Senden Sie hierf\u00fcr bitte einfach eine E-Mail an\u00a0<a href=\"mailto:webmaster@feuerwehr-heubach.de\">webmaster@feuerwehr-heubach.de<\/a>.<\/li>\n<li><strong>d. Widerrufsrecht<\/strong><br \/>\nSie haben das Recht, Ihre Einwilligung jederzeit zu widerrufen. Durch den Widerruf der Einwilligung wird die Rechtm\u00e4\u00dfigkeit der aufgrund der Einwilligung bis zum Widerruf erfolgten Verarbeitung nicht ber\u00fchrt. Senden Sie hierf\u00fcr bitte einfach eine E-Mail an\u00a0<a href=\"mailto:webmaster@feuerwehr-heubach.de\">webmaster@feuerwehr-heubach.de<\/a><\/li>\n<li><strong>e. Widerspruchsrecht<\/strong><br \/>\nIst die Verarbeitung Sie betreffender personenbezogener Daten f\u00fcr die Wahrnehmung einer Aufgabe, die im \u00f6ffentlichen Interesse liegt (Art. 6 Abs. 1 Buchst. e) DSGVO) oder zur Wahrung unserer berechtigten Interessen (Art. 6 Abs. 1 Buchst. f) DSGVO) erforderlich, steht Ihnen ein Widerspruchsrecht zu. Senden Sie hierf\u00fcr bitte einfach eine E-Mail an\u00a0<a href=\"mailto:webmaster@feuerwehr-heubach.de\">webmaster@feuerwehr-heubach.de<\/a>.<\/li>\n<li><strong>f. Beschwerderecht<\/strong><br \/>\nSind Sie der Ansicht, dass die Verarbeitung der Sie betreffenden personenbezogenen Daten gegen die DSGVO verst\u00f6\u00dft, haben Sie unbeschadet anderweitiger Rechtsbehelfe das Recht auf Beschwerde bei einer Aufsichtsbeh\u00f6rde.<\/li>\n<\/ul>\n<h2>10. Sicherheit<\/h2>\n<p>F\u00fcr die Sicherheit Ihrer Daten verwenden wir modernste Internettechnologien. W\u00e4hrend des Onlineanfrageprozesses sind Ihre Angaben mit einer SSL-Verschl\u00fcsselung gesichert. F\u00fcr eine sichere Speicherung Ihrer Daten werden unsere Systeme durch Firewalls gesch\u00fctzt, die unberechtigte Zugriffe von au\u00dfen verhindern.<\/p>\n","protected":false},"excerpt":{"rendered":"<p>Datenschutzerkl\u00e4rung Wir, die Freiwillige Feuerwehr Heubach (im Folgenden \u201c wir\/unser(e)\u201c), nehmen den Schutz Ihrer pers\u00f6nlichen Daten sehr ernst und halten uns streng an alle geltenden Gesetze und Vorschriften zum Datenschutz, insbesondere an die\u00a0 Datenschutzgrundverordnung, (DSGVO), das Bundesdatenschutzgesetz (BDSG) und das Telemediengesetz (TMG). Die folgenden Erl\u00e4uterungen geben Ihnen einen \u00dcberblick dar\u00fcber, wie wir diesen Schutz sicherstellen [&hellip;]<\/p>\n","protected":false},"author":1,"featured_media":0,"parent":0,"menu_order":0,"comment_status":"closed","ping_status":"closed","template":"","meta":{"jetpack_post_was_ever_published":false,"footnotes":""},"class_list":["post-1986","page","type-page","status-publish","hentry"],"jetpack_sharing_enabled":true,"jetpack_shortlink":"https:\/\/wp.me\/P9MGZH-w2","_links":{"self":[{"href":"https:\/\/www.ffw-heubach.de\/index.php?rest_route=\/wp\/v2\/pages\/1986","targetHints":{"allow":["GET"]}}],"collection":[{"href":"https:\/\/www.ffw-heubach.de\/index.php?rest_route=\/wp\/v2\/pages"}],"about":[{"href":"https:\/\/www.ffw-heubach.de\/index.php?rest_route=\/wp\/v2\/types\/page"}],"author":[{"embeddable":true,"href":"https:\/\/www.ffw-heubach.de\/index.php?rest_route=\/wp\/v2\/users\/1"}],"replies":[{"embeddable":true,"href":"https:\/\/www.ffw-heubach.de\/index.php?rest_route=%2Fwp%2Fv2%2Fcomments&post=1986"}],"version-history":[{"count":5,"href":"https:\/\/www.ffw-heubach.de\/index.php?rest_route=\/wp\/v2\/pages\/1986\/revisions"}],"predecessor-version":[{"id":6778,"href":"https:\/\/www.ffw-heubach.de\/index.php?rest_route=\/wp\/v2\/pages\/1986\/revisions\/6778"}],"wp:attachment":[{"href":"https:\/\/www.ffw-heubach.de\/index.php?rest_route=%2Fwp%2Fv2%2Fmedia&parent=1986"}],"curies":[{"name":"wp","href":"https:\/\/api.w.org\/{rel}","templated":true}]}}