{"id":1871,"date":"2018-04-01T12:42:21","date_gmt":"2018-04-01T12:42:21","guid":{"rendered":"https:\/\/www.ffw-heubach.de\/?page_id=1871"},"modified":"2021-06-25T11:12:41","modified_gmt":"2021-06-25T09:12:41","slug":"maschinisten","status":"publish","type":"page","link":"https:\/\/www.ffw-heubach.de\/?page_id=1871","title":{"rendered":"Maschinisten"},"content":{"rendered":"<p>Voraussetzungen f\u00fcr die Lehrgangsteilnahme sind die erfolgreich abgeschlossene Truppmannausbildung und die jeweils erforderliche Fahrerlaubnis f\u00fcr die betreffende Fahrzeugklasse.<br>\nDer Lehrgang \u201eSprechfunker\u201c soll vor dem Lehrgang \u201eMaschinisten\u201c abgeschlossen sein.<\/p>\n<p>Ziel der Ausbildung ist die Bef\u00e4higung zum Bedienen maschinell angetriebener Einrichtungen<br>\n&#8211; mit Ausnahme von maschinellen Zugeinrichtungen &#8211; und sonstiger auf L\u00f6schfahrzeugen<br>\nmitgef\u00fchrten Ger\u00e4te sowie die Vermittlung von Kenntnissen und richtiger Verhaltensweisen, die f\u00fcr die Durchf\u00fchrung von Einsatzfahrten unter Inanspruchnahme von Sonderrechten<br>\nerforderlich sind.<\/p>\n<p>Lehrgangsdauer: mindestens 35 Stunden.<\/p>\n\n\n<div class=\"wp-block-buttons is-layout-flex wp-block-buttons-is-layout-flex\">\n<div class=\"wp-block-button has-custom-width wp-block-button__width-100\"><a class=\"wp-block-button__link has-vivid-red-background-color has-background\" href=\"https:\/\/www.lfs-bw.de\/fileadmin\/LFS-BW\/themen\/ausbilden\/lzk\/dokumente\/LZK_Maschinisten.pdf\" style=\"border-radius:9px\">Lernzielkatalog Maschinist f\u00fcr L\u00f6schfahrzeuge<\/a><\/div>\n<\/div>\n\n\n\n<p><\/p>\n","protected":false},"excerpt":{"rendered":"<p>Voraussetzungen f\u00fcr die Lehrgangsteilnahme sind die erfolgreich abgeschlossene Truppmannausbildung und die jeweils erforderliche Fahrerlaubnis f\u00fcr die betreffende Fahrzeugklasse. Der Lehrgang \u201eSprechfunker\u201c soll vor dem Lehrgang \u201eMaschinisten\u201c abgeschlossen sein. Ziel der Ausbildung ist die Bef\u00e4higung zum Bedienen maschinell angetriebener Einrichtungen &#8211; mit Ausnahme von maschinellen Zugeinrichtungen &#8211; und sonstiger auf L\u00f6schfahrzeugen mitgef\u00fchrten Ger\u00e4te sowie die Vermittlung [&hellip;]<\/p>\n","protected":false},"author":3,"featured_media":0,"parent":0,"menu_order":0,"comment_status":"closed","ping_status":"closed","template":"","meta":{"jetpack_post_was_ever_published":false,"footnotes":""},"class_list":["post-1871","page","type-page","status-publish","hentry"],"jetpack_sharing_enabled":true,"jetpack_shortlink":"https:\/\/wp.me\/P9MGZH-ub","_links":{"self":[{"href":"https:\/\/www.ffw-heubach.de\/index.php?rest_route=\/wp\/v2\/pages\/1871","targetHints":{"allow":["GET"]}}],"collection":[{"href":"https:\/\/www.ffw-heubach.de\/index.php?rest_route=\/wp\/v2\/pages"}],"about":[{"href":"https:\/\/www.ffw-heubach.de\/index.php?rest_route=\/wp\/v2\/types\/page"}],"author":[{"embeddable":true,"href":"https:\/\/www.ffw-heubach.de\/index.php?rest_route=\/wp\/v2\/users\/3"}],"replies":[{"embeddable":true,"href":"https:\/\/www.ffw-heubach.de\/index.php?rest_route=%2Fwp%2Fv2%2Fcomments&post=1871"}],"version-history":[{"count":2,"href":"https:\/\/www.ffw-heubach.de\/index.php?rest_route=\/wp\/v2\/pages\/1871\/revisions"}],"predecessor-version":[{"id":4821,"href":"https:\/\/www.ffw-heubach.de\/index.php?rest_route=\/wp\/v2\/pages\/1871\/revisions\/4821"}],"wp:attachment":[{"href":"https:\/\/www.ffw-heubach.de\/index.php?rest_route=%2Fwp%2Fv2%2Fmedia&parent=1871"}],"curies":[{"name":"wp","href":"https:\/\/api.w.org\/{rel}","templated":true}]}}