{"id":1863,"date":"2018-04-01T12:39:20","date_gmt":"2018-04-01T12:39:20","guid":{"rendered":"https:\/\/www.ffw-heubach.de\/?page_id=1863"},"modified":"2021-06-25T11:09:48","modified_gmt":"2021-06-25T09:09:48","slug":"atemschutzgeraetetraeger","status":"publish","type":"page","link":"https:\/\/www.ffw-heubach.de\/?page_id=1863","title":{"rendered":"Atemschutzger\u00e4tetr\u00e4ger"},"content":{"rendered":"<p>Der Lehrgang \u201eAtemschutzger\u00e4tetr\u00e4ger\u201c wird an einer von der Landesfeuerwehrschule anerkannten Ausbildungsst\u00e4tte mit Atemschutz\u00fcbungsanlage durchgef\u00fchrt.<br>\nDie Teilnehmenden m\u00fcssen vor Beginn des Lehrgangs eine Eignungsuntersuchung, zum Beispiel nach dem Grundsatz G 26 der Deutschen Gesetzlichen Unfallversicherung<br>\n(DGUV), vorweisen. Bei der praktischen Ausbildung muss je Ausbildungsgruppe eine Ausbilderin oder ein Ausbilder f\u00fcr Atemschutzger\u00e4tetr\u00e4ger zur Verf\u00fcgung<br>\nstehen. Je nach Ausgestaltung der Atemschutz\u00fcbungsanlage sind weitere im Atemschutz erfahrene Kr\u00e4fte f\u00fcr die \u00dcberwachung der praktischen Ausbildung einzusetzen.<\/p>\n<p>Voraussetzung f\u00fcr die Lehrgangsteilnahme ist die erfolgreich abgeschlossene Truppmannausbildung<br>\nTeil 1. Der Lehrgang \u201eSprechfunker\u201c soll vor dem Lehrgang \u201eAtemschutzger\u00e4tetr\u00e4ger\u201c<br>\nabgeschlossen sein.<\/p>\n<p>Ziel der Ausbildung ist die Bef\u00e4higung zum Einsatz unter Atemschutz.<br>\nLehrgangsdauer: mindestens 25 Stunden.<br>\nDer Lehrgang wird nach landesrechtlichen Regelungen auf Kreisebene oder an Landesfeuerwehrschulen<br>\ndurchgef\u00fchrt.<\/p>\n\n\n<div class=\"wp-block-buttons is-layout-flex wp-block-buttons-is-layout-flex\">\n<div class=\"wp-block-button has-custom-width wp-block-button__width-100\"><a class=\"wp-block-button__link has-white-color has-vivid-red-background-color has-text-color has-background\" href=\"https:\/\/www.lfs-bw.de\/fileadmin\/LFS-BW\/themen\/ausbilden\/lzk\/dokumente\/LZK_Atemschutzgeraetetraeger.pdf\" style=\"border-radius:9px\" target=\"_blank\" rel=\"noreferrer noopener\">Lernzielkatalog Atemschutzger\u00e4tetr\u00e4ger<\/a><\/div>\n<\/div>\n","protected":false},"excerpt":{"rendered":"<p>Der Lehrgang \u201eAtemschutzger\u00e4tetr\u00e4ger\u201c wird an einer von der Landesfeuerwehrschule anerkannten Ausbildungsst\u00e4tte mit Atemschutz\u00fcbungsanlage durchgef\u00fchrt. Die Teilnehmenden m\u00fcssen vor Beginn des Lehrgangs eine Eignungsuntersuchung, zum Beispiel nach dem Grundsatz G 26 der Deutschen Gesetzlichen Unfallversicherung (DGUV), vorweisen. Bei der praktischen Ausbildung muss je Ausbildungsgruppe eine Ausbilderin oder ein Ausbilder f\u00fcr Atemschutzger\u00e4tetr\u00e4ger zur Verf\u00fcgung stehen. Je nach [&hellip;]<\/p>\n","protected":false},"author":1,"featured_media":0,"parent":0,"menu_order":0,"comment_status":"closed","ping_status":"closed","template":"","meta":{"jetpack_post_was_ever_published":false,"footnotes":""},"class_list":["post-1863","page","type-page","status-publish","hentry"],"jetpack_sharing_enabled":true,"jetpack_shortlink":"https:\/\/wp.me\/P9MGZH-u3","_links":{"self":[{"href":"https:\/\/www.ffw-heubach.de\/index.php?rest_route=\/wp\/v2\/pages\/1863","targetHints":{"allow":["GET"]}}],"collection":[{"href":"https:\/\/www.ffw-heubach.de\/index.php?rest_route=\/wp\/v2\/pages"}],"about":[{"href":"https:\/\/www.ffw-heubach.de\/index.php?rest_route=\/wp\/v2\/types\/page"}],"author":[{"embeddable":true,"href":"https:\/\/www.ffw-heubach.de\/index.php?rest_route=\/wp\/v2\/users\/1"}],"replies":[{"embeddable":true,"href":"https:\/\/www.ffw-heubach.de\/index.php?rest_route=%2Fwp%2Fv2%2Fcomments&post=1863"}],"version-history":[{"count":2,"href":"https:\/\/www.ffw-heubach.de\/index.php?rest_route=\/wp\/v2\/pages\/1863\/revisions"}],"predecessor-version":[{"id":4819,"href":"https:\/\/www.ffw-heubach.de\/index.php?rest_route=\/wp\/v2\/pages\/1863\/revisions\/4819"}],"wp:attachment":[{"href":"https:\/\/www.ffw-heubach.de\/index.php?rest_route=%2Fwp%2Fv2%2Fmedia&parent=1863"}],"curies":[{"name":"wp","href":"https:\/\/api.w.org\/{rel}","templated":true}]}}