{"id":1861,"date":"2018-04-01T12:38:05","date_gmt":"2018-04-01T12:38:05","guid":{"rendered":"https:\/\/www.ffw-heubach.de\/?page_id=1861"},"modified":"2021-06-25T11:11:11","modified_gmt":"2021-06-25T09:11:11","slug":"truppfuehrer","status":"publish","type":"page","link":"https:\/\/www.ffw-heubach.de\/?page_id=1861","title":{"rendered":"Truppf\u00fchrer"},"content":{"rendered":"<p>Bei der Ausbildung zum Truppf\u00fchrer ist zu ber\u00fccksichtigen, dass dieser bei \u00dcbungen und im Einsatz die Verantwortung f\u00fcr die Einsatzma\u00dfnahmen und die Sicherheit seines Truppmanns tr\u00e4gt.<\/p>\n<p>Voraussetzungen f\u00fcr die Lehrgangsteilnahme ist die erfolgreich abgeschlossene Truppmannausbildung.<\/p>\n<p>Lehrgangsdauer: mindestens 35 Stunden.<\/p>\n<p>Der Lehrgang wird nach landesrechtlichen Regelungen auf Kreisebene oder an Landesfeuerwehrschulen<br>\ndurchgef\u00fchrt<\/p>\n\n\n<div class=\"wp-block-buttons is-layout-flex wp-block-buttons-is-layout-flex\">\n<div class=\"wp-block-button has-custom-width wp-block-button__width-100\"><a class=\"wp-block-button__link has-vivid-red-background-color has-background\" href=\"https:\/\/www.lfs-bw.de\/fileadmin\/LFS-BW\/themen\/ausbilden\/lzk\/dokumente\/LZK_Truppfuehrer.pdf\" style=\"border-radius:9px\">Lernzielkatalog Truppf\u00fchrer<\/a><\/div>\n<\/div>\n\n\n\n<p><\/p>\n","protected":false},"excerpt":{"rendered":"<p>Bei der Ausbildung zum Truppf\u00fchrer ist zu ber\u00fccksichtigen, dass dieser bei \u00dcbungen und im Einsatz die Verantwortung f\u00fcr die Einsatzma\u00dfnahmen und die Sicherheit seines Truppmanns tr\u00e4gt. Voraussetzungen f\u00fcr die Lehrgangsteilnahme ist die erfolgreich abgeschlossene Truppmannausbildung. Lehrgangsdauer: mindestens 35 Stunden. Der Lehrgang wird nach landesrechtlichen Regelungen auf Kreisebene oder an Landesfeuerwehrschulen durchgef\u00fchrt<\/p>\n","protected":false},"author":1,"featured_media":0,"parent":0,"menu_order":0,"comment_status":"closed","ping_status":"closed","template":"","meta":{"jetpack_post_was_ever_published":false,"footnotes":""},"class_list":["post-1861","page","type-page","status-publish","hentry"],"jetpack_sharing_enabled":true,"jetpack_shortlink":"https:\/\/wp.me\/P9MGZH-u1","_links":{"self":[{"href":"https:\/\/www.ffw-heubach.de\/index.php?rest_route=\/wp\/v2\/pages\/1861","targetHints":{"allow":["GET"]}}],"collection":[{"href":"https:\/\/www.ffw-heubach.de\/index.php?rest_route=\/wp\/v2\/pages"}],"about":[{"href":"https:\/\/www.ffw-heubach.de\/index.php?rest_route=\/wp\/v2\/types\/page"}],"author":[{"embeddable":true,"href":"https:\/\/www.ffw-heubach.de\/index.php?rest_route=\/wp\/v2\/users\/1"}],"replies":[{"embeddable":true,"href":"https:\/\/www.ffw-heubach.de\/index.php?rest_route=%2Fwp%2Fv2%2Fcomments&post=1861"}],"version-history":[{"count":2,"href":"https:\/\/www.ffw-heubach.de\/index.php?rest_route=\/wp\/v2\/pages\/1861\/revisions"}],"predecessor-version":[{"id":4820,"href":"https:\/\/www.ffw-heubach.de\/index.php?rest_route=\/wp\/v2\/pages\/1861\/revisions\/4820"}],"wp:attachment":[{"href":"https:\/\/www.ffw-heubach.de\/index.php?rest_route=%2Fwp%2Fv2%2Fmedia&parent=1861"}],"curies":[{"name":"wp","href":"https:\/\/api.w.org\/{rel}","templated":true}]}}