{"id":1859,"date":"2018-04-01T12:37:05","date_gmt":"2018-04-01T12:37:05","guid":{"rendered":"https:\/\/www.ffw-heubach.de\/?page_id=1859"},"modified":"2021-06-25T11:15:58","modified_gmt":"2021-06-25T09:15:58","slug":"truppmannausbildung-teil-2","status":"publish","type":"page","link":"https:\/\/www.ffw-heubach.de\/?page_id=1859","title":{"rendered":"Truppmannausbildung Teil 2"},"content":{"rendered":"<p>Die Truppmannausbildung Teil 2 umfasst eine mindestens zweij\u00e4hrige T\u00e4tigkeit im Einsatz- und Ausbildungsdienst von mindestens 40 Stunden pro Jahr. Zeiten im Einsatzdienst k\u00f6nnen insgesamt mit bis zu zehn Stunden pro Jahr angerechnet<br>\nwerden. Im Rahmen der Truppmannausbildung sollen der Lehrgang \u201eAtemschutzger\u00e4tetr\u00e4ger\u201c und eine Ausbildung in \u00dcbungseinrichtungen zur Brandbek\u00e4mpfung (Hei\u00dfausbildung) zus\u00e4tzlich absolviert werden.<\/p>\n<p>Ziel der Truppmannausbildung Teil 2 ist die selbstst\u00e4ndige Wahrnehmung der Truppmannfunktion im L\u00f6sch- und Hilfeleistungseinsatz sowie die Vermittlung standortbezogener<br>\nKenntnisse.<\/p>\n<p>&nbsp;<\/p>\n\n\n<div class=\"wp-block-buttons is-layout-flex wp-block-buttons-is-layout-flex\">\n<div class=\"wp-block-button has-custom-width wp-block-button__width-100\"><a class=\"wp-block-button__link has-vivid-red-background-color has-background\" href=\"https:\/\/www.lfs-bw.de\/fileadmin\/LFS-BW\/themen\/ausbilden\/lzk\/dokumente\/LZK_TruppmannausbildungTeil2.pdf\" style=\"border-radius:9px\">Lernzielkatalog Truppmannausbildung Teil 2<\/a><\/div>\n<\/div>\n","protected":false},"excerpt":{"rendered":"<p>Die Truppmannausbildung Teil 2 umfasst eine mindestens zweij\u00e4hrige T\u00e4tigkeit im Einsatz- und Ausbildungsdienst von mindestens 40 Stunden pro Jahr. Zeiten im Einsatzdienst k\u00f6nnen insgesamt mit bis zu zehn Stunden pro Jahr angerechnet werden. Im Rahmen der Truppmannausbildung sollen der Lehrgang \u201eAtemschutzger\u00e4tetr\u00e4ger\u201c und eine Ausbildung in \u00dcbungseinrichtungen zur Brandbek\u00e4mpfung (Hei\u00dfausbildung) zus\u00e4tzlich absolviert werden. Ziel der Truppmannausbildung [&hellip;]<\/p>\n","protected":false},"author":1,"featured_media":0,"parent":0,"menu_order":0,"comment_status":"closed","ping_status":"closed","template":"","meta":{"jetpack_post_was_ever_published":false,"footnotes":""},"class_list":["post-1859","page","type-page","status-publish","hentry"],"jetpack_sharing_enabled":true,"jetpack_shortlink":"https:\/\/wp.me\/P9MGZH-tZ","_links":{"self":[{"href":"https:\/\/www.ffw-heubach.de\/index.php?rest_route=\/wp\/v2\/pages\/1859","targetHints":{"allow":["GET"]}}],"collection":[{"href":"https:\/\/www.ffw-heubach.de\/index.php?rest_route=\/wp\/v2\/pages"}],"about":[{"href":"https:\/\/www.ffw-heubach.de\/index.php?rest_route=\/wp\/v2\/types\/page"}],"author":[{"embeddable":true,"href":"https:\/\/www.ffw-heubach.de\/index.php?rest_route=\/wp\/v2\/users\/1"}],"replies":[{"embeddable":true,"href":"https:\/\/www.ffw-heubach.de\/index.php?rest_route=%2Fwp%2Fv2%2Fcomments&post=1859"}],"version-history":[{"count":2,"href":"https:\/\/www.ffw-heubach.de\/index.php?rest_route=\/wp\/v2\/pages\/1859\/revisions"}],"predecessor-version":[{"id":4824,"href":"https:\/\/www.ffw-heubach.de\/index.php?rest_route=\/wp\/v2\/pages\/1859\/revisions\/4824"}],"wp:attachment":[{"href":"https:\/\/www.ffw-heubach.de\/index.php?rest_route=%2Fwp%2Fv2%2Fmedia&parent=1859"}],"curies":[{"name":"wp","href":"https:\/\/api.w.org\/{rel}","templated":true}]}}