{"id":1821,"date":"2018-03-31T19:51:09","date_gmt":"2018-03-31T19:51:09","guid":{"rendered":"https:\/\/www.ffw-heubach.de\/?page_id=1821"},"modified":"2022-03-18T13:21:10","modified_gmt":"2022-03-18T12:21:10","slug":"notruf","status":"publish","type":"page","link":"https:\/\/www.ffw-heubach.de\/?page_id=1821","title":{"rendered":"NOTFALL &#8211; WIE HELFE ICH?"},"content":{"rendered":"<div id=\"column2-2\">\n<p class=\"titel\">Ein Verkehrsunfall, eine brennende Wohnung, ein gest\u00fcrzter Radfahrer, ein Kind, das sich beim Spielen verletzt hat oder eine Person, die vor Ihren Augen das Bewusstsein verliert &#8211; Notsituationen, die Ihnen tagt\u00e4glich begegnen k\u00f6nnen. Nun kommt es darauf an, dass Sie schnell und \u00fcberlegt handeln.<\/p>\n<div class=\"section section-preamble\">\n<div class=\"section-text\">\n<p>Was sollten Sie hierbei beachten?<\/p>\n<ul>\n<li>Versuchen Sie, Ruhe zu bewahren.<\/li>\n<li>Sichern Sie, falls n\u00f6tig, die Schadenstelle ab.<\/li>\n<li>Rufen Sie Hilfe herbei.<\/li>\n<li>Leisten Sie Erste Hilfe, ohne sich jedoch selber zu gef\u00e4hrden. Achten Sie auf Ihre Eigensicherung.<\/li>\n<\/ul>\n<p>Die wichtigsten Telefonnummern im Notfall sind die Notrufnummer 112 und 110!<\/p>\n<ul>\n<li>Unter der europaweit g\u00fcltigen Notrufnummer 112 erreichen Sie rund um die Uhr die Leitstelle f\u00fcr die Feuerwehr und den Rettungsdienst.<\/li>\n<li>Unter der Rufnummer 110 erreichen Sie rund um die Uhr den Polizeinotruf.<\/li>\n<li>Menschen mit H\u00f6r- und Sprachbehinderungen erreichen \u00fcber den Faxnotruf 112 die zust\u00e4ndige Leitstelle oder \u00fcber den Faxnotruf 110 direkt die n\u00e4chste Polizeidienststelle.<\/li>\n<\/ul>\n<p>Sprechen Sie bei einem Notruf klar und deutlich, damit alle wichtigen Informationen akustisch verstanden werden.<\/p>\n<p>F\u00fcnf &#8222;W&#8220;, die Sie sich f\u00fcr den Notruf merken sollten:<\/p>\n<ul>\n<li><strong>Wo\u00a0<\/strong>ist etwas passiert?<br \/>\nGeben Sie die genaue Adresse des Ereignisses beziehungsweise Unfallortes an (Ort, Stra\u00dfe, Hausnummer und Geschoss).<br \/>\nTeilen Sie auch Besonderheiten mit wie zum Beispiel Kilometerangaben und Fahrtrichtung bei Autobahnen, Hinterhoflage oder besondere Zug\u00e4nge.<\/li>\n<li><strong>Wer<\/strong>\u00a0ruft an? &#8211; Nennen Sie bitte Ihren Namen und Ihre Telefonnummer f\u00fcr eventuelle sp\u00e4tere R\u00fcckfragen.<\/li>\n<li><strong>Was<\/strong>\u00a0ist geschehen? &#8211; Schildern Sie die Situation in kurzen Worten so genau wie m\u00f6glich.<\/li>\n<li><strong>Wie<\/strong>\u00a0viele Erkrankte oder Verletzte gibt es? &#8211; Teilen Sie die Personenanzahl der verletzten Personen mit. Machen Sie wenn m\u00f6glich auch Angaben zu der Schwere der Verletzungen und\/oder dem Zustand der betroffenen Person.<\/li>\n<li><strong>Warten<\/strong>\u00a0auf R\u00fcckfragen! &#8211; Legen Sie erst auf, wenn der Disponent oder die Disponentin keine Fragen mehr hat und den Anruf beendet.<\/li>\n<\/ul>\n<p>Bei Bedarf erhalten Sie am Ende des Notrufes noch Hinweise, wie Sie Erste Hilfe leisten k\u00f6nnen oder welches Verhalten empfehlenswert ist. Warten Sie bitte das Eintreffen der Rettungskr\u00e4fte ab, weisen Sie diese bei Bedarf ein und teilen Sie ihnen eventuell wichtige Beobachtungen mit.Was k\u00f6nnen Sie bis zum Eintreffen der Rettungskr\u00e4fte tun? Leisten Sie Erste Hilfe. Weisen Sie wenn m\u00f6glich Rettungskr\u00e4fte an der Stra\u00dfe ein, beispielsweise wenn Hausnummern nur schlecht erkennbar sind oder die Helfer und Helferinnen zu einem Hinterhaus geleitet werden m\u00fcssen.<\/p>\n<p><strong>116117 &#8211; \u00c4rztlicher Bereitschaftsdienst<\/strong><br \/>\nHandelt es sich um eine Erkrankung, mit der Sie normalerweise einen niedergelassenen Arzt in der Praxis aufsuchen w\u00fcrden, aber die Behandlung aus medizinischen Gr\u00fcnden nicht bis zum n\u00e4chsten Tag warten kann, ist der \u00e4rztliche Bereitschaftsdienst zust\u00e4ndig. Sie erreichen ihn unter der bundesweit einheitlichen Rufnummer 116117. Die Nummer funktioniert ohne Vorwahl. Sie gilt deutschlandweit und ist kostenlos, egal ob Sie von zu Hause oder mit dem Mobiltelefon anrufen.<br \/>\nH\u00f6r- und Sprachgesch\u00e4digte k\u00f6nnen sich per Fax an den \u00c4rztlichen Bereitschaftsdienst zu wenden.<\/p>\n<p><strong>19222 &#8211; Krankentransport<br \/>\n<\/strong>F\u00fcr einen Krankentransport, bei dem ein Patient unter medizinisch-fachlicher Betreuung bef\u00f6rdert werden muss, gibt es eine gesonderte Rufnummer: 19222. Beachten Sie, dass Sie auch vom Festnetz aus die Ortsvorwahl der f\u00fcr Ihren Kreis zust\u00e4ndigen Leitstelle vorw\u00e4hlen m\u00fcssen.<\/p>\n<p><strong>Nothilfe-SMS<\/strong><\/p>\n<p>Menschen mit einer Sprach- oder H\u00f6rbehinderung k\u00f6nnen einen Hilferuf per SMS an eine Leitstelle senden. F\u00fcr eine Nothilfe-SMS an die Feuerwehr und den Rettungsdienst ist eine Fax-Vorwahl notwendig. Sie ist abh\u00e4ngig von Ihrem Netzbetreiber. Die Nothilfe-SMS-Nummer lautet wie folgt:<br \/>\nT-Mobile (D1 \/ Vodafone D2): 99 0711 216-77112 beziehungsweise<br \/>\nTelefonica (O2 \/ E-Plus): 329 0711 216-77112.<br \/>\nBeachten Sie, dass es bei der \u00dcbermittlung der SMS zu technisch bedingten Verz\u00f6gerungen kommen kann. Nutzen Sie daher, wenn m\u00f6glich, das kostenfreie Notruf-Fax an die 112.<\/p>\n<\/div>\n<\/div>\n<div class=\"section section-vertiefendeInformationen\">\n<h2>VERTIEFENDE INFORMATIONEN<\/h2>\n<div class=\"section-text\">\n<ul>\n<li><a class=\"sp-m-externalLink\" href=\"https:\/\/www.116117.de\/de\/index.php\" target=\"_blank\" rel=\"noopener noreferrer\">116117 &#8211; \u00c4rztlicher Bereitschaftsdienst<\/a><\/li>\n<li><a class=\"sp-m-externalLink\" href=\"https:\/\/im.baden-wuerttemberg.de\/fileadmin\/redaktion\/m-im\/intern\/dateien\/pdf\/20170706_Notfall_-_Fax_112.pdf\" target=\"_blank\" rel=\"noopener noreferrer\">Faxnotruf 112<\/a>\u00a0f\u00fcr Menschen mit H\u00f6r- und Sprachbehinderungen<\/li>\n<li><a class=\"sp-m-externalLink\" href=\"https:\/\/im.baden-wuerttemberg.de\/fileadmin\/redaktion\/m-im\/intern\/dateien\/pdf\/20181017_SMS_Nothilfe_Flyer.pdf\" target=\"_blank\" rel=\"noopener noreferrer\">Nothilfe-SMS<\/a>\u00a0f\u00fcr Menschen mit H\u00f6r- und Sprachbehinderungen<\/li>\n<li><a href=\"https:\/\/www.heubach.de\/-\/lebenslagen\/leb5001174\/mid1\" rel=\"noopener noreferrer\">Telefonnummern f\u00fcr den Notfall<\/a>, der Telefon-Seelsorge und des Kinder- und Jugendtelefons<\/li>\n<li><a class=\"sp-m-externalLink\" href=\"https:\/\/im.baden-wuerttemberg.de\/fileadmin\/redaktion\/m-im\/intern\/dateien\/pdf\/20170208_Flyer_Notfallnummern_Landeslayout.pdf\" target=\"_blank\" rel=\"noopener noreferrer\">Flyer \u201eWichtige Rufnummern f\u00fcr den Notfall\u201c<\/a>: Das Innenministerium informiert \u00fcber die europaweit einheitliche Notrufnummer 112 und weitere wichtige Rufnummern f\u00fcr den Notfall.<\/li>\n<\/ul>\n<\/div>\n<\/div>\n<div class=\"section section-freigabevermerk\">\n<h2>FREIGABEVERMERK<\/h2>\n<div class=\"section-text\">\n<p>Stand: 15.06.2021<\/p>\n<p>Verantwortlich: Innenministerium Baden-W\u00fcrttemberg<\/p>\n<\/div>\n<\/div>\n<\/div>\n","protected":false},"excerpt":{"rendered":"<p>Ein Verkehrsunfall, eine brennende Wohnung, ein gest\u00fcrzter Radfahrer, ein Kind, das sich beim Spielen verletzt hat oder eine Person, die vor Ihren Augen das Bewusstsein verliert &#8211; Notsituationen, die Ihnen tagt\u00e4glich begegnen k\u00f6nnen. Nun kommt es darauf an, dass Sie schnell und \u00fcberlegt handeln. Was sollten Sie hierbei beachten? Versuchen Sie, Ruhe zu bewahren. Sichern [&hellip;]<\/p>\n","protected":false},"author":1,"featured_media":0,"parent":0,"menu_order":0,"comment_status":"closed","ping_status":"closed","template":"","meta":{"jetpack_post_was_ever_published":false,"footnotes":""},"class_list":["post-1821","page","type-page","status-publish","hentry"],"jetpack_sharing_enabled":true,"jetpack_shortlink":"https:\/\/wp.me\/P9MGZH-tn","_links":{"self":[{"href":"https:\/\/www.ffw-heubach.de\/index.php?rest_route=\/wp\/v2\/pages\/1821","targetHints":{"allow":["GET"]}}],"collection":[{"href":"https:\/\/www.ffw-heubach.de\/index.php?rest_route=\/wp\/v2\/pages"}],"about":[{"href":"https:\/\/www.ffw-heubach.de\/index.php?rest_route=\/wp\/v2\/types\/page"}],"author":[{"embeddable":true,"href":"https:\/\/www.ffw-heubach.de\/index.php?rest_route=\/wp\/v2\/users\/1"}],"replies":[{"embeddable":true,"href":"https:\/\/www.ffw-heubach.de\/index.php?rest_route=%2Fwp%2Fv2%2Fcomments&post=1821"}],"version-history":[{"count":3,"href":"https:\/\/www.ffw-heubach.de\/index.php?rest_route=\/wp\/v2\/pages\/1821\/revisions"}],"predecessor-version":[{"id":5409,"href":"https:\/\/www.ffw-heubach.de\/index.php?rest_route=\/wp\/v2\/pages\/1821\/revisions\/5409"}],"wp:attachment":[{"href":"https:\/\/www.ffw-heubach.de\/index.php?rest_route=%2Fwp%2Fv2%2Fmedia&parent=1821"}],"curies":[{"name":"wp","href":"https:\/\/api.w.org\/{rel}","templated":true}]}}