{"id":1818,"date":"2018-03-31T19:46:40","date_gmt":"2018-03-31T19:46:40","guid":{"rendered":"https:\/\/www.ffw-heubach.de\/?page_id=1818"},"modified":"2018-03-31T19:46:40","modified_gmt":"2018-03-31T19:46:40","slug":"rauchmelder","status":"publish","type":"page","link":"https:\/\/www.ffw-heubach.de\/?page_id=1818","title":{"rendered":"Rauchmelder"},"content":{"rendered":"<p class=\"csc-firstHeader\"><span style=\"color: #ff0000;\"><strong>Rauchmelder retten Leben!<\/strong><\/span><\/p>\n<p>Seit dem 1. Januar 2015 besteht in Baden-W\u00fcrttemberg die Rauchmelderpflicht. Rauchmelder\u00a0machen auf t\u00f6dlichen Rauch aufmerksam, sodass sich die Bewohner der betroffenen Wohnung rechtzeitig in Sicherheit begeben k\u00f6nnen.<\/p>\n<p>Rauchmelder k\u00f6nnen im Elektrofachhandel und im Internet erworben werden. Achten Sie beim Kauf immer auf folgende Zeichen und Qualit\u00e4tsmerkmale:<\/p>\n<p>&#8211; EN- \/ GS- \/ CE-Zeichen<\/p>\n<p>&#8211; VdS-Anerkennung<\/p>\n<p>&#8211; Funktions- und Batterie\u00fcberwachung<\/p>\n<p>&nbsp;<\/p>\n<hr \/>\n<p><strong><span style=\"color: #ff0000;\">Sie wollen mehr zum Thema erfahren? \u00a0<span class=\"text-normal-blau\">Schauen Sie doch mal hier vorbei:<\/span><\/span><\/strong><\/p>\n<p><a href=\"https:\/\/www.rauchmelder-lebensretter.de\"><img loading=\"lazy\" decoding=\"async\" class=\"alignnone wp-image-1819 size-medium\" src=\"https:\/\/www.ffw-heubach.de\/wp-content\/uploads\/2018\/03\/rauchmelder-retten-leben-logo-300x186.png\" alt=\"\" width=\"300\" height=\"186\" srcset=\"https:\/\/www.ffw-heubach.de\/wp-content\/uploads\/2018\/03\/rauchmelder-retten-leben-logo-300x186.png 300w, https:\/\/www.ffw-heubach.de\/wp-content\/uploads\/2018\/03\/rauchmelder-retten-leben-logo.png 437w\" sizes=\"auto, (max-width: 300px) 100vw, 300px\" \/><\/a><\/p>\n","protected":false},"excerpt":{"rendered":"<p>Rauchmelder retten Leben! Seit dem 1. Januar 2015 besteht in Baden-W\u00fcrttemberg die Rauchmelderpflicht. Rauchmelder\u00a0machen auf t\u00f6dlichen Rauch aufmerksam, sodass sich die Bewohner der betroffenen Wohnung rechtzeitig in Sicherheit begeben k\u00f6nnen. Rauchmelder k\u00f6nnen im Elektrofachhandel und im Internet erworben werden. Achten Sie beim Kauf immer auf folgende Zeichen und Qualit\u00e4tsmerkmale: &#8211; EN- \/ GS- \/ CE-Zeichen [&hellip;]<\/p>\n","protected":false},"author":1,"featured_media":0,"parent":0,"menu_order":0,"comment_status":"closed","ping_status":"closed","template":"","meta":{"jetpack_post_was_ever_published":false,"footnotes":""},"class_list":["post-1818","page","type-page","status-publish","hentry"],"jetpack_sharing_enabled":true,"jetpack_shortlink":"https:\/\/wp.me\/P9MGZH-tk","_links":{"self":[{"href":"https:\/\/www.ffw-heubach.de\/index.php?rest_route=\/wp\/v2\/pages\/1818","targetHints":{"allow":["GET"]}}],"collection":[{"href":"https:\/\/www.ffw-heubach.de\/index.php?rest_route=\/wp\/v2\/pages"}],"about":[{"href":"https:\/\/www.ffw-heubach.de\/index.php?rest_route=\/wp\/v2\/types\/page"}],"author":[{"embeddable":true,"href":"https:\/\/www.ffw-heubach.de\/index.php?rest_route=\/wp\/v2\/users\/1"}],"replies":[{"embeddable":true,"href":"https:\/\/www.ffw-heubach.de\/index.php?rest_route=%2Fwp%2Fv2%2Fcomments&post=1818"}],"version-history":[{"count":1,"href":"https:\/\/www.ffw-heubach.de\/index.php?rest_route=\/wp\/v2\/pages\/1818\/revisions"}],"predecessor-version":[{"id":1820,"href":"https:\/\/www.ffw-heubach.de\/index.php?rest_route=\/wp\/v2\/pages\/1818\/revisions\/1820"}],"wp:attachment":[{"href":"https:\/\/www.ffw-heubach.de\/index.php?rest_route=%2Fwp%2Fv2%2Fmedia&parent=1818"}],"curies":[{"name":"wp","href":"https:\/\/api.w.org\/{rel}","templated":true}]}}