{"id":1605,"date":"2018-02-21T13:38:57","date_gmt":"2018-02-21T13:38:57","guid":{"rendered":"http:\/\/www.ffw-heubach.de\/?page_id=1605"},"modified":"2022-03-18T12:56:42","modified_gmt":"2022-03-18T11:56:42","slug":"faq","status":"publish","type":"page","link":"https:\/\/www.ffw-heubach.de\/?page_id=1605","title":{"rendered":"FAQ"},"content":{"rendered":"<p>Ihr Kind m\u00f6chte zur Jugendfeuerwehr aber Sie haben noch einige Fragen? Kein Problem! Wir haben die von Eltern am h\u00e4ufigsten gestellten Fragen hier f\u00fcr Sie beantwortet.<\/p>\n<p><strong>\u21d2 Was macht die Jugendfeuerwehr so besonders?\u00a0<\/strong><\/p>\n<p>Die Jugendfeuerwehr Heubach unterscheidet sich wesentlich von den anderen Jugendorganisationen! Sie spielen nicht gegen ein anderes Team um Punkte oder versuchen Highscores zu knacken. Es geht ihnen, wie auch den Mitgliedern der Einsatzabteilung, nicht um Auszeichnungen, Medaillen oder Pokale. Im Fokus steht der Nachwuchs f\u00fcr die hochwertige Gefahrenabwehr in unserer Stadt und die Hilfe f\u00fcr Menschen in bedrohlichen Situationen. Das bedarf einer unglaublich hohen Eigenmotivation, denn den Jugendlichen wird w\u00e4hrend der Ausbildung klar, dass sie auf Situationen vorbereitet werden, die der Gro\u00dfteil unserer Bev\u00f6lkerung als Extremsituation erleben und verstehen d\u00fcrfte.<\/p>\n<p>Sie trainieren unter realistischen, aber ungef\u00e4hrlichen Bedingungen, alle notwendigen Szenarien, denen sie sp\u00e4ter im Einsatzalltag begegnen werden. DAS unterscheidet diese Gruppe junger M\u00e4dchen und Jungen von Sport-, Karnevals- oder Musikvereinen.<\/p>\n<p><strong>\u21d2 Wer leitet die Jugendfeuerwehr?<\/strong><\/p>\n<p>Die Jugendfeuerwehr wird vom Jugendwart geleitet. Seit 2022 ist der Posten mit Marc Sch\u00f6berl besetzt. Zuvor hatte Hannes Frey das bedeutungsvolle Amt \u00fcber 15 Jahre inne.<\/p>\n<p><strong>\u21d2 Was sind \u00dcbungen?<\/strong><\/p>\n<p>Im Rahmen einer \u00dcbung wird das feuerwehrtechnische Wissen altersgerecht vermittelt. Die \u00dcbungen dienen auch der Vorbereitung auf Abzeichen, die die Jugendlichen machen. Treffpunkt ist immer am Feuerwehrhaus. Von dort geht es entsprechend des \u00dcbungsinhaltes zu den \u00dcbungspl\u00e4tzen in und um Heubach.<\/p>\n<p><strong>\u21d2 Und was kostet das alles?\u00a0<\/strong><\/p>\n<p>Die Mitgliedschaft in der Jugendfeuerwehr kostet nichts! Die ben\u00f6tigten Ausr\u00fcstungsgegenst\u00e4nde wie Uniform, Helm und Handschuhe werden von der Stadt unentgeltlich zur Verf\u00fcgung gestellt. Was Ihr Kind aber lernen kann und die Erfahrungen, die es sammelt, sind unbezahlbar!<\/p>\n<p><strong>\u21d2 Wie fit muss man sein?<\/strong><\/p>\n<p>Die Ausbildung erfolgt altersgerecht. Wir nehmen R\u00fccksicht auf die k\u00f6rperliche Verfassung des Kindes und ber\u00fccksichtigen dies auch bei der Ausbildung.<\/p>\n<p><strong>\u21d2 D\u00fcrfen auch M\u00e4dchen mitmachen?\u00a0<\/strong><\/p>\n<p>Nat\u00fcrlich! M\u00e4dels sind genauso willkommen wie Jungs. Feuerwehr ist n\u00e4mlich nicht nur M\u00e4nnersache, auch Frauen geh\u00f6ren an den &#8222;Brandherd&#8220;. Viele glauben, dass die Feuerwehr nichts f\u00fcr M\u00e4dchen ist, aber ganz im Gegenteil. M\u00e4dchen k\u00f6nnen genau die gleiche Leistungen erbringen wie Jungen. Wir freuen uns immer \u00fcber jede(n) neuen in unseren Reihen.<\/p>\n<p><strong>\u21d2\u00a0 Welche Ausr\u00fcstung\u00a0<\/strong><\/p>\n<p>Die Ausr\u00fcstung der JF Heubach ist an die Einsatzszenarios angepasst und dadurch auch sehr vielseitig. Neben der normalen pers\u00f6nlichen Schutzausr\u00fcstung (PSA), welche unter anderem den Helm, Sicherheitsschuhe, Parka und Hose, sowie Handschuhe beinhaltet, \u00fcbt die Jugendfeuerwehr Heubach mit vielen weiteren Ausr\u00fcstungsgegenst\u00e4nden.<\/p>\n<p><strong>\u21d2\u00a0 Und was wenn etwas passiert?<\/strong><\/p>\n<p>Keine Angst. Ihr Kind ist w\u00e4hrend der Zeit bei der Jugendfeuerwehr sowie auf dem Weg von und zur \u00dcbung versichert.<\/p>\n<p><strong>\u21d2\u00a0 Wie alt muss mein Kind sein?<\/strong><\/p>\n<p>Das Mindestalter um ein Mitglied der Jugendfeuerwehr Heubach zu werden betr\u00e4gt 10 Jahre. Jedoch besteht ab dem 6. Lebensjahr die M\u00f6glichkeit Mitglied unserer\u00a0Kindergruppe\u00a0zu werden.<\/p>\n<p>Weitere Fragen? Unser Jugendwart Marc Sch\u00f6berl freut sich via Mail jugend@feuerwehr-heubach.de auf Ihre Nachricht.<\/p>\n","protected":false},"excerpt":{"rendered":"<p>Ihr Kind m\u00f6chte zur Jugendfeuerwehr aber Sie haben noch einige Fragen? Kein Problem! Wir haben die von Eltern am h\u00e4ufigsten gestellten Fragen hier f\u00fcr Sie beantwortet. \u21d2 Was macht die Jugendfeuerwehr so besonders?\u00a0 Die Jugendfeuerwehr Heubach unterscheidet sich wesentlich von den anderen Jugendorganisationen! Sie spielen nicht gegen ein anderes Team um Punkte oder versuchen Highscores [&hellip;]<\/p>\n","protected":false},"author":1,"featured_media":0,"parent":0,"menu_order":0,"comment_status":"closed","ping_status":"closed","template":"","meta":{"jetpack_post_was_ever_published":false,"footnotes":""},"class_list":["post-1605","page","type-page","status-publish","hentry"],"jetpack_sharing_enabled":true,"jetpack_shortlink":"https:\/\/wp.me\/P9MGZH-pT","_links":{"self":[{"href":"https:\/\/www.ffw-heubach.de\/index.php?rest_route=\/wp\/v2\/pages\/1605","targetHints":{"allow":["GET"]}}],"collection":[{"href":"https:\/\/www.ffw-heubach.de\/index.php?rest_route=\/wp\/v2\/pages"}],"about":[{"href":"https:\/\/www.ffw-heubach.de\/index.php?rest_route=\/wp\/v2\/types\/page"}],"author":[{"embeddable":true,"href":"https:\/\/www.ffw-heubach.de\/index.php?rest_route=\/wp\/v2\/users\/1"}],"replies":[{"embeddable":true,"href":"https:\/\/www.ffw-heubach.de\/index.php?rest_route=%2Fwp%2Fv2%2Fcomments&post=1605"}],"version-history":[{"count":7,"href":"https:\/\/www.ffw-heubach.de\/index.php?rest_route=\/wp\/v2\/pages\/1605\/revisions"}],"predecessor-version":[{"id":5407,"href":"https:\/\/www.ffw-heubach.de\/index.php?rest_route=\/wp\/v2\/pages\/1605\/revisions\/5407"}],"wp:attachment":[{"href":"https:\/\/www.ffw-heubach.de\/index.php?rest_route=%2Fwp%2Fv2%2Fmedia&parent=1605"}],"curies":[{"name":"wp","href":"https:\/\/api.w.org\/{rel}","templated":true}]}}