{"id":1593,"date":"2018-02-21T13:40:44","date_gmt":"2018-02-21T13:40:44","guid":{"rendered":"http:\/\/www.ffw-heubach.de\/?page_id=1593"},"modified":"2025-02-08T17:44:10","modified_gmt":"2025-02-08T16:44:10","slug":"jugendfeuerwehr-2","status":"publish","type":"page","link":"https:\/\/www.ffw-heubach.de\/?page_id=1593","title":{"rendered":"Jugendfeuerwehr"},"content":{"rendered":"\n\n\n<p><strong>Die sicherste und ergiebigste Nachwuchsquelle f\u00fcr die Einsatzabteilung stellt die Jugendfeuerwehr dar. Die 1988 gegr\u00fcndete Jugendabteilung der Feuerwehr Heubach bildet Kinder und Jugendliche im Alter zwischen 10 und 17 Jahren in allen T\u00e4tigkeitsfeldern der Feuerwehr aus. Die Jugendfeuerwehr betreibt neben der feuerwehrtechnischen Ausbildung aber auch allgemeine Jugendarbeit.&nbsp;<\/strong><\/p>\n\n\n\n<div class=\"wp-block-cover alignwide is-light is-position-center-center\" style=\"min-height:166px;aspect-ratio:unset;\"><span aria-hidden=\"true\" class=\"wp-block-cover__background has-luminous-vivid-orange-background-color has-background-dim-40 has-background-dim\"><\/span><img loading=\"lazy\" decoding=\"async\" width=\"2000\" height=\"1333\" class=\"wp-block-cover__image-background wp-image-4640\" alt=\"\" src=\"https:\/\/www.ffw-heubach.de\/wp-content\/uploads\/2021\/05\/IMG_5421.jpg\" style=\"object-position:57% 46%\" data-object-fit=\"cover\" data-object-position=\"57% 46%\" srcset=\"https:\/\/www.ffw-heubach.de\/wp-content\/uploads\/2021\/05\/IMG_5421.jpg 2000w, https:\/\/www.ffw-heubach.de\/wp-content\/uploads\/2021\/05\/IMG_5421-1620x1080.jpg 1620w, https:\/\/www.ffw-heubach.de\/wp-content\/uploads\/2021\/05\/IMG_5421-768x512.jpg 768w, https:\/\/www.ffw-heubach.de\/wp-content\/uploads\/2021\/05\/IMG_5421-1536x1024.jpg 1536w\" sizes=\"auto, (max-width: 2000px) 100vw, 2000px\" \/><div class=\"wp-block-cover__inner-container is-layout-flow wp-block-cover-is-layout-flow\">\n<p class=\"has-text-align-left has-text-color\" style=\"color:#fffffa;font-size:74px;line-height:1.1\">Sei dabei, mach mit!<\/p>\n<\/div><\/div>\n\n\n\n<div style=\"height:14px\" aria-hidden=\"true\" class=\"wp-block-spacer\"><\/div>\n\n\n\n<p class=\"has-text-align-left\">So finden Sportturniere, Umweltschutzaktionen, Ausfl\u00fcge und Zeltlager ebenso einen Platz im&nbsp;Dienstplan. Die feuerwehrtechnische Ausbildung ist der eigentliche Grundbestandteil bei der Jugendfeuerwehr. Hier erlangen die Mitglieder der Jugendfeuerwehr Grundkenntnisse \u00fcber feuerwehrtechnischen Ger\u00e4te und \u00fcber die breitgef\u00e4cherte Arbeit der Freiwilligen Feuerwehr. Dieses geschieht in der \u00fcberwiegend praktischen Ausbildung, aber auch in theoretischen Unterrichten.<\/p>\n\n\n\n<p class=\"has-text-align-left\">Zur einfachen Eingliederung, sowie zur besseren Verst\u00e4ndigung aller Abteilungen \u00fcben die Jugendlichen auch \u00f6fters mit den aktiven Feuerwehrkameraden zusammen. Da sich der Umweltschutz auch in den Arbeitsbereich der Feuerwehren erstreckt, findet dieser auch einen Platz in der Arbeit der Jugendfeuerwehr. <\/p>\n\n\n\n<div style=\"height:14px\" aria-hidden=\"true\" class=\"wp-block-spacer\"><\/div>\n\n\n\n<div class=\"wp-block-cover alignwide is-light is-position-center-center\" style=\"min-height:225px;aspect-ratio:unset;\"><span aria-hidden=\"true\" class=\"wp-block-cover__background has-luminous-vivid-orange-background-color has-background-dim-60 has-background-dim\"><\/span><img loading=\"lazy\" decoding=\"async\" width=\"2000\" height=\"1333\" class=\"wp-block-cover__image-background wp-image-4641\" alt=\"\" src=\"https:\/\/www.ffw-heubach.de\/wp-content\/uploads\/2021\/05\/DSC_7787.jpg\" style=\"object-position:40% 26%\" data-object-fit=\"cover\" data-object-position=\"40% 26%\" srcset=\"https:\/\/www.ffw-heubach.de\/wp-content\/uploads\/2021\/05\/DSC_7787.jpg 2000w, https:\/\/www.ffw-heubach.de\/wp-content\/uploads\/2021\/05\/DSC_7787-1620x1080.jpg 1620w, https:\/\/www.ffw-heubach.de\/wp-content\/uploads\/2021\/05\/DSC_7787-768x512.jpg 768w, https:\/\/www.ffw-heubach.de\/wp-content\/uploads\/2021\/05\/DSC_7787-1536x1024.jpg 1536w\" sizes=\"auto, (max-width: 2000px) 100vw, 2000px\" \/><div class=\"wp-block-cover__inner-container is-layout-flow wp-block-cover-is-layout-flow\">\n<p class=\"has-text-align-left has-text-color\" style=\"color:#fffffa;font-size:74px;line-height:1.1\">Bei uns ist immer <strong>Action<\/strong> angesagt!<\/p>\n<\/div><\/div>\n\n\n\n<div style=\"height:14px\" aria-hidden=\"true\" class=\"wp-block-spacer\"><\/div>\n\n\n\n<p>Die Jugendfeuerwehr Heubach setzt sich gegenw\u00e4rtig aus rund 35 Mitgliedern (Stand 2020) zusammen. Unsere Jugendfeuerwehr z\u00e4hlt dabei auch viele M\u00e4dchen.<\/p>\n\n\n\n<hr class=\"wp-block-separator has-css-opacity\"\/>\n\n\n\n<h2 class=\"wp-block-heading has-luminous-vivid-orange-color has-text-color\">Meld dich doch mal!<\/h2>\n\n\n\n<p>Wenn Du Dich f\u00fcr die Jugendfeuerwehr interessierst und mehr erfahren m\u00f6chtest, dann nehme Kontakt mit uns auf oder komme zum Schnuppern bei einem unserer \u00dcbungsabende vorbei.<\/p>\n\n\n\n<p>Du willst uns eine Nachricht senden? Das geht am Besten \u00fcber unsere Email unter <a href=\"mailto:jugend@feuerwehr-heubach.de\">jugend@feuerwehr-heubach.de<\/a><\/p>\n\n\n\n<p>Nat\u00fcrlich kannst du uns auch \u00fcber unsere <a href=\"https:\/\/www.facebook.com\/JFHeubach\" target=\"_blank\" rel=\"noopener noreferrer\">Facebook-Page <\/a>&nbsp;eine Nachricht zukommen lassen.<\/p>\n\n\n\n<p><strong>Ausbilderteam<\/strong><\/p>\n\n\n\n<p>Die Jugendarbeit dient der F\u00f6rderung der Entwicklung sowie der Erziehung von Kindern und Jugendlichen zu eigenverantwortlichen und gemeinschaftsf\u00e4higen Pers\u00f6nlichkeiten und greift ihre Bed\u00fcrfnisse und F\u00e4higkeiten auf. Dies stellt hohe Anforderungen an an die verantwortlichen Jugendgruppenleiter- und leiterinnen und ihre p\u00e4dagogische Kompetenz. Alle Mitwirkende im Betreuerteam sind Vorbild und haben sich durch entsprechende Lehrg\u00e4nge und Fortbildungen f\u00fcr die Kinder- und Jugendarbeit qualifiziert. Alle Ausbilder haben sich in bestimmten Themenfeldern spezialisiert.<\/p>\n\n\n\n<hr class=\"wp-block-separator has-css-opacity\"\/>\n\n\n\n<p><span style=\"color: #ff0000;\"><b>\u00dcBUNGSPLAN<\/b><\/span><\/p>\n\n\n\n<p>Wir versahen bis 2021 unseren&nbsp;<strong>Dienst in zwei Teilgruppen, jeden zweiten Montag von 18.00 bis 20.00 Uhr<\/strong>. Hinzu kam jeweils eine Gesamt\u00fcbung beider Gruppen ebenfalls im zweiw\u00f6chigen Turnus. <\/p>\n\n\n\n<div class=\"wp-block-columns is-layout-flex wp-container-core-columns-is-layout-9d6595d7 wp-block-columns-is-layout-flex\">\n<div class=\"wp-block-column is-layout-flow wp-block-column-is-layout-flow\">\n<p>Im &#8222;Zug 2&#8220; lernten unsere kleinsten was die Feuerwehr \u00fcberhaupt ist und was wir machen. Au\u00dferdem vermitteln wir Feuerwehr-Grundwissen aber auch Kameradschaft und das Arbeiten in der Gruppe. Die Jugendflamme 1 und 2 welche mittels einer theoretischen und praktischen Pr\u00fcfung abgenommen werden, ebnete den Weg in den &#8222;Zug 1&#8220;. Das Durchschnittsalter liegt bei 10-13 Jahren.<\/p>\n<\/div>\n\n\n\n<div class=\"wp-block-column is-layout-flow wp-block-column-is-layout-flow\">\n<p>Im &#8222;Zug 1&#8220; wurde das feuerwehrtechnische Wissen aus dem &#8222;Zug 2&#8220; vertieft und erweitert. Zudem bereiteten sich die Jugendlichen auf Ihre Zeit in der Aktiven Feuerwehr vor. Au\u00dferdem war der &#8222;Zug 1&#8220; unsere Wettkampfgruppe und trat auf Kreisebene bei Veranstaltungen an um die Jugendfeuerwehr Heubach zu vertreten. Mit Vollendung des 18. Lebensjahres treten die Jugendlichen auf der Hauptversammlung in die Einsatzabteilung \u00fcber. Das Durchschnittsalter liegt bei 14-17 Jahren.<\/p>\n<\/div>\n<\/div>\n\n\n\n<p>Aufgrund einiger Umstrukturierungen findet der Dienst ab 2022 in einer Gruppe<strong> jeden zweiten Montag von 18.00 bis 20.00 Uhr<\/strong> statt.<\/p>\n\n\n\n<p>Unsere Highlights im Dienstplan:<\/p>\n\n\n\n<ul class=\"wp-block-list\">\n<li>Flash-Over Party <\/li>\n\n\n\n<li>Tag der offenen T\u00fcr<\/li>\n\n\n\n<li>Berufsfeuerwehr Weekend \/ VG Gro\u00df\u00fcbung<\/li>\n\n\n\n<li>Kreisfeuerwehrtag<\/li>\n\n\n\n<li>Feuerwehrhock Lautern<\/li>\n\n\n\n<li>Kinderfest (alle 3 Jahre)<\/li>\n<\/ul>\n\n\n\n<hr class=\"wp-block-separator has-css-opacity\"\/>\n\n\n\n<div class=\"wp-block-cover alignwide is-light is-position-center-center\" style=\"min-height:358px;aspect-ratio:unset;\"><span aria-hidden=\"true\" class=\"wp-block-cover__background has-luminous-vivid-orange-background-color has-background-dim\"><\/span><img loading=\"lazy\" decoding=\"async\" width=\"2000\" height=\"1333\" class=\"wp-block-cover__image-background wp-image-4664\" alt=\"\" src=\"https:\/\/www.ffw-heubach.de\/wp-content\/uploads\/2021\/05\/DSC_7919.jpg\" style=\"object-position:40% 26%\" data-object-fit=\"cover\" data-object-position=\"40% 26%\" srcset=\"https:\/\/www.ffw-heubach.de\/wp-content\/uploads\/2021\/05\/DSC_7919.jpg 2000w, https:\/\/www.ffw-heubach.de\/wp-content\/uploads\/2021\/05\/DSC_7919-1620x1080.jpg 1620w, https:\/\/www.ffw-heubach.de\/wp-content\/uploads\/2021\/05\/DSC_7919-768x512.jpg 768w, https:\/\/www.ffw-heubach.de\/wp-content\/uploads\/2021\/05\/DSC_7919-1536x1024.jpg 1536w\" sizes=\"auto, (max-width: 2000px) 100vw, 2000px\" \/><div class=\"wp-block-cover__inner-container is-layout-flow wp-block-cover-is-layout-flow\">\n<p class=\"has-text-align-left has-text-color\" style=\"color:#fffffa;font-size:74px;line-height:1.1\">zu den <strong>FAQ<\/strong>s<\/p>\n\n\n\n<p class=\"has-white-color has-text-color\">Manche Fragen rund um die Jugendabteilung der Heubacher Feuerwehr begegnen uns immer wieder. Deshalb haben wir die h\u00e4ufigsten Fragen \u00fcbersichtlich zusammengestellt.<\/p>\n\n\n\n<div class=\"wp-block-buttons is-layout-flex wp-block-buttons-is-layout-flex\">\n<div class=\"wp-block-button\"><a class=\"wp-block-button__link has-black-color has-white-background-color has-text-color has-background wp-element-button\" href=\"https:\/\/www.ffw-heubach.de\/?page_id=1605\" style=\"border-radius:9px\">hier klicken<\/a><\/div>\n<\/div>\n<\/div><\/div>\n\n\n\n<hr class=\"wp-block-separator has-css-opacity\"\/>\n\n\n\n<figure class=\"wp-block-gallery has-nested-images columns-3 is-cropped wp-block-gallery-1 is-layout-flex wp-block-gallery-is-layout-flex\">\n<figure class=\"wp-block-image size-large\"><img loading=\"lazy\" decoding=\"async\" width=\"4974\" height=\"3333\" data-id=\"3226\" src=\"https:\/\/www.ffw-heubach.de\/wp-content\/uploads\/2019\/11\/BildergalerieJF1.jpg\" alt=\"\" class=\"wp-image-3226\" srcset=\"https:\/\/www.ffw-heubach.de\/wp-content\/uploads\/2019\/11\/BildergalerieJF1.jpg 4974w, https:\/\/www.ffw-heubach.de\/wp-content\/uploads\/2019\/11\/BildergalerieJF1-1612x1080.jpg 1612w, https:\/\/www.ffw-heubach.de\/wp-content\/uploads\/2019\/11\/BildergalerieJF1-768x515.jpg 768w\" sizes=\"auto, (max-width: 4974px) 100vw, 4974px\" \/><\/figure>\n\n\n\n<figure class=\"wp-block-image size-large\"><img loading=\"lazy\" decoding=\"async\" width=\"4974\" height=\"3333\" data-id=\"3227\" src=\"https:\/\/www.ffw-heubach.de\/wp-content\/uploads\/2019\/11\/BildergalerieJF2.jpg\" alt=\"\" class=\"wp-image-3227\" srcset=\"https:\/\/www.ffw-heubach.de\/wp-content\/uploads\/2019\/11\/BildergalerieJF2.jpg 4974w, https:\/\/www.ffw-heubach.de\/wp-content\/uploads\/2019\/11\/BildergalerieJF2-1612x1080.jpg 1612w, https:\/\/www.ffw-heubach.de\/wp-content\/uploads\/2019\/11\/BildergalerieJF2-768x515.jpg 768w\" sizes=\"auto, (max-width: 4974px) 100vw, 4974px\" \/><\/figure>\n\n\n\n<figure class=\"wp-block-image size-large\"><img loading=\"lazy\" decoding=\"async\" width=\"4974\" height=\"3333\" data-id=\"3228\" src=\"https:\/\/www.ffw-heubach.de\/wp-content\/uploads\/2019\/11\/BildergalerieJF3.jpg\" alt=\"\" class=\"wp-image-3228\" srcset=\"https:\/\/www.ffw-heubach.de\/wp-content\/uploads\/2019\/11\/BildergalerieJF3.jpg 4974w, https:\/\/www.ffw-heubach.de\/wp-content\/uploads\/2019\/11\/BildergalerieJF3-1612x1080.jpg 1612w, https:\/\/www.ffw-heubach.de\/wp-content\/uploads\/2019\/11\/BildergalerieJF3-768x515.jpg 768w\" sizes=\"auto, (max-width: 4974px) 100vw, 4974px\" \/><\/figure>\n\n\n\n<figure class=\"wp-block-image size-large\"><img loading=\"lazy\" decoding=\"async\" width=\"4974\" height=\"3333\" data-id=\"3229\" src=\"https:\/\/www.ffw-heubach.de\/wp-content\/uploads\/2019\/11\/BildergalerieJF4.jpg\" alt=\"\" class=\"wp-image-3229\" srcset=\"https:\/\/www.ffw-heubach.de\/wp-content\/uploads\/2019\/11\/BildergalerieJF4.jpg 4974w, https:\/\/www.ffw-heubach.de\/wp-content\/uploads\/2019\/11\/BildergalerieJF4-1612x1080.jpg 1612w, https:\/\/www.ffw-heubach.de\/wp-content\/uploads\/2019\/11\/BildergalerieJF4-768x515.jpg 768w\" sizes=\"auto, (max-width: 4974px) 100vw, 4974px\" \/><\/figure>\n\n\n\n<figure class=\"wp-block-image size-large\"><img loading=\"lazy\" decoding=\"async\" width=\"4974\" height=\"3333\" data-id=\"3230\" src=\"https:\/\/www.ffw-heubach.de\/wp-content\/uploads\/2019\/11\/BildergalerieJF5.jpg\" alt=\"\" class=\"wp-image-3230\" srcset=\"https:\/\/www.ffw-heubach.de\/wp-content\/uploads\/2019\/11\/BildergalerieJF5.jpg 4974w, https:\/\/www.ffw-heubach.de\/wp-content\/uploads\/2019\/11\/BildergalerieJF5-1612x1080.jpg 1612w, https:\/\/www.ffw-heubach.de\/wp-content\/uploads\/2019\/11\/BildergalerieJF5-768x515.jpg 768w\" sizes=\"auto, (max-width: 4974px) 100vw, 4974px\" \/><\/figure>\n\n\n\n<figure class=\"wp-block-image size-large\"><img loading=\"lazy\" decoding=\"async\" width=\"4974\" height=\"3333\" data-id=\"3231\" src=\"https:\/\/www.ffw-heubach.de\/wp-content\/uploads\/2019\/11\/BildergalerieJF6.jpg\" alt=\"\" class=\"wp-image-3231\" srcset=\"https:\/\/www.ffw-heubach.de\/wp-content\/uploads\/2019\/11\/BildergalerieJF6.jpg 4974w, https:\/\/www.ffw-heubach.de\/wp-content\/uploads\/2019\/11\/BildergalerieJF6-1612x1080.jpg 1612w, https:\/\/www.ffw-heubach.de\/wp-content\/uploads\/2019\/11\/BildergalerieJF6-768x515.jpg 768w\" sizes=\"auto, (max-width: 4974px) 100vw, 4974px\" \/><\/figure>\n\n\n\n<figure class=\"wp-block-image size-large\"><img loading=\"lazy\" decoding=\"async\" width=\"4974\" height=\"3333\" data-id=\"3232\" src=\"https:\/\/www.ffw-heubach.de\/wp-content\/uploads\/2019\/11\/BildergalerieJF7.jpg\" alt=\"\" class=\"wp-image-3232\" srcset=\"https:\/\/www.ffw-heubach.de\/wp-content\/uploads\/2019\/11\/BildergalerieJF7.jpg 4974w, https:\/\/www.ffw-heubach.de\/wp-content\/uploads\/2019\/11\/BildergalerieJF7-1612x1080.jpg 1612w, https:\/\/www.ffw-heubach.de\/wp-content\/uploads\/2019\/11\/BildergalerieJF7-768x515.jpg 768w\" sizes=\"auto, (max-width: 4974px) 100vw, 4974px\" \/><\/figure>\n\n\n\n<figure class=\"wp-block-image size-large\"><img loading=\"lazy\" decoding=\"async\" width=\"4974\" height=\"3333\" data-id=\"3233\" src=\"https:\/\/www.ffw-heubach.de\/wp-content\/uploads\/2019\/11\/BildergalerieJF8.jpg\" alt=\"\" class=\"wp-image-3233\" srcset=\"https:\/\/www.ffw-heubach.de\/wp-content\/uploads\/2019\/11\/BildergalerieJF8.jpg 4974w, https:\/\/www.ffw-heubach.de\/wp-content\/uploads\/2019\/11\/BildergalerieJF8-1612x1080.jpg 1612w, https:\/\/www.ffw-heubach.de\/wp-content\/uploads\/2019\/11\/BildergalerieJF8-768x515.jpg 768w\" sizes=\"auto, (max-width: 4974px) 100vw, 4974px\" \/><\/figure>\n\n\n\n<figure class=\"wp-block-image size-large\"><img loading=\"lazy\" decoding=\"async\" width=\"4974\" height=\"3333\" data-id=\"3234\" src=\"https:\/\/www.ffw-heubach.de\/wp-content\/uploads\/2019\/11\/BildergalerieJF9.jpg\" alt=\"\" class=\"wp-image-3234\" srcset=\"https:\/\/www.ffw-heubach.de\/wp-content\/uploads\/2019\/11\/BildergalerieJF9.jpg 4974w, https:\/\/www.ffw-heubach.de\/wp-content\/uploads\/2019\/11\/BildergalerieJF9-1612x1080.jpg 1612w, https:\/\/www.ffw-heubach.de\/wp-content\/uploads\/2019\/11\/BildergalerieJF9-768x515.jpg 768w\" sizes=\"auto, (max-width: 4974px) 100vw, 4974px\" \/><\/figure>\n\n\n\n<figure class=\"wp-block-image size-large\"><img loading=\"lazy\" decoding=\"async\" width=\"4974\" height=\"3333\" data-id=\"3235\" src=\"https:\/\/www.ffw-heubach.de\/wp-content\/uploads\/2019\/11\/BildergalerieJF10.jpg\" alt=\"\" class=\"wp-image-3235\" srcset=\"https:\/\/www.ffw-heubach.de\/wp-content\/uploads\/2019\/11\/BildergalerieJF10.jpg 4974w, https:\/\/www.ffw-heubach.de\/wp-content\/uploads\/2019\/11\/BildergalerieJF10-1612x1080.jpg 1612w, https:\/\/www.ffw-heubach.de\/wp-content\/uploads\/2019\/11\/BildergalerieJF10-768x515.jpg 768w\" sizes=\"auto, (max-width: 4974px) 100vw, 4974px\" \/><\/figure>\n\n\n\n<figure class=\"wp-block-image size-large\"><img loading=\"lazy\" decoding=\"async\" width=\"4974\" height=\"3333\" data-id=\"3236\" src=\"https:\/\/www.ffw-heubach.de\/wp-content\/uploads\/2019\/11\/BildergalerieJF11.jpg\" alt=\"\" class=\"wp-image-3236\" srcset=\"https:\/\/www.ffw-heubach.de\/wp-content\/uploads\/2019\/11\/BildergalerieJF11.jpg 4974w, https:\/\/www.ffw-heubach.de\/wp-content\/uploads\/2019\/11\/BildergalerieJF11-1612x1080.jpg 1612w, https:\/\/www.ffw-heubach.de\/wp-content\/uploads\/2019\/11\/BildergalerieJF11-768x515.jpg 768w\" sizes=\"auto, (max-width: 4974px) 100vw, 4974px\" \/><\/figure>\n\n\n\n<figure class=\"wp-block-image size-large\"><img loading=\"lazy\" decoding=\"async\" width=\"4974\" height=\"3333\" data-id=\"3237\" src=\"https:\/\/www.ffw-heubach.de\/wp-content\/uploads\/2019\/11\/BildergalerieJF12.jpg\" alt=\"\" class=\"wp-image-3237\" srcset=\"https:\/\/www.ffw-heubach.de\/wp-content\/uploads\/2019\/11\/BildergalerieJF12.jpg 4974w, https:\/\/www.ffw-heubach.de\/wp-content\/uploads\/2019\/11\/BildergalerieJF12-1612x1080.jpg 1612w, https:\/\/www.ffw-heubach.de\/wp-content\/uploads\/2019\/11\/BildergalerieJF12-768x515.jpg 768w\" sizes=\"auto, (max-width: 4974px) 100vw, 4974px\" \/><\/figure>\n<\/figure>\n\n\n\n<div class=\"wp-block-cover alignwide is-position-center-center\" style=\"min-height:131px;aspect-ratio:unset;\"><span aria-hidden=\"true\" class=\"wp-block-cover__background has-luminous-vivid-orange-background-color has-background-dim\"><\/span><img loading=\"lazy\" decoding=\"async\" width=\"2000\" height=\"1333\" class=\"wp-block-cover__image-background wp-image-4644\" alt=\"\" src=\"https:\/\/www.ffw-heubach.de\/wp-content\/uploads\/2021\/05\/DSC_7812.jpg\" style=\"object-position:33% 54%\" data-object-fit=\"cover\" data-object-position=\"33% 54%\" srcset=\"https:\/\/www.ffw-heubach.de\/wp-content\/uploads\/2021\/05\/DSC_7812.jpg 2000w, https:\/\/www.ffw-heubach.de\/wp-content\/uploads\/2021\/05\/DSC_7812-1620x1080.jpg 1620w, https:\/\/www.ffw-heubach.de\/wp-content\/uploads\/2021\/05\/DSC_7812-768x512.jpg 768w, https:\/\/www.ffw-heubach.de\/wp-content\/uploads\/2021\/05\/DSC_7812-1536x1024.jpg 1536w\" sizes=\"auto, (max-width: 2000px) 100vw, 2000px\" \/><div class=\"wp-block-cover__inner-container is-layout-flow wp-block-cover-is-layout-flow\">\n<div class=\"wp-block-buttons is-layout-flex wp-block-buttons-is-layout-flex\">\n<div class=\"wp-block-button\"><a class=\"wp-block-button__link has-black-color has-white-background-color has-text-color has-background wp-element-button\" href=\"https:\/\/www.ffw-heubach.de\/?page_id=1640\" style=\"border-radius:10px\">mehr Bilder<\/a><\/div>\n<\/div>\n<\/div><\/div>\n\n\n\n<hr class=\"wp-block-separator has-css-opacity\"\/>\n\n\n\n<h2 class=\"wp-block-heading has-text-align-center has-luminous-vivid-orange-color has-text-color\">Jetzt Mitglied werden | Gemeinsam! Feuer und Flamme!<\/h2>\n\n\n\n<p class=\"has-text-align-right has-luminous-vivid-orange-color has-text-color\">HEUBACHER<strong> JUGEND<\/strong>FEUERWEHR<\/p>\n","protected":false},"excerpt":{"rendered":"<p>Die sicherste und ergiebigste Nachwuchsquelle f\u00fcr die Einsatzabteilung stellt die Jugendfeuerwehr dar. Die 1988 gegr\u00fcndete Jugendabteilung der Feuerwehr Heubach bildet Kinder und Jugendliche im Alter zwischen 10 und 17 Jahren in allen T\u00e4tigkeitsfeldern der Feuerwehr aus. Die Jugendfeuerwehr betreibt neben der feuerwehrtechnischen Ausbildung aber auch allgemeine Jugendarbeit.&nbsp; So finden Sportturniere, Umweltschutzaktionen, Ausfl\u00fcge und Zeltlager ebenso [&hellip;]<\/p>\n","protected":false},"author":1,"featured_media":0,"parent":0,"menu_order":0,"comment_status":"closed","ping_status":"closed","template":"fullwidth.php","meta":{"jetpack_post_was_ever_published":false,"footnotes":""},"class_list":["post-1593","page","type-page","status-publish","hentry"],"jetpack_sharing_enabled":true,"jetpack_shortlink":"https:\/\/wp.me\/P9MGZH-pH","_links":{"self":[{"href":"https:\/\/www.ffw-heubach.de\/index.php?rest_route=\/wp\/v2\/pages\/1593","targetHints":{"allow":["GET"]}}],"collection":[{"href":"https:\/\/www.ffw-heubach.de\/index.php?rest_route=\/wp\/v2\/pages"}],"about":[{"href":"https:\/\/www.ffw-heubach.de\/index.php?rest_route=\/wp\/v2\/types\/page"}],"author":[{"embeddable":true,"href":"https:\/\/www.ffw-heubach.de\/index.php?rest_route=\/wp\/v2\/users\/1"}],"replies":[{"embeddable":true,"href":"https:\/\/www.ffw-heubach.de\/index.php?rest_route=%2Fwp%2Fv2%2Fcomments&post=1593"}],"version-history":[{"count":64,"href":"https:\/\/www.ffw-heubach.de\/index.php?rest_route=\/wp\/v2\/pages\/1593\/revisions"}],"predecessor-version":[{"id":6794,"href":"https:\/\/www.ffw-heubach.de\/index.php?rest_route=\/wp\/v2\/pages\/1593\/revisions\/6794"}],"wp:attachment":[{"href":"https:\/\/www.ffw-heubach.de\/index.php?rest_route=%2Fwp%2Fv2%2Fmedia&parent=1593"}],"curies":[{"name":"wp","href":"https:\/\/api.w.org\/{rel}","templated":true}]}}