{"id":1496,"date":"2018-01-31T17:59:21","date_gmt":"2018-01-31T17:59:21","guid":{"rendered":"http:\/\/www.ffw-heubach.de\/?page_id=1496"},"modified":"2021-04-27T08:50:31","modified_gmt":"2021-04-27T06:50:31","slug":"aufgaben","status":"publish","type":"page","link":"https:\/\/www.ffw-heubach.de\/?page_id=1496","title":{"rendered":"Aufgaben"},"content":{"rendered":"\n<figure class=\"wp-block-image size-large is-style-default\"><a href=\"https:\/\/www.feuerwehrversand.de\/\"><img loading=\"lazy\" decoding=\"async\" width=\"560\" height=\"567\" src=\"https:\/\/www.ffw-heubach.de\/wp-content\/uploads\/2021\/04\/Signet-560x0-c-default.jpg\" alt=\"\" class=\"wp-image-4479\"\/><\/a><figcaption>\u00a9 Versandhaus des Deutschen Feuerwehrverbandes GmbH<\/figcaption><\/figure>\n\n\n<p>Der Leitsatz der deutschen Feuerwehren:<\/p>\n<p>Retten \u2013 L\u00f6schen \u2013 Bergen \u2013 Sch\u00fctzen<\/p>\n<hr \/>\n<h3>Retten<\/h3>\n<p>Die wichtigste Aufgabe der Feuerwehr besteht in der Abwendung von lebensbedrohlichen Gefahren f\u00fcr Menschen und Tiere, sei es durch Feuer, \u00dcberschwemmungen, einen Unfall, uvm.<\/p>\n<hr \/>\n<h3>L\u00f6schen<\/h3>\n<p>Die Feuerwehr ist im abwehrenden Brandschutz (Bek\u00e4mpfung von Schadensfeuern) t\u00e4tig.<br \/>Auch der vorbeugenden Brandschutz (Brandschutzerziehung, baulicher Brandschutz&#8230;) geh\u00f6rt zu ihren Aufgaben.<\/p>\n<hr \/>\n<h3>Bergen<\/h3>\n<p>Auch das Bergen von Sachg\u00fctern z.B. bei Hochwasser, technische Hilfeleistungen wie z. B. das Auspumpen von Kellern, Hilfe bei Verkehrsunf\u00e4llen und Unwettern geh\u00f6rt zu ihrem Aufgabenbereich.<\/p>\n<hr \/>\n<h3>Sch\u00fctzen<\/h3>\n<p>Die Feuerwehr wehrt Gefahren f\u00fcr die Umwelt ab und betreibt aktiven Umweltschutz z. B. mit der Eind\u00e4mmung von \u00d6lunf\u00e4llen und mit der Beseitigung von \u00d6lspuren auf Stra\u00dfen.<br \/>Weiterhin geh\u00f6ren zu unseren T\u00e4tigkeiten:<\/p>\n<ul>\n<li>Mitwirken im Katastrophenschutz<\/li>\n<li>Hilfeleistung bei \u00f6ffentlichen Notst\u00e4nden<\/li>\n<\/ul>\n<p>\u00a0<\/p>\n<p>\u00a0<\/p>\n<p>\u00a0<\/p>\n<hr \/>\n<p>\u00a0<\/p>","protected":false},"excerpt":{"rendered":"<p>Der Leitsatz der deutschen Feuerwehren: Retten \u2013 L\u00f6schen \u2013 Bergen \u2013 Sch\u00fctzen Retten Die wichtigste Aufgabe der Feuerwehr besteht in der Abwendung von lebensbedrohlichen Gefahren f\u00fcr Menschen und Tiere, sei es durch Feuer, \u00dcberschwemmungen, einen Unfall, uvm. L\u00f6schen Die Feuerwehr ist im abwehrenden Brandschutz (Bek\u00e4mpfung von Schadensfeuern) t\u00e4tig.Auch der vorbeugenden Brandschutz (Brandschutzerziehung, baulicher Brandschutz&#8230;) geh\u00f6rt [&hellip;]<\/p>\n","protected":false},"author":1,"featured_media":0,"parent":0,"menu_order":0,"comment_status":"closed","ping_status":"closed","template":"","meta":{"jetpack_post_was_ever_published":false,"footnotes":""},"class_list":["post-1496","page","type-page","status-publish","hentry"],"jetpack_sharing_enabled":true,"jetpack_shortlink":"https:\/\/wp.me\/P9MGZH-o8","_links":{"self":[{"href":"https:\/\/www.ffw-heubach.de\/index.php?rest_route=\/wp\/v2\/pages\/1496","targetHints":{"allow":["GET"]}}],"collection":[{"href":"https:\/\/www.ffw-heubach.de\/index.php?rest_route=\/wp\/v2\/pages"}],"about":[{"href":"https:\/\/www.ffw-heubach.de\/index.php?rest_route=\/wp\/v2\/types\/page"}],"author":[{"embeddable":true,"href":"https:\/\/www.ffw-heubach.de\/index.php?rest_route=\/wp\/v2\/users\/1"}],"replies":[{"embeddable":true,"href":"https:\/\/www.ffw-heubach.de\/index.php?rest_route=%2Fwp%2Fv2%2Fcomments&post=1496"}],"version-history":[{"count":6,"href":"https:\/\/www.ffw-heubach.de\/index.php?rest_route=\/wp\/v2\/pages\/1496\/revisions"}],"predecessor-version":[{"id":4488,"href":"https:\/\/www.ffw-heubach.de\/index.php?rest_route=\/wp\/v2\/pages\/1496\/revisions\/4488"}],"wp:attachment":[{"href":"https:\/\/www.ffw-heubach.de\/index.php?rest_route=%2Fwp%2Fv2%2Fmedia&parent=1496"}],"curies":[{"name":"wp","href":"https:\/\/api.w.org\/{rel}","templated":true}]}}