{"id":1295,"date":"2017-12-08T19:28:31","date_gmt":"2017-12-08T19:28:31","guid":{"rendered":"http:\/\/web.feuerwehr-heubach.de\/?page_id=1295"},"modified":"2021-05-27T12:43:07","modified_gmt":"2021-05-27T10:43:07","slug":"gesamtwehr","status":"publish","type":"page","link":"https:\/\/www.ffw-heubach.de\/?page_id=1295","title":{"rendered":"Gesamtwehr"},"content":{"rendered":"<p class=\"text-bold\">Die Feuerwehr Heubach ist f\u00fcr die Sicherheit der B\u00fcrgerinnen und B\u00fcrger in Heubach rund um die Uhr alarmierbar. \u00dcber 100 Mitglieder stehen bereit um schnell und kompetent Hilfe in Notlagen leisten zu k\u00f6nnen.<\/p>\n<p class=\"text-bold\"><span class=\"text-bold-blau\">Die Gesamtwehr ist in vier Abteilungen untergliedert:<\/span><\/p>\n<ul>\n<li><a href=\"http:\/\/web.feuerwehr-heubach.de\/?page_id=1289\">Einsatzabteilung Heubach<\/a><\/li>\n<li>Einsatzabteilung Lautern<\/li>\n<li><a href=\"http:\/\/web.feuerwehr-heubach.de\/?page_id=14\">Jugendfeuerwehr<\/a><\/li>\n<li><a href=\"http:\/\/web.feuerwehr-heubach.de\/?page_id=61\">Altersabteilung<\/a><\/li>\n<\/ul>\n<div id=\"attachment_1329\" style=\"width: 1034px\" class=\"wp-caption alignnone\"><img loading=\"lazy\" decoding=\"async\" aria-describedby=\"caption-attachment-1329\" class=\"wp-image-1329 size-large\" src=\"http:\/\/web.feuerwehr-heubach.de\/wp-content\/uploads\/2017\/12\/DSC_6059-1024x683.jpg\" alt=\"\" width=\"1024\" height=\"683\" srcset=\"https:\/\/www.ffw-heubach.de\/wp-content\/uploads\/2017\/12\/DSC_6059-1024x683.jpg 1024w, https:\/\/www.ffw-heubach.de\/wp-content\/uploads\/2017\/12\/DSC_6059-300x200.jpg 300w, https:\/\/www.ffw-heubach.de\/wp-content\/uploads\/2017\/12\/DSC_6059-768x512.jpg 768w\" sizes=\"auto, (max-width: 1024px) 100vw, 1024px\" \/><p id=\"caption-attachment-1329\" class=\"wp-caption-text\">Gruppenfoto Gesamtwehr.<br \/>Bild: Marius Bulling<\/p><\/div>\n<div id=\"attachment_4501\" style=\"width: 1630px\" class=\"wp-caption alignnone\"><img loading=\"lazy\" decoding=\"async\" aria-describedby=\"caption-attachment-4501\" class=\"wp-image-4501 size-medium\" src=\"https:\/\/www.ffw-heubach.de\/wp-content\/uploads\/2021\/05\/Gesamtfu\u0308hrung-1620x1080.jpg\" alt=\"\" width=\"1620\" height=\"1080\" srcset=\"https:\/\/www.ffw-heubach.de\/wp-content\/uploads\/2021\/05\/Gesamtfu\u0308hrung-1620x1080.jpg 1620w, https:\/\/www.ffw-heubach.de\/wp-content\/uploads\/2021\/05\/Gesamtfu\u0308hrung-768x512.jpg 768w, https:\/\/www.ffw-heubach.de\/wp-content\/uploads\/2021\/05\/Gesamtfu\u0308hrung-1536x1024.jpg 1536w, https:\/\/www.ffw-heubach.de\/wp-content\/uploads\/2021\/05\/Gesamtfu\u0308hrung.jpg 2000w\" sizes=\"auto, (max-width: 1620px) 100vw, 1620px\" \/><p id=\"caption-attachment-4501\" class=\"wp-caption-text\">Feuerwehrkommandant Heinz Pfisterer mit seinen beiden Stellvertretern Oberbrandmeister Stephan Kuhn und Oberbrandmeister Volker Behringer (von links).<\/p><\/div>\n","protected":false},"excerpt":{"rendered":"<p>Die Feuerwehr Heubach ist f\u00fcr die Sicherheit der B\u00fcrgerinnen und B\u00fcrger in Heubach rund um die Uhr alarmierbar. \u00dcber 100 Mitglieder stehen bereit um schnell und kompetent Hilfe in Notlagen leisten zu k\u00f6nnen. Die Gesamtwehr ist in vier Abteilungen untergliedert: Einsatzabteilung Heubach Einsatzabteilung Lautern Jugendfeuerwehr Altersabteilung<\/p>\n","protected":false},"author":1,"featured_media":0,"parent":0,"menu_order":0,"comment_status":"closed","ping_status":"closed","template":"","meta":{"jetpack_post_was_ever_published":false,"footnotes":""},"class_list":["post-1295","page","type-page","status-publish","hentry"],"jetpack_sharing_enabled":true,"jetpack_shortlink":"https:\/\/wp.me\/P9MGZH-kT","_links":{"self":[{"href":"https:\/\/www.ffw-heubach.de\/index.php?rest_route=\/wp\/v2\/pages\/1295","targetHints":{"allow":["GET"]}}],"collection":[{"href":"https:\/\/www.ffw-heubach.de\/index.php?rest_route=\/wp\/v2\/pages"}],"about":[{"href":"https:\/\/www.ffw-heubach.de\/index.php?rest_route=\/wp\/v2\/types\/page"}],"author":[{"embeddable":true,"href":"https:\/\/www.ffw-heubach.de\/index.php?rest_route=\/wp\/v2\/users\/1"}],"replies":[{"embeddable":true,"href":"https:\/\/www.ffw-heubach.de\/index.php?rest_route=%2Fwp%2Fv2%2Fcomments&post=1295"}],"version-history":[{"count":15,"href":"https:\/\/www.ffw-heubach.de\/index.php?rest_route=\/wp\/v2\/pages\/1295\/revisions"}],"predecessor-version":[{"id":4693,"href":"https:\/\/www.ffw-heubach.de\/index.php?rest_route=\/wp\/v2\/pages\/1295\/revisions\/4693"}],"wp:attachment":[{"href":"https:\/\/www.ffw-heubach.de\/index.php?rest_route=%2Fwp%2Fv2%2Fmedia&parent=1295"}],"curies":[{"name":"wp","href":"https:\/\/api.w.org\/{rel}","templated":true}]}}