{"id":1277,"date":"2017-12-06T17:43:59","date_gmt":"2017-12-06T17:43:59","guid":{"rendered":"http:\/\/web.feuerwehr-heubach.de\/?page_id=1277"},"modified":"2017-12-06T17:44:53","modified_gmt":"2017-12-06T17:44:53","slug":"schutzausruestung","status":"publish","type":"page","link":"https:\/\/www.ffw-heubach.de\/?page_id=1277","title":{"rendered":"Schutzausr\u00fcstung"},"content":{"rendered":"<p>Um den Feuerwehrleuten Schutz zu bieten, tr\u00e4gt jedes Mitglied der Feuerwehr bei Eins\u00e4tzen seine pers\u00f6nliche Schutzausr\u00fcstung.<\/p>\n<p>Diese umfasst:<\/p>\n<p>&#8211; Feuerwehrjacke<br \/>\n&#8211; Feuerwehr\u00fcberhose<br \/>\n&#8211; Helm<br \/>\n&#8211; Handschuhe<br \/>\n&#8211; Stiefel<\/p>\n<p>Je nach Einsatzfall wird die Ausr\u00fcstung noch erg\u00e4nzt.<\/p>\n<p>&nbsp;<\/p>\n","protected":false},"excerpt":{"rendered":"<p>Um den Feuerwehrleuten Schutz zu bieten, tr\u00e4gt jedes Mitglied der Feuerwehr bei Eins\u00e4tzen seine pers\u00f6nliche Schutzausr\u00fcstung. Diese umfasst: &#8211; Feuerwehrjacke &#8211; Feuerwehr\u00fcberhose &#8211; Helm &#8211; Handschuhe &#8211; Stiefel Je nach Einsatzfall wird die Ausr\u00fcstung noch erg\u00e4nzt. &nbsp;<\/p>\n","protected":false},"author":1,"featured_media":0,"parent":0,"menu_order":0,"comment_status":"closed","ping_status":"closed","template":"","meta":{"jetpack_post_was_ever_published":false,"footnotes":""},"class_list":["post-1277","page","type-page","status-publish","hentry"],"jetpack_sharing_enabled":true,"jetpack_shortlink":"https:\/\/wp.me\/P9MGZH-kB","_links":{"self":[{"href":"https:\/\/www.ffw-heubach.de\/index.php?rest_route=\/wp\/v2\/pages\/1277","targetHints":{"allow":["GET"]}}],"collection":[{"href":"https:\/\/www.ffw-heubach.de\/index.php?rest_route=\/wp\/v2\/pages"}],"about":[{"href":"https:\/\/www.ffw-heubach.de\/index.php?rest_route=\/wp\/v2\/types\/page"}],"author":[{"embeddable":true,"href":"https:\/\/www.ffw-heubach.de\/index.php?rest_route=\/wp\/v2\/users\/1"}],"replies":[{"embeddable":true,"href":"https:\/\/www.ffw-heubach.de\/index.php?rest_route=%2Fwp%2Fv2%2Fcomments&post=1277"}],"version-history":[{"count":4,"href":"https:\/\/www.ffw-heubach.de\/index.php?rest_route=\/wp\/v2\/pages\/1277\/revisions"}],"predecessor-version":[{"id":1286,"href":"https:\/\/www.ffw-heubach.de\/index.php?rest_route=\/wp\/v2\/pages\/1277\/revisions\/1286"}],"wp:attachment":[{"href":"https:\/\/www.ffw-heubach.de\/index.php?rest_route=%2Fwp%2Fv2%2Fmedia&parent=1277"}],"curies":[{"name":"wp","href":"https:\/\/api.w.org\/{rel}","templated":true}]}}