{"id":1274,"date":"2017-12-06T17:15:04","date_gmt":"2017-12-06T17:15:04","guid":{"rendered":"http:\/\/web.feuerwehr-heubach.de\/?page_id=1274"},"modified":"2021-06-19T00:23:16","modified_gmt":"2021-06-18T22:23:16","slug":"alarmierung","status":"publish","type":"page","link":"https:\/\/www.ffw-heubach.de\/?page_id=1274","title":{"rendered":"Ablauf"},"content":{"rendered":"<p><strong><span class=\"h4-grau\">1. Meldung bei der Leitstelle\u00a0<\/span><\/strong><br \/>Nach Anwahl der Notrufnummer 112 gelangt der Anrufer in die IRLS Ostw\u00fcrttemberg in Aalen. Hier erfragt der Leitstellendisponent folgende Punkte:<\/p>\n<p>&#8211; Wo ist es passiert?<\/p>\n<p>&#8211; Was ist genau passiert?<\/p>\n<p>&#8211; Wie viele Personen sind verletzt?<\/p>\n<p>&#8211; Welche Verletzungen liegen vor?<\/p>\n<p>&#8211; Warten auf eventuelle R\u00fcckfragen<\/p>\n<p><strong><span class=\"h4-grau\">2. Bestimmung der ben\u00f6tigten Kr\u00e4fte<\/span><\/strong><br \/>Anhand des Notrufes bestimmt der Leitstellendisponent aufgrund vorliegender Alarm- und Ausr\u00fcckeordnungen welche Kr\u00e4fte alarmiert werden und l\u00f6st den Alarm aus.<\/p>\n<p><strong><span class=\"h4-grau\">3. Ausl\u00f6sen der Piepser<\/span><\/strong><br \/>Jedes Mitglied der Einsatzabteilung tr\u00e4gt 24h einen Digitalen Funkmeldeempf\u00e4nger (DME) bei sich. Dieser empf\u00e4ngt ununterbrochen auf einer bestimmten Frequenz und wird beim Empfang eines genau definierten Codes aktiviert. Dieser Code wird in digitalen Systemen als RIC \u00fcbertragen. Der Feuerwehrangeh\u00f6rige kann durch das am Meldeempf\u00e4nger befindliche Display bereits erste Einsatzdetails wie Einsatzart, Einsatzort und Einsatzstufe ablesen.\u00a0<\/p>\n<p><strong><span class=\"h4-grau\">4. Anfahrt zum Ger\u00e4tehaus<\/span><\/strong><br \/>Egal ob beim Schlaf, Mittagessen, auf der Couch oder bei der Arbeit lassen die Feuerwehrleute jetzt alles stehen und liegen und rennen oder fahren zum Ger\u00e4tehaus, wo sie sich innerhalb von Sekunden die Schutzkleidung anlegen.<\/p>\n<p><strong><span class=\"h4-grau\">5. Anfahrt zur Einsatzstelle<\/span><\/strong><br \/>Im Ger\u00e4tehaus erhalten die Feuerwehrleute \u00fcber Funk n\u00e4here Informationen zu Einsatzart und Einsatzort. Bereits 3 bis 4 Minuten nach dem Alarm verlassen die ersten Fahrzeuge das Ger\u00e4tehaus.<\/p>\n<hr \/>\n\n\n<figure class=\"wp-block-embed is-type-video is-provider-youtube wp-block-embed-youtube wp-embed-aspect-16-9 wp-has-aspect-ratio\"><div class=\"wp-block-embed__wrapper\">\n<span class=\"embed-youtube\" style=\"text-align:center; display: block;\"><iframe loading=\"lazy\" class=\"youtube-player\" width=\"640\" height=\"360\" src=\"https:\/\/www.youtube.com\/embed\/arHyGB8KtEE?version=3&#038;rel=1&#038;showsearch=0&#038;showinfo=1&#038;iv_load_policy=1&#038;fs=1&#038;hl=de-DE&#038;autohide=2&#038;wmode=transparent\" allowfullscreen=\"true\" style=\"border:0;\" sandbox=\"allow-scripts allow-same-origin allow-popups allow-presentation allow-popups-to-escape-sandbox\"><\/iframe><\/span>\n<\/div><\/figure>\n","protected":false},"excerpt":{"rendered":"<p>1. Meldung bei der Leitstelle\u00a0Nach Anwahl der Notrufnummer 112 gelangt der Anrufer in die IRLS Ostw\u00fcrttemberg in Aalen. Hier erfragt der Leitstellendisponent folgende Punkte: &#8211; Wo ist es passiert? &#8211; Was ist genau passiert? &#8211; Wie viele Personen sind verletzt? &#8211; Welche Verletzungen liegen vor? &#8211; Warten auf eventuelle R\u00fcckfragen 2. Bestimmung der ben\u00f6tigten Kr\u00e4fteAnhand [&hellip;]<\/p>\n","protected":false},"author":1,"featured_media":0,"parent":0,"menu_order":0,"comment_status":"closed","ping_status":"closed","template":"","meta":{"jetpack_post_was_ever_published":false,"footnotes":""},"class_list":["post-1274","page","type-page","status-publish","hentry"],"jetpack_sharing_enabled":true,"jetpack_shortlink":"https:\/\/wp.me\/P9MGZH-ky","_links":{"self":[{"href":"https:\/\/www.ffw-heubach.de\/index.php?rest_route=\/wp\/v2\/pages\/1274","targetHints":{"allow":["GET"]}}],"collection":[{"href":"https:\/\/www.ffw-heubach.de\/index.php?rest_route=\/wp\/v2\/pages"}],"about":[{"href":"https:\/\/www.ffw-heubach.de\/index.php?rest_route=\/wp\/v2\/types\/page"}],"author":[{"embeddable":true,"href":"https:\/\/www.ffw-heubach.de\/index.php?rest_route=\/wp\/v2\/users\/1"}],"replies":[{"embeddable":true,"href":"https:\/\/www.ffw-heubach.de\/index.php?rest_route=%2Fwp%2Fv2%2Fcomments&post=1274"}],"version-history":[{"count":11,"href":"https:\/\/www.ffw-heubach.de\/index.php?rest_route=\/wp\/v2\/pages\/1274\/revisions"}],"predecessor-version":[{"id":4778,"href":"https:\/\/www.ffw-heubach.de\/index.php?rest_route=\/wp\/v2\/pages\/1274\/revisions\/4778"}],"wp:attachment":[{"href":"https:\/\/www.ffw-heubach.de\/index.php?rest_route=%2Fwp%2Fv2%2Fmedia&parent=1274"}],"curies":[{"name":"wp","href":"https:\/\/api.w.org\/{rel}","templated":true}]}}